{"id":16994,"date":"2024-11-01T12:53:31","date_gmt":"2024-11-01T12:53:31","guid":{"rendered":"https:\/\/tervisetoode.ee\/tellimisinfo\/"},"modified":"2025-09-23T06:40:11","modified_gmt":"2025-09-23T06:40:11","slug":"ehdot","status":"publish","type":"page","link":"https:\/\/tervisetoode.ee\/fi\/ehdot\/","title":{"rendered":"Ehdot"},"content":{"rendered":"\n<p class=\"wp-el\">Tervisetoode.ee verkkokaupan toimitusehdot<\/p>\n\n\n\n<p class=\"wp-el\"><strong>Toimitus on ilmainen yli 69\u20ac tilauksille kun valitset toimitustavaski pakettiautomaatti!<\/strong><\/p>\n\n\n\n<h2 class=\"wp-block-heading wp-el\"><strong>Myyntiehdot<\/strong><\/h2>\n\n\n\n<p class=\"wp-el\">Tuotteita myyd\u00e4\u00e4n ennakkolaskulla. Tilausta ruvettaan k\u00e4sittelemaan laskun maksun j\u00e4lkeen.<\/p>\n\n\n\n<p class=\"wp-el\">K\u00e4yt\u00f6ss\u00e4si olevat vaihtoehdot ovat Lasku ja verkkopankit ja luottokortit .<\/p>\n\n\n\n<h2 class=\"wp-block-heading wp-el\"><strong>Toimitus<\/strong><\/h2>\n\n\n\n<p class=\"wp-el\">Toimitamme tuotteita Manner-Suomeen. Hintoihin lis\u00e4t\u00e4\u00e4n toimituskulut valitun toimitustavan mukaisesti. Toimitamme tuotteet Suomessa Postin v\u00e4lityksell\u00e4: Postin pakettiautomaatti (entinen SmartPOST), kotiinkuljetus.<\/p>\n\n\n\n<p class=\"wp-el\">Mik\u00e4li joudumme olosuhteiden pakosta poikkeamaan em. toimituslupauksesta, otamme sinuun yhteytt\u00e4 puhelimitse tai s\u00e4hk\u00f6postitse.<\/p>\n\n\n\n<p class=\"wp-el\">Toimitamme tuotteet p\u00e4\u00e4s\u00e4\u00e4nt\u00f6isesti 3-5 ty\u00f6p\u00e4iv\u00e4n sis\u00e4ll\u00e4 laskunmaksun suorituksesta. Toimituksen viiv\u00e4styess\u00e4 olemme viipym\u00e4tt\u00e4 asiakkaaseen yhteydess\u00e4. Tilaustavaran toimitusaika ilmoitetaan asiakalle s-postin v\u00e4lityksell\u00e4. Pid\u00e4t\u00e4mme oikeuden purkaa kauppa mik\u00e4li tilaamasi tuote ei ole saatavilla.<\/p>\n\n\n\n<h2 class=\"wp-block-heading wp-el\"><strong>Reklamaatiot<\/strong><\/h2>\n\n\n\n<p class=\"wp-el\">Jos tuote on kuljetuksessa vahingoittunut, teh\u00e4\u00e4n reklamaatio suora meille. Hyvitys vahingoitusta tuotteesta suoritetaan &nbsp;3-5 arkip\u00e4iv\u00e4n kuluessa.<\/p>\n\n\n\n<h2 class=\"wp-block-heading wp-el\"><strong>Vaihto- ja palautusoikeus<\/strong><\/h2>\n\n\n\n<p class=\"wp-el\">Tuotteilla on 14 vrk vaihto- ja palautusoikeus.<\/p>\n\n\n\n<p class=\"wp-el\">Tuoteiden palautus tapahtuu alkuper\u00e4isessa pakkauksessa. Mik\u00e4li pakkaus on rikkoutunut tai puuttuu kokonaan, sovitaan palautettavan hyvityksen m\u00e4\u00e4r\u00e4 asiakkaan kanssa. Jos tavara on olennaisesti muuttunut tai v\u00e4hentynyt, kuluttajalla ei ole oikeutta saada takaisin koko maksamaansa summaa.<\/p>\n\n\n\n<p class=\"wp-el\">Jos kuluttaja peruuttaa kaupan, tavara on palautettava viimeist\u00e4\u00e4n 14 p\u00e4iv\u00e4n kuluttua peruuttamisilmoituksen tekemisest\u00e4. Kuluttajan vastuulla on tarvittaessa n\u00e4ytt\u00e4\u00e4 toteen, ett\u00e4 tavara on palautettu m\u00e4\u00e4r\u00e4ajassa, esimerkiksi palautuskuitilla. Kuluttajan on maksettava palauttamisesta aiheutuvat kustannukset, jos yritys ei ole sitoutunut vastaamaan niist\u00e4.<\/p>\n\n\n\n<p class=\"wp-el\">Asiakkaalla on huolenpitovastuu tuotteesta siihen asti, kunnes asiakas on p\u00e4\u00e4tt\u00e4nyt pit\u00e4\u00e4 tuotteen..<\/p>\n\n\n\n<p class=\"wp-el\">Asiakas kehotetaan ottamaan kaikissa ongelma- tai virhetilanteissa viipym\u00e4tt\u00e4 yhteytt\u00e4 asiakaspalveluun:<\/p>\n\n\n\n<p class=\"wp-el\">(s\u00e4hk\u00f6posti: <a href=\"mailto:info@tervisetoode.ee\"><strong>info@tervisetoode.ee<\/strong><\/a>, puhelin:\u00a0<strong><a href=\"tel:3725099863\">+372 509 9863<\/a><\/strong>\u00a0; ma-pe klo 9-17).<\/p>\n","protected":false},"excerpt":{"rendered":"<p>Tervisetoode.ee verkkokaupan toimitusehdot Toimitus on ilmainen yli 69\u20ac tilauksille kun valitset toimitustavaski pakettiautomaatti! Myyntiehdot Tuotteita myyd\u00e4\u00e4n ennakkolaskulla. Tilausta ruvettaan k\u00e4sittelemaan&#8230;<\/p>\n","protected":false},"author":1,"featured_media":0,"parent":0,"menu_order":50,"comment_status":"closed","ping_status":"closed","template":"","meta":{"_acf_changed":false,"footnotes":""},"class_list":["post-16994","page","type-page","status-publish","hentry"],"acf":[],"_links":{"self":[{"href":"https:\/\/tervisetoode.ee\/fi\/wp-json\/wp\/v2\/pages\/16994","targetHints":{"allow":["GET"]}}],"collection":[{"href":"https:\/\/tervisetoode.ee\/fi\/wp-json\/wp\/v2\/pages"}],"about":[{"href":"https:\/\/tervisetoode.ee\/fi\/wp-json\/wp\/v2\/types\/page"}],"author":[{"embeddable":true,"href":"https:\/\/tervisetoode.ee\/fi\/wp-json\/wp\/v2\/users\/1"}],"replies":[{"embeddable":true,"href":"https:\/\/tervisetoode.ee\/fi\/wp-json\/wp\/v2\/comments?post=16994"}],"version-history":[{"count":0,"href":"https:\/\/tervisetoode.ee\/fi\/wp-json\/wp\/v2\/pages\/16994\/revisions"}],"wp:attachment":[{"href":"https:\/\/tervisetoode.ee\/fi\/wp-json\/wp\/v2\/media?parent=16994"}],"curies":[{"name":"wp","href":"https:\/\/api.w.org\/{rel}","templated":true}]}}