{"id":10380,"date":"2016-05-05T22:38:04","date_gmt":"2016-05-05T22:38:04","guid":{"rendered":"https:\/\/tervisetoode.ee\/?post_type=product&#038;p=10380"},"modified":"2025-10-02T14:28:37","modified_gmt":"2025-10-02T14:28:37","slug":"msm-jauhe-1kg","status":"publish","type":"product","link":"https:\/\/tervisetoode.ee\/fi\/toode\/msm-jauhe-1kg\/","title":{"rendered":"MSM-jauhe 1kg (945)  Loppuunmyynti!"},"content":{"rendered":"<h4>MSM-jauhe (metyyli sulfonyyli metaani)<\/h4>\n<p><strong>Loppuunmyynti! <\/strong><\/p>\n<h2><span style=\"color: #ff0000;\"><strong>\u2013 30%<\/strong><\/span><\/h2>\n<p>Parasta ennen:\u00a0 23.08.26<\/p>\n<p>on orgaaninen rikki, joka on ihmiskehossa luonnostaan esiintyv\u00e4 yhdiste. Puhtaassa muodossaan se on tuoksuton valkoinen kidem\u00e4inen aine, jolla on hiukan kitker\u00e4 maku. Kohtuullisina pitoisuuksina esiintyess\u00e4\u00e4n kehossa se auttaa varmistamaan kehon erilaisten toimintojen oikeanlaisen toiminnan mukaan lukien terveen ihon, kynsien ja hiusten kehittymisen. Korkeampina pitoisuuksina se voi vaikuttaa l\u00e4\u00e4kkeen omaisen aktiivisena toimijana monenlaisissa tapauksissa: allergioiden ja astman hoidossa, loisten ehk\u00e4isyss\u00e4, ruuansulatush\u00e4iri\u00f6iss\u00e4, niveltulehduksissa, lihasarkuuden ja kramppien poistamisessa. Joidenkin tutkimusten mukaan sill\u00e4 olisi k\u00e4ytt\u00f6\u00e4 my\u00f6s diabeteksen, mielialah\u00e4iri\u00f6iden ja muillakin k\u00e4ytt\u00f6aloilla.<\/p>\n<h4><span style=\"font-family: arial, helvetica, sans-serif;\"><strong>MSM k\u00e4ytt\u00f6\u00a0<\/strong><\/span><\/h4>\n<p><span style=\"font-family: arial, helvetica, sans-serif;\">Aloita k\u00e4ytt\u00f6 hiljalleen, lis\u00e4\u00e4m\u00e4ll\u00e4 puhtaaseen veteen 1\/2 teelusikallista. Nosta annostusta hiljalleen yl\u00f6sp\u00e4in aina 1 ruokalusikalliseen asti.\u00a0<\/span><\/p>\n<p>Suositeltua annostusta ei saa ylitt\u00e4\u00e4. Tuote on s\u00e4ilytett\u00e4v\u00e4 lasten ulottumattomissa. Ravintolis\u00e4 ei korvaa monipuolista ruokavaliota.<\/p>\n<p>27.00 \u20ac\/kg<\/p>\n<p>Alennushinta:\u00a0 18.90 \u20ac\/kg<\/p>\n","protected":false},"excerpt":{"rendered":"<p>MSM-jauhe (metyyli sulfonyyli metaani) Loppuunmyynti! \u2013 30% Parasta ennen:\u00a0 23.08.26 on orgaaninen rikki, joka on ihmiskehossa luonnostaan esiintyv\u00e4 yhdiste. Puhtaassa&#8230;<\/p>\n","protected":false},"featured_media":9641,"comment_status":"closed","ping_status":"closed","template":"","meta":{"_acf_changed":false},"pwb-brand":[371],"product_brand":[],"product_cat":[378,379,203],"product_tag":[],"class_list":{"0":"post-10380","1":"product","2":"type-product","3":"status-publish","4":"has-post-thumbnail","6":"pwb-brand-tervisetooted-fi","7":"product_cat-tarjoukset","8":"product_cat-loppuunmyynti","9":"product_cat-ravintolisat","11":"first","12":"instock","13":"sale","14":"shipping-taxable","15":"purchasable","16":"product-type-simple"},"acf":[],"brands":[{"id":371,"name":"Tervisetooted","slug":"tervisetooted-fi"}],"_links":{"self":[{"href":"https:\/\/tervisetoode.ee\/fi\/wp-json\/wp\/v2\/product\/10380","targetHints":{"allow":["GET"]}}],"collection":[{"href":"https:\/\/tervisetoode.ee\/fi\/wp-json\/wp\/v2\/product"}],"about":[{"href":"https:\/\/tervisetoode.ee\/fi\/wp-json\/wp\/v2\/types\/product"}],"replies":[{"embeddable":true,"href":"https:\/\/tervisetoode.ee\/fi\/wp-json\/wp\/v2\/comments?post=10380"}],"wp:featuredmedia":[{"embeddable":true,"href":"https:\/\/tervisetoode.ee\/fi\/wp-json\/wp\/v2\/media\/9641"}],"wp:attachment":[{"href":"https:\/\/tervisetoode.ee\/fi\/wp-json\/wp\/v2\/media?parent=10380"}],"wp:term":[{"taxonomy":"pwb-brand","embeddable":true,"href":"https:\/\/tervisetoode.ee\/fi\/wp-json\/wp\/v2\/pwb-brand?post=10380"},{"taxonomy":"product_brand","embeddable":true,"href":"https:\/\/tervisetoode.ee\/fi\/wp-json\/wp\/v2\/product_brand?post=10380"},{"taxonomy":"product_cat","embeddable":true,"href":"https:\/\/tervisetoode.ee\/fi\/wp-json\/wp\/v2\/product_cat?post=10380"},{"taxonomy":"product_tag","embeddable":true,"href":"https:\/\/tervisetoode.ee\/fi\/wp-json\/wp\/v2\/product_tag?post=10380"}],"curies":[{"name":"wp","href":"https:\/\/api.w.org\/{rel}","templated":true}]}}