{"id":10429,"date":"2016-05-05T22:36:35","date_gmt":"2016-05-05T22:36:35","guid":{"rendered":"https:\/\/tervisetoode.ee\/?post_type=product&#038;p=10429"},"modified":"2024-12-10T13:53:11","modified_gmt":"2024-12-10T13:53:11","slug":"himalajan-kylpysuola-lohkopalat-1-kg","status":"publish","type":"product","link":"https:\/\/tervisetoode.ee\/fi\/toode\/himalajan-kylpysuola-lohkopalat-1-kg\/","title":{"rendered":"Himalajan kylpysuola lohkopalat 1kg"},"content":{"rendered":"<h4>Himalajan kylpysuola lohkopalat<\/h4>\n<p>Parasta luonnosta saatavaa vaaleanpunaista Himalajan vuorisuolaa on\u00a0k\u00e4ytetty vuosisatoja tehokkaana hoitokeinona.\u00a0Kristallisuola hoitaa luonnollisesti ihoa, se puhdistaa, desinfioi, yll\u00e4pit\u00e4\u00e4\u00a0ihon kosteustasapainoa ja sen 82 erilaista mineraalia ravitsevat ihoa sek\u00e4\u00a0koko kehoa.<\/p>\n<h4>K\u00e4ytt\u00f6ohjeet<\/h4>\n<p>Ammesuolakylpy: 1 kg suolaa\/300 l vett\u00e4, jalkakylpy: 60 g\u00a0suolaa\/2 l vett\u00e4.<\/p>\n","protected":false},"excerpt":{"rendered":"<p>Himalajan kylpysuola lohkopalat Parasta luonnosta saatavaa vaaleanpunaista Himalajan vuorisuolaa on\u00a0k\u00e4ytetty vuosisatoja tehokkaana hoitokeinona.\u00a0Kristallisuola hoitaa luonnollisesti ihoa, se puhdistaa, desinfioi, yll\u00e4pit\u00e4\u00e4\u00a0ihon&#8230;<\/p>\n","protected":false},"featured_media":9015,"comment_status":"closed","ping_status":"closed","template":"","meta":{"_acf_changed":false},"pwb-brand":[371],"product_brand":[],"product_cat":[204,216,221],"product_tag":[],"class_list":{"0":"post-10429","1":"product","2":"type-product","3":"status-publish","4":"has-post-thumbnail","6":"pwb-brand-tervisetooted-fi","7":"product_cat-himalajan-suola-tuotteet","8":"product_cat-hygieniatuotteet","9":"product_cat-saunatuotteet","11":"first","12":"instock","13":"shipping-taxable","14":"purchasable","15":"product-type-simple"},"acf":[],"brands":[{"id":371,"name":"Tervisetooted","slug":"tervisetooted-fi"}],"_links":{"self":[{"href":"https:\/\/tervisetoode.ee\/fi\/wp-json\/wp\/v2\/product\/10429","targetHints":{"allow":["GET"]}}],"collection":[{"href":"https:\/\/tervisetoode.ee\/fi\/wp-json\/wp\/v2\/product"}],"about":[{"href":"https:\/\/tervisetoode.ee\/fi\/wp-json\/wp\/v2\/types\/product"}],"replies":[{"embeddable":true,"href":"https:\/\/tervisetoode.ee\/fi\/wp-json\/wp\/v2\/comments?post=10429"}],"wp:featuredmedia":[{"embeddable":true,"href":"https:\/\/tervisetoode.ee\/fi\/wp-json\/wp\/v2\/media\/9015"}],"wp:attachment":[{"href":"https:\/\/tervisetoode.ee\/fi\/wp-json\/wp\/v2\/media?parent=10429"}],"wp:term":[{"taxonomy":"pwb-brand","embeddable":true,"href":"https:\/\/tervisetoode.ee\/fi\/wp-json\/wp\/v2\/pwb-brand?post=10429"},{"taxonomy":"product_brand","embeddable":true,"href":"https:\/\/tervisetoode.ee\/fi\/wp-json\/wp\/v2\/product_brand?post=10429"},{"taxonomy":"product_cat","embeddable":true,"href":"https:\/\/tervisetoode.ee\/fi\/wp-json\/wp\/v2\/product_cat?post=10429"},{"taxonomy":"product_tag","embeddable":true,"href":"https:\/\/tervisetoode.ee\/fi\/wp-json\/wp\/v2\/product_tag?post=10429"}],"curies":[{"name":"wp","href":"https:\/\/api.w.org\/{rel}","templated":true}]}}