{"id":10434,"date":"2016-05-05T22:38:35","date_gmt":"2016-05-05T22:38:35","guid":{"rendered":"https:\/\/tervisetoode.ee\/?post_type=product&#038;p=10434"},"modified":"2024-12-10T13:53:12","modified_gmt":"2024-12-10T13:53:12","slug":"kokkauslevy-35x19x31cm-himalajansuola","status":"publish","type":"product","link":"https:\/\/tervisetoode.ee\/fi\/toode\/kokkauslevy-35x19x31cm-himalajansuola\/","title":{"rendered":"Kokkauslevy 3,5x19x31cm, himalajansuola"},"content":{"rendered":"<h4>Kristallisuolasta valmistetulla kokkauslevyll\u00e4<\/h4>\n<p>tuot ripauksen eksotiikkaa ruoanlaittoon ja tarjoiluun. Kokkauslevy antaa luonnollisen ja hienostuneen aromaattisen maun ruoalle. Ja kas: ruokaan ei tarvitse erikseen lis\u00e4t\u00e4 suolaa!<\/p>\n<p>K\u00e4ytt\u00f6: Kokkauslevy\u00e4 voidaan k\u00e4ytt\u00e4\u00e4 uunissa tai grilliss\u00e4. Sill\u00e4 voidaan kypsent\u00e4\u00e4 esim. lihaa, kalaa, kanaa, vihanneksia, sek\u00e4 paistaa vaikka kananmunia.<\/p>\n<p>Kokkauslevyn k\u00e4ytt\u00f6 grilliss\u00e4: Aseta kristallisuolainen kokkauslevy grilliin, anna kuumentua. Halutessasi voit laittaa pienen m\u00e4\u00e4r\u00e4n oliivi\u00f6ljy\u00e4 kokkauslevyn p\u00e4\u00e4lle. Aseta grillattava ruoka kokkauslevylle, grillaa ruoka kyps\u00e4ksi ohjeen mukaan.<\/p>\n<p>Kokkauslevyn k\u00e4ytt\u00f6 uunissa: Kuumenna uuni, ruokaohjeen mukaiseen l\u00e4mp\u00f6tilaan. Halutessa voit laittaa pienen m\u00e4\u00e4r\u00e4n oliivi\u00f6ljy\u00e4 kokkauslevylle. Laita kokkauslevy leivinpaperin ja uunipellin p\u00e4\u00e4lle. Asettele kypsennett\u00e4v\u00e4 ruoka kokkauslevyn p\u00e4\u00e4lle. Kypsenn\u00e4 ruoka uunissa ohjeen mukaan.<\/p>\n<p>P\u00f6yd\u00e4ll\u00e4 l\u00e4mmitt\u00e4minen: Kuumenna kokkauslevy uunissa tai grilliss\u00e4. Jonka j\u00e4lkeen nosta se varovasti tarjoilualustan p\u00e4\u00e4lle. Aseta l\u00e4mmitett\u00e4v\u00e4 ruoka kokkauslevylle.<\/p>\n<p>Kokkauslevy voidaan my\u00f6s j\u00e4\u00e4hdytt\u00e4\u00e4 pakastimessa ja sen p\u00e4\u00e4lt\u00e4 voidaan tarjoilla esim. sushia, carpaccioa, kaloja, alkupaloja, salaatteja, juustoja.<\/p>\n<p>Vaihtelua ja piristyst\u00e4 kattaukseen saadaan, kun ruoka tarjoillaan kauniin kristallisuola Kokkauslevyn p\u00e4\u00e4lt\u00e4 tai kun sit\u00e4 k\u00e4ytet\u00e4\u00e4n ruokailualustana.<\/p>\n<p>K\u00e4sittele varoen kuumaa kokkauslevy\u00e4.<\/p>\n<p>Ennen puhdistamista anna kokkauslevyn j\u00e4\u00e4hty\u00e4.<\/p>\n<p>Himalajan Kristallisuolalla on luonnostaan antimikrobinen ominaisuus. Pinta pest\u00e4\u00e4n haalealla vedell\u00e4 ja harjataan pehme\u00e4ll\u00e4 harjalla, ilman pesuainetta. (Ei saa liottaa. Ei tiskikoneeseen.) Lopuksi kuivataan hyvin. S\u00e4ilytet\u00e4\u00e4n kuivassa.<\/p>\n<p>Huom. Jokainen levy on yksil\u00f6llinen ja v\u00e4ri vaihtelee roosan eris\u00e4vyiss\u00e4. S\u00e4r\u00f6t kuuluvat kristallisuolan olemukseen. Kulmat eiv\u00e4t ole s\u00e4\u00e4nn\u00f6llisi\u00e4. Suola ruostuttaa metallia.<\/p>\n<p>Himalajan Kristallisuolalevyn (kokkauslevyn) koko: 4,5x20x20cm<\/p>\n","protected":false},"excerpt":{"rendered":"<p>Kristallisuolasta valmistetulla kokkauslevyll\u00e4 tuot ripauksen eksotiikkaa ruoanlaittoon ja tarjoiluun. Kokkauslevy antaa luonnollisen ja hienostuneen aromaattisen maun ruoalle. Ja kas: ruokaan&#8230;<\/p>\n","protected":false},"featured_media":9932,"comment_status":"closed","ping_status":"closed","template":"","meta":{"_acf_changed":false},"pwb-brand":[371],"product_brand":[],"product_cat":[204],"product_tag":[],"class_list":{"0":"post-10434","1":"product","2":"type-product","3":"status-publish","4":"has-post-thumbnail","6":"pwb-brand-tervisetooted-fi","7":"product_cat-himalajan-suola-tuotteet","9":"first","10":"instock","11":"shipping-taxable","12":"purchasable","13":"product-type-simple"},"acf":[],"brands":[{"id":371,"name":"Tervisetooted","slug":"tervisetooted-fi"}],"_links":{"self":[{"href":"https:\/\/tervisetoode.ee\/fi\/wp-json\/wp\/v2\/product\/10434","targetHints":{"allow":["GET"]}}],"collection":[{"href":"https:\/\/tervisetoode.ee\/fi\/wp-json\/wp\/v2\/product"}],"about":[{"href":"https:\/\/tervisetoode.ee\/fi\/wp-json\/wp\/v2\/types\/product"}],"replies":[{"embeddable":true,"href":"https:\/\/tervisetoode.ee\/fi\/wp-json\/wp\/v2\/comments?post=10434"}],"wp:featuredmedia":[{"embeddable":true,"href":"https:\/\/tervisetoode.ee\/fi\/wp-json\/wp\/v2\/media\/9932"}],"wp:attachment":[{"href":"https:\/\/tervisetoode.ee\/fi\/wp-json\/wp\/v2\/media?parent=10434"}],"wp:term":[{"taxonomy":"pwb-brand","embeddable":true,"href":"https:\/\/tervisetoode.ee\/fi\/wp-json\/wp\/v2\/pwb-brand?post=10434"},{"taxonomy":"product_brand","embeddable":true,"href":"https:\/\/tervisetoode.ee\/fi\/wp-json\/wp\/v2\/product_brand?post=10434"},{"taxonomy":"product_cat","embeddable":true,"href":"https:\/\/tervisetoode.ee\/fi\/wp-json\/wp\/v2\/product_cat?post=10434"},{"taxonomy":"product_tag","embeddable":true,"href":"https:\/\/tervisetoode.ee\/fi\/wp-json\/wp\/v2\/product_tag?post=10434"}],"curies":[{"name":"wp","href":"https:\/\/api.w.org\/{rel}","templated":true}]}}