{"id":10449,"date":"2016-05-05T22:36:39","date_gmt":"2016-05-05T22:36:39","guid":{"rendered":"https:\/\/tervisetoode.ee\/?post_type=product&#038;p=10449"},"modified":"2026-01-03T23:04:06","modified_gmt":"2026-01-03T23:04:06","slug":"suolakidetuikku-1-kg","status":"publish","type":"product","link":"https:\/\/tervisetoode.ee\/fi\/toode\/suolakidetuikku-1-kg\/","title":{"rendered":"Suolakidetuikku    ( Loppuunmyynti! )"},"content":{"rendered":"<h4>Suolakidetuikku<\/h4>\n<p><span style=\"color: #ff0000;\">Loppuunmyynti! \u00a0<\/span><\/p>\n<p>tuo monia positiivisia ominaisuuksia, ja palan luontoa elinymp\u00e4rist\u00f6\u00f6si.\u00a0Suolakidetuikku toimii luonnollisena\u00a0 ilmanpuhdistajana, koska se tuottaa negatiivisia ioneja neutralisoiden ja puhdistaen\u00a0huoneilmaa. L\u00e4mmin suolakidetuikku muodostaa suolahiukkasia, jotka\u00a0helpottavat allergisia ja astmaatikkoja.<br \/>\nSuolakidetuikun miellytt\u00e4v\u00e4 valo luonnonv\u00e4reiss\u00e4 vaihtelee valkoisesta oranssiin.<br \/>\nSuolakidetuikku on tarkoitettu sis\u00e4k\u00e4ytt\u00f6\u00f6n.<\/p>\n","protected":false},"excerpt":{"rendered":"<p>Suolakidetuikku Loppuunmyynti! \u00a0 tuo monia positiivisia ominaisuuksia, ja palan luontoa elinymp\u00e4rist\u00f6\u00f6si.\u00a0Suolakidetuikku toimii luonnollisena\u00a0 ilmanpuhdistajana, koska se tuottaa negatiivisia ioneja neutralisoiden&#8230;<\/p>\n","protected":false},"featured_media":9043,"comment_status":"closed","ping_status":"closed","template":"","meta":{"_acf_changed":false},"pwb-brand":[371],"product_brand":[],"product_cat":[378,379,204,276,225,292],"product_tag":[],"class_list":{"0":"post-10449","1":"product","2":"type-product","3":"status-publish","4":"has-post-thumbnail","6":"pwb-brand-tervisetooted-fi","7":"product_cat-tarjoukset","8":"product_cat-loppuunmyynti","9":"product_cat-himalajan-suola-tuotteet","10":"product_cat-tuikkukynttilanalustat","11":"product_cat-suolalamput","12":"product_cat-kynttilat-ja-kynttilanjalat-fi","14":"first","15":"instock","16":"sale","17":"shipping-taxable","18":"purchasable","19":"product-type-simple"},"acf":[],"brands":[{"id":371,"name":"Tervisetooted","slug":"tervisetooted-fi"}],"_links":{"self":[{"href":"https:\/\/tervisetoode.ee\/fi\/wp-json\/wp\/v2\/product\/10449","targetHints":{"allow":["GET"]}}],"collection":[{"href":"https:\/\/tervisetoode.ee\/fi\/wp-json\/wp\/v2\/product"}],"about":[{"href":"https:\/\/tervisetoode.ee\/fi\/wp-json\/wp\/v2\/types\/product"}],"replies":[{"embeddable":true,"href":"https:\/\/tervisetoode.ee\/fi\/wp-json\/wp\/v2\/comments?post=10449"}],"wp:featuredmedia":[{"embeddable":true,"href":"https:\/\/tervisetoode.ee\/fi\/wp-json\/wp\/v2\/media\/9043"}],"wp:attachment":[{"href":"https:\/\/tervisetoode.ee\/fi\/wp-json\/wp\/v2\/media?parent=10449"}],"wp:term":[{"taxonomy":"pwb-brand","embeddable":true,"href":"https:\/\/tervisetoode.ee\/fi\/wp-json\/wp\/v2\/pwb-brand?post=10449"},{"taxonomy":"product_brand","embeddable":true,"href":"https:\/\/tervisetoode.ee\/fi\/wp-json\/wp\/v2\/product_brand?post=10449"},{"taxonomy":"product_cat","embeddable":true,"href":"https:\/\/tervisetoode.ee\/fi\/wp-json\/wp\/v2\/product_cat?post=10449"},{"taxonomy":"product_tag","embeddable":true,"href":"https:\/\/tervisetoode.ee\/fi\/wp-json\/wp\/v2\/product_tag?post=10449"}],"curies":[{"name":"wp","href":"https:\/\/api.w.org\/{rel}","templated":true}]}}