{"id":10485,"date":"2024-07-20T16:06:29","date_gmt":"2024-07-20T16:06:29","guid":{"rendered":"https:\/\/tervisetoode.ee\/?post_type=product&#038;p=10485"},"modified":"2026-04-22T15:10:25","modified_gmt":"2026-04-22T12:10:25","slug":"frantsila-siankarsamo-yrttiuute-50-ml","status":"publish","type":"product","link":"https:\/\/tervisetoode.ee\/fi\/toode\/frantsila-siankarsamo-yrttiuute-50-ml\/","title":{"rendered":"Frantsila SIANK\u00c4RS\u00c4M\u00d6 yrttiuute 50 ml,  Loppuunmyynti!"},"content":{"rendered":"<p>Frantsila SIANK\u00c4RS\u00c4M\u00d6 yrttiuute &#8211; Suomalaisen kansanparannusperinteen tuhattaituri,\u00a0 \u00a0\u00d6KO, FI-EKO-201<\/p>\n<p><span style=\"color: #ff0000;\"><strong>Loppuunmyynti!<\/strong> \u00a0<\/span><\/p>\n<h2><span style=\"color: #ff0000;\"><strong>\u2013 40%<\/strong><\/span><\/h2>\n<p><strong>Parasta ennen:\u00a0 01.2027<\/strong><\/p>\n<p>Vastustuskykyyn ja vatsalle<\/p>\n<p class=\"narrow\">Sis\u00e4isesti aikuisille 15 &#8211; 20 tippaa 2-5 kertaa p\u00e4iv\u00e4ss\u00e4 veden kera 2-3 viikon kuureina tai tarvittaessa.<\/p>\n<p class=\"narrow\">Tuote on ravintolis\u00e4, jonka suositeltua vuorokausiannosta ei saa ylitt\u00e4\u00e4. Ravintolis\u00e4\u00e4 ei tule k\u00e4ytt\u00e4\u00e4 monipuolisen ruokavalion korvikkeena. Tuote s\u00e4ilytett\u00e4v\u00e4 pientenlasten ulottumattomissa.<\/p>\n<h4>SIANK\u00c4RS\u00c4M\u00d6 ROHTONA<\/h4>\n<p>Rohtona k\u00e4ytet\u00e4\u00e4n kukkivaa kasvia, kukkia ja lehti\u00e4. Vaikuttavia aineita ovat eteerinen \u00f6ljy (0,2-1,0 %; sis\u00e4lt\u00e4\u00e4 mm. atsuleenia, kamatsuleenia, salisyylihappoa, kamferia ja eugenolia), alfa- ja beetapineeni, seksviterpeenilaktoni akilliini, akilleiinikarvasaine, flavonoidiglykosidit (mm. apigeniini ja luteoliini), fenoliset hapot, sterolit, kumariinit ja parkkiaineet.Siank\u00e4rs\u00e4m\u00f6 laukaisee sileiden lihasten kouristuksia erityisesti mahassa. Se lis\u00e4\u00e4 sapen ja mahanesteen erityst\u00e4, ja sit\u00e4 k\u00e4ytet\u00e4\u00e4nkin ruokahaluttomuuteen ja helpottamaan ruoansulatusvaivoja. Lis\u00e4ksi se edist\u00e4\u00e4 suoliston toimintaa, auttaa ummetuksen hoidossa ja v\u00e4hent\u00e4\u00e4 kaasun muodostusta. Siank\u00e4rs\u00e4m\u00f6 sis\u00e4lt\u00e4\u00e4 runsaasti syd\u00e4men toiminnalle t\u00e4rkeit\u00e4 hivenaineita, mangaania ja magnesiumia, ja se alentaa verenpainetta ja verensokeria. Siank\u00e4rs\u00e4m\u00f6 lis\u00e4\u00e4 virtsanerityst\u00e4 ja sit\u00e4 on k\u00e4ytetty helpottamaan virtsatievaivoja ja eturauhasvaivoja. Siank\u00e4rs\u00e4m\u00f6 vahvistaa immuunij\u00e4rjestelm\u00e4\u00e4 ja on tulehduksia est\u00e4v\u00e4, antibakteerinen ja antibioottinen ja alentaa jonkin verran my\u00f6s kuumetta. Sit\u00e4 on k\u00e4ytetty flunssan torjunnassa ja hoidossa samaan tapaan kuin auringonhattua. Siank\u00e4rs\u00e4m\u00f6 tehoaa my\u00f6s hiivasieneen. Sit\u00e4 on k\u00e4ytetty puhdistamaan elimist\u00f6\u00e4, ja kansanl\u00e4\u00e4kinn\u00e4ss\u00e4 sit\u00e4 on arvostettu \u201cverta ja maksaa puhdistavana\u201d rohtona ja siit\u00e4 on tehty vatsaa vahvistavaa siank\u00e4rs\u00e4m\u00f6viinaa Nimi \u201cakantupakki\u201d viittaa siank\u00e4rs\u00e4m\u00f6n k\u00e4ytt\u00f6\u00f6n hengitysteiden vaivoissa, ysk\u00e4ss\u00e4 ja astmassa, joiden hoitona sit\u00e4 poltettiin tupakan tapaan.Siank\u00e4rs\u00e4m\u00f6ll\u00e4 hoidetaan ulkoisesti ihoa, paiseita, palohaavoja, tulehduksia, aknea, haavaumia, ihoruhjeita ja hiertymi\u00e4; suuveten\u00e4 se hoitaa suun limakalvojen \u00e4rsytyksi\u00e4 ja ientulehduksia ja supistaa limakalvoja. Siank\u00e4rs\u00e4m\u00f6n betosiniini est\u00e4\u00e4 verenvuotoja ja eugenoli lievitt\u00e4\u00e4 paikallista kipua. Siank\u00e4rs\u00e4m\u00f6tinktuuraa onkin k\u00e4ytetty kipuja lievitt\u00e4v\u00e4n\u00e4 linimenttin\u00e4. Siank\u00e4rs\u00e4m\u00f6\u00e4 arvostetaan erityisesti suonikohjujen ja per\u00e4pukamien rohtona kylpyin\u00e4, k\u00e4\u00e4rein\u00e4, salvoina ja voiteina k\u00e4ytettyn\u00e4. Se elvytt\u00e4\u00e4 muutenkin laskimo- ja \u00e4\u00e4reisverenkiertoa sek\u00e4 l\u00e4mmitt\u00e4\u00e4 kylmi\u00e4 jalkoja ja k\u00e4si\u00e4. Sit\u00e4 on k\u00e4ytetty sis\u00e4isesti ja ulkoisesti kylpyin\u00e4 kuukautiskipuihin ja vaihdevuosivaivoihin. Kylvyiss\u00e4 siank\u00e4rs\u00e4m\u00f6 lievitt\u00e4\u00e4 kipua, ja sit\u00e4 k\u00e4ytet\u00e4\u00e4n lihaskipuihin, p\u00e4\u00e4ns\u00e4rkyyn ja migreeniin, ja lis\u00e4ksi se edist\u00e4\u00e4 laskimoverenkiertoa ja ruoansulatusta.Siank\u00e4rs\u00e4m\u00f6 saattaa aiheuttaa pitk\u00e4aikaisesti k\u00e4ytettyn\u00e4 yliherkkyysihottumaa.<\/p>\n<p>256.00 \u20ac\/l<\/p>\n<p>Alennushinta: 152.00 \u20ac\/l<\/p>\n<p>&nbsp;<\/p>\n","protected":false},"excerpt":{"rendered":"<p>Alcohol (alkoholi), Achillea millefolium (siank\u00e4rs\u00e4m\u00f6n kukka, uutos) 100 % luomua<\/p>\n","protected":false},"featured_media":9408,"comment_status":"closed","ping_status":"closed","template":"","meta":{"_acf_changed":false},"pwb-brand":[365],"product_brand":[],"product_cat":[378,379,260,203],"product_tag":[],"class_list":{"0":"post-10485","1":"product","2":"type-product","3":"status-publish","4":"has-post-thumbnail","6":"pwb-brand-frantsila-fi","7":"product_cat-tarjoukset","8":"product_cat-loppuunmyynti","9":"product_cat-jopa-40","10":"product_cat-ravintolisat","12":"first","13":"instock","14":"sale","15":"shipping-taxable","16":"purchasable","17":"product-type-simple"},"acf":[],"brands":[{"id":365,"name":"Frantsila","slug":"frantsila-fi"}],"_links":{"self":[{"href":"https:\/\/tervisetoode.ee\/fi\/wp-json\/wp\/v2\/product\/10485","targetHints":{"allow":["GET"]}}],"collection":[{"href":"https:\/\/tervisetoode.ee\/fi\/wp-json\/wp\/v2\/product"}],"about":[{"href":"https:\/\/tervisetoode.ee\/fi\/wp-json\/wp\/v2\/types\/product"}],"replies":[{"embeddable":true,"href":"https:\/\/tervisetoode.ee\/fi\/wp-json\/wp\/v2\/comments?post=10485"}],"wp:featuredmedia":[{"embeddable":true,"href":"https:\/\/tervisetoode.ee\/fi\/wp-json\/wp\/v2\/media\/9408"}],"wp:attachment":[{"href":"https:\/\/tervisetoode.ee\/fi\/wp-json\/wp\/v2\/media?parent=10485"}],"wp:term":[{"taxonomy":"pwb-brand","embeddable":true,"href":"https:\/\/tervisetoode.ee\/fi\/wp-json\/wp\/v2\/pwb-brand?post=10485"},{"taxonomy":"product_brand","embeddable":true,"href":"https:\/\/tervisetoode.ee\/fi\/wp-json\/wp\/v2\/product_brand?post=10485"},{"taxonomy":"product_cat","embeddable":true,"href":"https:\/\/tervisetoode.ee\/fi\/wp-json\/wp\/v2\/product_cat?post=10485"},{"taxonomy":"product_tag","embeddable":true,"href":"https:\/\/tervisetoode.ee\/fi\/wp-json\/wp\/v2\/product_tag?post=10485"}],"curies":[{"name":"wp","href":"https:\/\/api.w.org\/{rel}","templated":true}]}}