{"id":10486,"date":"2016-05-05T22:37:28","date_gmt":"2016-05-05T22:37:28","guid":{"rendered":"https:\/\/tervisetoode.ee\/?post_type=product&#038;p=10486"},"modified":"2026-04-22T15:05:36","modified_gmt":"2026-04-22T12:05:36","slug":"frantsila-kamomilla-yrttiuute-50-ml","status":"publish","type":"product","link":"https:\/\/tervisetoode.ee\/fi\/toode\/frantsila-kamomilla-yrttiuute-50-ml\/","title":{"rendered":"Frantsila KAMOMILLA yrttiuute 50 ml,  Loppuunmyynti! \u00a0"},"content":{"rendered":"<h4>Frantsila KAMOMILLA yrttiuute. \u00d6KO, FI-EKO-201<\/h4>\n<p><span style=\"color: #ff0000;\"><strong>Loppuunmyynti!<\/strong> \u00a0<\/span><\/p>\n<h2><span style=\"color: #ff0000;\"><strong>\u2013 40%<\/strong><\/span><\/h2>\n<p><strong>Parasta ennen:\u00a0 11.2026<\/strong><\/p>\n<p><strong>Kamomilla tipat vatsalle.\u00a0Ruuansulatukseen. Vatsanv\u00e4\u00e4ntelyyn<\/strong><br \/>\nTuotteen teho perustuu fytoterapeuttiseen luomukamomilla yrttiuutokseen.<\/p>\n<p class=\"narrow\">Aikuisille 15- 20 tippaa 2-5 kertaa p\u00e4iv\u00e4ss\u00e4 veden kera.<\/p>\n<p class=\"narrow\">Pikkulapsille ik\u00e4vuosien mukaan alkaen 3:sta tipasta. Esim. 3-vuotiaalle 3 tippaa. Alle 1-vuotiaille tipat kuumaan veteen, jotta alkoholi haihtuisi pois. My\u00f6s imett\u00e4v\u00e4lle \u00e4idille.<\/p>\n<p class=\"narrow\">Voidaan k\u00e4ytt\u00e4\u00e4 l\u00e4mpim\u00e4n\u00e4 hauteena maha- ja kuukautiskipuihin; sivell\u00e4\u00e4n iholle ja l\u00e4mp\u00f6pakkaus tai kuuma pyyhe asetetaan p\u00e4\u00e4lle.<\/p>\n<p class=\"narrow\">Hauteena silm\u00e4tulehduksissa; kostutettuun silm\u00e4haude pumpuliin laimennettuna 5 tippaa 1\/4dl kohti vett\u00e4.<br \/>\nHauteena rauhoittamaan iho\/lihas tulehduksia esim. kylpyn\u00e4 ja pyyhehauteena.<br \/>\nPienten haavojen hoitoon 1-2 tippaa suoraan haavalle.<br \/>\nSuolihuuhteluveteen 20-40 tippaa 7,5 dl kohti haaleaa vett\u00e4 esim. suolistokrampeissa.<\/p>\n<p class=\"narrow\">Tuote on ravintolis\u00e4, jonka suositeltua vuorokausiannosta ei saa ylitt\u00e4\u00e4. Ravintolis\u00e4\u00e4 ei tule k\u00e4ytt\u00e4\u00e4 monipuolisen ruokavalion korvikkeena. Tuote s\u00e4ilytett\u00e4v\u00e4 pientenlasten ulottumattomissa.<\/p>\n<p class=\"narrow\">KAMOMILLA (Matricaria recutita; Asteraceae) kamomill. Kamomilla on vanha peltojen ja pientareiden yksivuotinen asterikasveihin kuuluva rikkakasvi, joka on harvinaistunut kasvinsuojeluaineiden k\u00e4yt\u00f6n vuoksi.Suvun nimi Matricaria on johdettu latinan sanoista mater (= \u00e4iti) sek\u00e4 matrix (= kohtu), jotka viittaavat kasvin k\u00e4ytt\u00f6\u00f6n naisten sairauksissa. Kreikan khamaimelon (= maaomena) puolestaan viittaa kasvin makeahkoon tuoksuun. Yrtin rauhoittavan vaikutuksen vuoksi egyptil\u00e4iset kutsuivat sit\u00e4 \u201dAuringon jumalan kukaksi\u201d.Kamomilla rohtona<br \/>\nRohtona k\u00e4ytet\u00e4\u00e4n kukkia. Vaikuttavia aineita ovat eteerinen \u00f6ljy (0,3\u20141,0 %; sis\u00e4lt\u00e4\u00e4 mm. 1-bisa- bololia 25\u201445 %, bisabolloksideja, kamatsuleenia, farneseenia, rnatrisiinia, myrseeni\u00e4, kadineenia, geraniolia ja salisyylihappoa) ja lis\u00e4ksi flavonoidit (apigeniini, kversetiini ja luteoliini), kumariinit (herniariini ja umbelliferoni), koliini, lima-aine, kamornillaesteri, karvasaineet, fytosteriini, klorogeenihappo ja nikotiinihappo.Kamomilla laukaisee sileiden lihaksien kouristuksia ja rauhoittaa vatsaa; sit\u00e4 k\u00e4ytet\u00e4\u00e4n vatsavaivoihin, maha-suolikanavan tulehduksiin, ilmavaivoihin, koliikkiin ja kuukautiskramppeihin. Kamomillalla on tulehduksia parantava, antibakteerinen vaikutus, joka edist\u00e4\u00e4 haavojen paranemista. Ulkoisesti k\u00e4ytettyn\u00e4 kamomilla desinfioi ja rauhoittaa ihoa; lievitt\u00e4\u00e4 iho- ja silm\u00e4tulehduksia ja parantaa ihon ja limakalvon bakteeritulehduksia. Kamomilla lievitt\u00e4\u00e4 my\u00f6s kutinaa ja hoitaa herkk\u00e4\u00e4, \u00e4rsyyntynytt\u00e4, kuumottavaa ja yliherkk\u00e4\u00e4 ihoa. Kylvyiss\u00e4 kamomillaa k\u00e4ytet\u00e4\u00e4n iho-ongelmia ja tulehduksia hoitamaan ja ihon uudistumista edist\u00e4m\u00e4\u00e4n. Kamomilla on t\u00e4rke\u00e4 rohto my\u00f6s suolihuuhteluissa.<\/p>\n<p>264,00 \u20ac\/L<\/p>\n<p>Alennushinta: 158.00 \u20ac\/l<\/p>\n","protected":false},"excerpt":{"rendered":"<p>Alcohol (alkoholi), Matricaria recutita (kamomillan kukka, uutos).<\/p>\n","protected":false},"featured_media":9404,"comment_status":"closed","ping_status":"closed","template":"","meta":{"_acf_changed":false},"pwb-brand":[365],"product_brand":[],"product_cat":[378,379,260,203],"product_tag":[],"class_list":{"0":"post-10486","1":"product","2":"type-product","3":"status-publish","4":"has-post-thumbnail","6":"pwb-brand-frantsila-fi","7":"product_cat-tarjoukset","8":"product_cat-loppuunmyynti","9":"product_cat-jopa-40","10":"product_cat-ravintolisat","12":"first","13":"instock","14":"sale","15":"shipping-taxable","16":"purchasable","17":"product-type-simple"},"acf":[],"brands":[{"id":365,"name":"Frantsila","slug":"frantsila-fi"}],"_links":{"self":[{"href":"https:\/\/tervisetoode.ee\/fi\/wp-json\/wp\/v2\/product\/10486","targetHints":{"allow":["GET"]}}],"collection":[{"href":"https:\/\/tervisetoode.ee\/fi\/wp-json\/wp\/v2\/product"}],"about":[{"href":"https:\/\/tervisetoode.ee\/fi\/wp-json\/wp\/v2\/types\/product"}],"replies":[{"embeddable":true,"href":"https:\/\/tervisetoode.ee\/fi\/wp-json\/wp\/v2\/comments?post=10486"}],"wp:featuredmedia":[{"embeddable":true,"href":"https:\/\/tervisetoode.ee\/fi\/wp-json\/wp\/v2\/media\/9404"}],"wp:attachment":[{"href":"https:\/\/tervisetoode.ee\/fi\/wp-json\/wp\/v2\/media?parent=10486"}],"wp:term":[{"taxonomy":"pwb-brand","embeddable":true,"href":"https:\/\/tervisetoode.ee\/fi\/wp-json\/wp\/v2\/pwb-brand?post=10486"},{"taxonomy":"product_brand","embeddable":true,"href":"https:\/\/tervisetoode.ee\/fi\/wp-json\/wp\/v2\/product_brand?post=10486"},{"taxonomy":"product_cat","embeddable":true,"href":"https:\/\/tervisetoode.ee\/fi\/wp-json\/wp\/v2\/product_cat?post=10486"},{"taxonomy":"product_tag","embeddable":true,"href":"https:\/\/tervisetoode.ee\/fi\/wp-json\/wp\/v2\/product_tag?post=10486"}],"curies":[{"name":"wp","href":"https:\/\/api.w.org\/{rel}","templated":true}]}}