{"id":10534,"date":"2016-05-05T22:36:42","date_gmt":"2016-05-05T22:36:42","guid":{"rendered":"https:\/\/tervisetoode.ee\/?post_type=product&#038;p=10534"},"modified":"2024-12-10T13:53:22","modified_gmt":"2024-12-10T13:53:22","slug":"frantsila-ruusuinen-kasvovesi-110-ml","status":"publish","type":"product","link":"https:\/\/tervisetoode.ee\/fi\/toode\/frantsila-ruusuinen-kasvovesi-110-ml\/","title":{"rendered":"Frantsila Ruusuinen KASVOVESI 100 ml"},"content":{"rendered":"<h4>Ruusuinen KASVOVESI<\/h4>\n<p><strong>Ihoa virkist\u00e4v\u00e4 alkoholiton kasvovesi puhdistaa ja tasapainoittaa ihoa j\u00e4tt\u00e4en ihon kimmoisaksi ja raikkaaksi.<\/strong><\/p>\n<p>Kasvovesi kosteuttaa ja rauhoittaa ihoa s\u00e4ilytt\u00e4en ihon luonnollisen pH tasapainon. Se tekee ihosta kimmoisan ja raikkaan. Kasvoveden sis\u00e4lt\u00e4m\u00e4t raaka-aineet tasapainottavat ja virkist\u00e4v\u00e4t ihoa puhdistuksen j\u00e4lkeen tuomalla sille joustavuutta sek\u00e4 j\u00e4tt\u00e4m\u00e4ll\u00e4 iholle raikkaan, virkist\u00e4v\u00e4n kuulauden ja tuoksun.<\/p>\n<div class=\"mainContent\">\n<p>Levit\u00e4 kasvoille ja kaulalle puhdistuksen j\u00e4lkeen esim. vanun avulla. Suositeltavaa k\u00e4ytt\u00e4\u00e4 muulloinkin kuin puhdistuksen j\u00e4lkeen eli aina kun iho kaipaa virkistymist\u00e4. K\u00e4yt\u00e4 my\u00f6s virkist\u00e4v\u00e4n\u00e4 ja rentouttavana silm\u00e4hauteena; kostuta silm\u00e4kompressit ensin vedell\u00e4 ja suihkuta sitten kasvovett\u00e4 p\u00e4\u00e4lle. Anna vaikuttaa 10 minuuttia.<\/p>\n<p>Ei suositella k\u00e4ytett\u00e4v\u00e4ksi juuri ennen auringonottoa tai solariumia.<\/p>\n<p>Tuote on suihkepullossa.<\/p>\n<p>VEGAANINEN TUOTE<\/p>\n<\/div>\n<div class=\"specialCharacters\">235,00\u20ac\/L<\/div>\n","protected":false},"excerpt":{"rendered":"<div class=\"mainContent\">\n<p>Aqua (Vesi), *Rosa damascena (Ruusu) kukkaisvesi, Betaine (Betaiini), *Alcohol denat. (Alkoholi denat.), *Equisetum arvense (Peltokorte) uutos, *Plantago lanceolata (Hein\u00e4ratamo) lehtiuutos, *Trifolium pratense (Puna-apila) kukkauutos, *Prunella vulgaris (Niittyhumala) uutos, *Alchemilla vulgaris (Poimulehti) lehtiuutos, *Viola tricolor (Keto-orvokki) uutos, *Rose (Ruusu) kukkauutos, *Aloe barbadensis (Aloe vera) lehtiuute, Olea europaea (Oliivi) lehtiuute, Rosa damascena (Ruusu) eteerinen \u00f6ljy, Citrus aurantifolia (Limetti) eteerinen \u00f6ljy, Coco Glucoside (Kookosglukosidi), Citric Acid (Sitruunahappo), Glycerin (Kasviglyseriini), Sodium Benzoate (Natriumbentsoaatti), Potassium Sorbate (Kaliumsorbaatti), Benzyl Alcohol (Bentsyylialkoholi), Menthol (Mentoli).<\/p>\n<p>*Luomua<\/p>\n<\/div>\n","protected":false},"featured_media":9066,"comment_status":"closed","ping_status":"closed","template":"","meta":{"_acf_changed":false},"pwb-brand":[365],"product_brand":[],"product_cat":[211],"product_tag":[],"class_list":{"0":"post-10534","1":"product","2":"type-product","3":"status-publish","4":"has-post-thumbnail","6":"pwb-brand-frantsila-fi","7":"product_cat-luonnonkosmetiikka","9":"first","10":"instock","11":"shipping-taxable","12":"purchasable","13":"product-type-simple"},"acf":[],"brands":[{"id":365,"name":"Frantsila","slug":"frantsila-fi"}],"_links":{"self":[{"href":"https:\/\/tervisetoode.ee\/fi\/wp-json\/wp\/v2\/product\/10534","targetHints":{"allow":["GET"]}}],"collection":[{"href":"https:\/\/tervisetoode.ee\/fi\/wp-json\/wp\/v2\/product"}],"about":[{"href":"https:\/\/tervisetoode.ee\/fi\/wp-json\/wp\/v2\/types\/product"}],"replies":[{"embeddable":true,"href":"https:\/\/tervisetoode.ee\/fi\/wp-json\/wp\/v2\/comments?post=10534"}],"wp:featuredmedia":[{"embeddable":true,"href":"https:\/\/tervisetoode.ee\/fi\/wp-json\/wp\/v2\/media\/9066"}],"wp:attachment":[{"href":"https:\/\/tervisetoode.ee\/fi\/wp-json\/wp\/v2\/media?parent=10534"}],"wp:term":[{"taxonomy":"pwb-brand","embeddable":true,"href":"https:\/\/tervisetoode.ee\/fi\/wp-json\/wp\/v2\/pwb-brand?post=10534"},{"taxonomy":"product_brand","embeddable":true,"href":"https:\/\/tervisetoode.ee\/fi\/wp-json\/wp\/v2\/product_brand?post=10534"},{"taxonomy":"product_cat","embeddable":true,"href":"https:\/\/tervisetoode.ee\/fi\/wp-json\/wp\/v2\/product_cat?post=10534"},{"taxonomy":"product_tag","embeddable":true,"href":"https:\/\/tervisetoode.ee\/fi\/wp-json\/wp\/v2\/product_tag?post=10534"}],"curies":[{"name":"wp","href":"https:\/\/api.w.org\/{rel}","templated":true}]}}