{"id":10535,"date":"2016-05-05T22:36:40","date_gmt":"2016-06-04T12:52:17","guid":{"rendered":"https:\/\/tervisetoode.ee\/?post_type=product&#038;p=10535"},"modified":"2025-01-24T13:50:43","modified_gmt":"2025-01-24T13:50:43","slug":"ihoa-elvyttava-ja-rauhoittava-syvapuhdistava-hoitonaamio-kaikille-ihotyypeille-yrttisavinaamio-poistaa-ihosta-epapuhtauksia-vilkastuttaa-ihon-pintaverenkiertoa-ja-elvyttaa-tehokkaasti-solujen-aine","status":"publish","type":"product","link":"https:\/\/tervisetoode.ee\/fi\/toode\/ihoa-elvyttava-ja-rauhoittava-syvapuhdistava-hoitonaamio-kaikille-ihotyypeille-yrttisavinaamio-poistaa-ihosta-epapuhtauksia-vilkastuttaa-ihon-pintaverenkiertoa-ja-elvyttaa-tehokkaasti-solujen-aine\/","title":{"rendered":"Frantsila Elvytt\u00e4v\u00e4 YRTTISAVINAAMIO 40ml"},"content":{"rendered":"<h4><strong>Elvytt\u00e4v\u00e4 YRTTISAVINAAMIO<\/strong><\/h4>\n<p><strong>Ihoa elvytt\u00e4v\u00e4 ja rauhoittava, syv\u00e4puhdistava hoitonaamio kaikille ihotyypeille.<\/strong><\/p>\n<p>Yrttisavinaamio poistaa ihosta ep\u00e4puhtauksia, vilkastuttaa ihon pintaverenkiertoa ja elvytt\u00e4\u00e4 tehokkaasti solujen aineenvaihduntaa j\u00e4tt\u00e4en ihon kirkkaaksi ja kuulaaksi.<\/p>\n<p>Levit\u00e4 naamio puhdistetuille kasvoille ja kaulalle kerran viikossa. Anna vaikuttaa 15-20 minuuttia. (Jos naamio tehd\u00e4\u00e4n saunan yhteydess\u00e4, voidaan couperoottisen ja l\u00e4mm\u00f6n vaihteluille herkistyneen ihon suojaksi levitt\u00e4\u00e4 se jo saunaan menness\u00e4 puhdistuksen j\u00e4lkeen). Poista naamio haalealla vedell\u00e4. Suojaa lopuksi iho kasvovoiteella.<\/p>\n<p>VEGAANINEN TUOTE<\/p>\n<p>490,00 \u20ac\/L<\/p>\n","protected":false},"excerpt":{"rendered":"<p>Aqua (Vesi), Kaolin (Valkosavi), *Helianthus annuus (Auringonkukka) siemen\u00f6ljy, Glycerin (Kasviglyseriini), Cetearyl Alcohol (Setearyylialkoholi), *Argania spinosa (Argan) \u00f6ljy, *Oenothera biennis (Iltahelokki) siemen\u00f6ljy, *Persea gratissima (Avokado) \u00f6ljy, *Hippophae rhamnoides (Tyrni) marja\u00f6ljy, *Rosa canina (Ruusunmarja) siemen\u00f6ljy, *Olea europaea (Oliivi) \u00f6ljy, *Hippophae rhamnoides (Tyrni) siemen\u00f6ljy, *Symphytum officinale (Rohtoraunioyrtti) lehtiuutos, *Trifolium pratense (Puna-apila) kukkauutos, *Prunella vulgaris (Niittyhumala) uutos, *Symphytum officinale (Rohtoraunioyrtti) juuriuutos, *Achillea millefolium (Siank\u00e4rs\u00e4m\u00f6) kukkauutos, *Calendula officinalis (Keh\u00e4kukka) kukkauutos, *Plantago lanceolata (Hein\u00e4ratamo) lehtiuutos, *Stellaria media (Pihat\u00e4htim\u00f6) uutos, *Hypericum perforatum (M\u00e4kikuisma) kukkauutos, *Polygonum aviculare (Pihatatar) uutos, *Verbascum thapsus (Ukontulikukka) kukkauutos, *Arctium lappa (Isotakiainen) juuriuutos, *Alcohol denat. (Alkoholi denat.), *Equisetum arvense (Peltokorte) uutos, *Alchemilla vulgaris (Poimulehti) lehtiuutos, *Viola tricolor (Keto-orvokki) uutos, Mentha piperita (Piparminttu) eteerinen \u00f6ljy, Cananga odorata (Ylang ylang) eteerinen \u00f6ljy, Rosa damascena (Ruusu) eteerinen \u00f6ljy, Cetearyl Glucoside (Setearyyliglukosidi), Coco Glucoside (Kookosglukosidi), Xanthan Gum (Ksantaanikumi), Sodium Dehydroacetate (Natriumdehydroasetaatti), Lactic Acid (Maitohappo), Tocopherol (Tokoferoli), Sodium Benzoate (Natriumbentsoaatti), Propanediol (Propaanidioli), Picea abies (Kuusi) oksatyviuute, Olea europaea (Oliivi) lehtiuute, *Achillea millefolium (Siank\u00e4rs\u00e4m\u00f6) kukkaterapeuttinen uutos, *Nymphaea alba (Isolumme) kukkaterapeuttinen uutos, Menthol (Mentoli), Alcohol (Alkoholi), **Limoneeni, **Linaloli, **Bensyylisalisylaatti, **Bensyylibentsoaatti, **Geranioli ja **Sitronelloli.<\/p>\n<p>*Luomua<br \/>\n**Eteerisen \u00f6ljyn luonnollinen osa<\/p>\n","protected":false},"featured_media":9052,"comment_status":"closed","ping_status":"closed","template":"","meta":{"_acf_changed":false},"pwb-brand":[365],"product_brand":[],"product_cat":[211],"product_tag":[],"class_list":{"0":"post-10535","1":"product","2":"type-product","3":"status-publish","4":"has-post-thumbnail","6":"pwb-brand-frantsila-fi","7":"product_cat-luonnonkosmetiikka","9":"first","10":"instock","11":"shipping-taxable","12":"purchasable","13":"product-type-simple"},"acf":[],"brands":[{"id":365,"name":"Frantsila","slug":"frantsila-fi"}],"_links":{"self":[{"href":"https:\/\/tervisetoode.ee\/fi\/wp-json\/wp\/v2\/product\/10535","targetHints":{"allow":["GET"]}}],"collection":[{"href":"https:\/\/tervisetoode.ee\/fi\/wp-json\/wp\/v2\/product"}],"about":[{"href":"https:\/\/tervisetoode.ee\/fi\/wp-json\/wp\/v2\/types\/product"}],"replies":[{"embeddable":true,"href":"https:\/\/tervisetoode.ee\/fi\/wp-json\/wp\/v2\/comments?post=10535"}],"wp:featuredmedia":[{"embeddable":true,"href":"https:\/\/tervisetoode.ee\/fi\/wp-json\/wp\/v2\/media\/9052"}],"wp:attachment":[{"href":"https:\/\/tervisetoode.ee\/fi\/wp-json\/wp\/v2\/media?parent=10535"}],"wp:term":[{"taxonomy":"pwb-brand","embeddable":true,"href":"https:\/\/tervisetoode.ee\/fi\/wp-json\/wp\/v2\/pwb-brand?post=10535"},{"taxonomy":"product_brand","embeddable":true,"href":"https:\/\/tervisetoode.ee\/fi\/wp-json\/wp\/v2\/product_brand?post=10535"},{"taxonomy":"product_cat","embeddable":true,"href":"https:\/\/tervisetoode.ee\/fi\/wp-json\/wp\/v2\/product_cat?post=10535"},{"taxonomy":"product_tag","embeddable":true,"href":"https:\/\/tervisetoode.ee\/fi\/wp-json\/wp\/v2\/product_tag?post=10535"}],"curies":[{"name":"wp","href":"https:\/\/api.w.org\/{rel}","templated":true}]}}