{"id":10537,"date":"2016-05-05T22:36:43","date_gmt":"2016-06-04T14:05:21","guid":{"rendered":"https:\/\/tervisetoode.ee\/?post_type=product&#038;p=10537"},"modified":"2025-10-02T14:47:23","modified_gmt":"2025-10-02T14:47:23","slug":"frantsila-tehovoide","status":"publish","type":"product","link":"https:\/\/tervisetoode.ee\/fi\/toode\/frantsila-tehovoide\/","title":{"rendered":"Frantsila TEHOVOIDE \u2013 facial cream 40ml"},"content":{"rendered":"<p><strong>Frantsila TEHOVOIDE\u00a0<\/strong><\/p>\n<p><strong>Anti-age vaikutteinen elvytt\u00e4v\u00e4 tehovoide kaikille ihotyypeille. Erinomainen couperosa-iholle.<\/strong><\/p>\n<p>Antioksidanttinen tehovoide kuivalle iholle sis\u00e4lt\u00e4\u00e4 yli 30 ihoahoitavaa kasviainesosaa, jotka ravitsevat ja kosteuttavat ihoa. Ruusut ja yrttiuutteet kuten py\u00f6kin silmu ja m\u00e4kikikuisma silottavat juonteita ja tehostavat solujen uusiutumista.<\/p>\n<p>Pakkauskoko 40 ml<\/p>\n<p><strong>K\u00e4ytt\u00f6ohje:<\/strong> Levit\u00e4 aamuin ja illoin tehohoitoa tarvitseville alueille.<\/p>\n<p>607.50 \u20ac\/l<\/p>\n<p>&nbsp;<\/p>\n","protected":false},"excerpt":{"rendered":"<p>Aqua (Vesi), *Helianthus annuus (Auringonkukka) siemen\u00f6ljy, Cetearyl Alcohol (Setearyylialkoholi), *Prunus amygdalus dulcis (Manteli) \u00f6ljy, Fagus sylvatica (Euroopanpy\u00f6kki) silmu-uutos, *Butyrospermum parkii (Karite) voi, Coco Glucoside (Kookosglukosidi), *Simmondsia chinensis (Jojoba) siemen\u00f6ljy, Cetearyl Glucoside (Setearyyliglukosidi), *Olea europaea (Oliivi) \u00f6ljy, *Persea gratissima (Avokado) \u00f6ljy, *Oenothera biennis (Iltahelokki) siemen\u00f6ljy, *Triticum vulgare (Vehn\u00e4) alkio\u00f6ljy, *Hippophae rhamnoides (Tyrni) marja\u00f6ljy, *Argania spinosa (Argan) kivi\u00f6ljy, *Hippophae rhamnoides (Tyrni) siemen\u00f6ljy, *Symphytum officinale (Rohtoraunioyrtti) lehtiuutos, *Trifolium pratense (Puna-apila) kukkauutos, *Prunella vulgaris (Niittyhumala) lehtiuutos, *Symphytum officinale (Rohtoraunioyrtti) juuriuutos, *Achillea millefolium (Siank\u00e4rs\u00e4m\u00f6) kukkauutos, *Calendula officinalis (Keh\u00e4kukka) kukkauutos, *Plantago lanceolata (Hein\u00e4ratamo) lehtiuutos, *Stellaria media (Pihat\u00e4htim\u00f6) uutos, *Hypericum perforatum (M\u00e4kikuisma) kukkauutos, *Polygonum aviculare (Pihatatar) uutos, *Alcohol denat. (Alkoholi denat.), *Equisetum arvense (Peltokorte) uutos, *Alchemilla vulgaris (Poimulehti) lehtiuutos, *Verbascum thapsus (Ukontulikukka) kukkauutos, *Arctium lappa (Isotakiainen) juuriuutos, *Viola tricolor (Keto-orvokki) uutos, *Rosmarinus officinalis (Rosmariini) lehtiuute, Aloe barbadensis (Aloe vera) lehtiuute, Olea europaea (Oliivi) lehtiuute, Glycerin, Picea abies (Kuusi) sis\u00e4oksauute, Citrus aurantium amara (Neroli) eteerinen \u00f6ljy, Rosa damascena (Ruusu) eteerinen \u00f6ljy, Santalum album (Santelipuu) eteerinen \u00f6ljy, Boswellia neglecta (Frankinsensi) eteerinen \u00f6ljy, Foeniculum vulgare (Fenkoli) eteerinen \u00f6ljy, Xanthan Gum (Ksantaanikumi), Sodium Dehydroacetate (Natriumdehydroasetaatti), Sodium Benzoate (Natriumbentsoaatti), Tocopherol (Tokoferoli, Luonnon E-vit.), Lactic Acid (Maitohappo), Menthol (Mentoli), *Rosa canina (Villiruusu) kukkaterapeuttinen uutos, *Prunella vulgaris (Niittyhumala) kukkaterapeuttinen uutos, **Linaloli, **Sitronelloli, **Geranioli, **Limoneeni.<\/p>\n<p>*Luomua<br \/>\n**Eteerisen \u00f6ljyn luonnollinen osa<\/p>\n","protected":false},"featured_media":9084,"comment_status":"closed","ping_status":"closed","template":"","meta":{"_acf_changed":false},"pwb-brand":[365],"product_brand":[],"product_cat":[211],"product_tag":[],"class_list":{"0":"post-10537","1":"product","2":"type-product","3":"status-publish","4":"has-post-thumbnail","6":"pwb-brand-frantsila-fi","7":"product_cat-luonnonkosmetiikka","9":"first","10":"instock","11":"shipping-taxable","12":"purchasable","13":"product-type-simple"},"acf":[],"brands":[{"id":365,"name":"Frantsila","slug":"frantsila-fi"}],"_links":{"self":[{"href":"https:\/\/tervisetoode.ee\/fi\/wp-json\/wp\/v2\/product\/10537","targetHints":{"allow":["GET"]}}],"collection":[{"href":"https:\/\/tervisetoode.ee\/fi\/wp-json\/wp\/v2\/product"}],"about":[{"href":"https:\/\/tervisetoode.ee\/fi\/wp-json\/wp\/v2\/types\/product"}],"replies":[{"embeddable":true,"href":"https:\/\/tervisetoode.ee\/fi\/wp-json\/wp\/v2\/comments?post=10537"}],"wp:featuredmedia":[{"embeddable":true,"href":"https:\/\/tervisetoode.ee\/fi\/wp-json\/wp\/v2\/media\/9084"}],"wp:attachment":[{"href":"https:\/\/tervisetoode.ee\/fi\/wp-json\/wp\/v2\/media?parent=10537"}],"wp:term":[{"taxonomy":"pwb-brand","embeddable":true,"href":"https:\/\/tervisetoode.ee\/fi\/wp-json\/wp\/v2\/pwb-brand?post=10537"},{"taxonomy":"product_brand","embeddable":true,"href":"https:\/\/tervisetoode.ee\/fi\/wp-json\/wp\/v2\/product_brand?post=10537"},{"taxonomy":"product_cat","embeddable":true,"href":"https:\/\/tervisetoode.ee\/fi\/wp-json\/wp\/v2\/product_cat?post=10537"},{"taxonomy":"product_tag","embeddable":true,"href":"https:\/\/tervisetoode.ee\/fi\/wp-json\/wp\/v2\/product_tag?post=10537"}],"curies":[{"name":"wp","href":"https:\/\/api.w.org\/{rel}","templated":true}]}}