{"id":10538,"date":"2016-05-05T22:36:42","date_gmt":"2016-06-04T14:07:54","guid":{"rendered":"https:\/\/tervisetoode.ee\/?post_type=product&#038;p=10538"},"modified":"2025-01-24T13:50:43","modified_gmt":"2025-01-24T13:50:43","slug":"frantsila-silmanymparys-voide-15ml","status":"publish","type":"product","link":"https:\/\/tervisetoode.ee\/fi\/toode\/frantsila-silmanymparys-voide-15ml\/","title":{"rendered":"Frantsila SILM\u00c4NYMP\u00c4RYS-VOIDE 15ml"},"content":{"rendered":"<h4>Frantsila SILM\u00c4NYMP\u00c4RYS-VOIDE<\/h4>\n<p><strong>Kosteuttava ja kirkastava anti-age-silm\u00e4nymp\u00e4rysvoide<\/strong><\/p>\n<p>Hell\u00e4varainen silm\u00e4nymp\u00e4rysvoide tuo herk\u00e4lle ihoalueelle kosteutta, joustavuutta ja kirkkautta ja tasoittaa n\u00e4in pikkujuonteita. Se sis\u00e4lt\u00e4\u00e4 antioksidanttisia luomuyrttiuutoksia ja ihoa hoitavia luomukasvi\u00f6ljyj\u00e4.<\/p>\n<p>Levit\u00e4 voidetta aamuin, illoin hyvin ohuesti ja hell\u00e4sti taputellen silmien ja suun ymp\u00e4rysiholle.<\/p>\n<p>1420,00 \u20ac\/L<\/p>\n<p>&nbsp;<\/p>\n","protected":false},"excerpt":{"rendered":"<p>Frantsila Midsummer Rose Silm\u00e4nymp\u00e4rysvoiteen hoitavat ja ravitsevat luomuyrtti- ja \u00f6ljyuutokset sek\u00e4 muut luonnon antioksidanttiset raaka-aineet antavat silm\u00e4alueen herk\u00e4lle iholle kosteutta, joustavuutta ja kirkkautta tasoittaen n\u00e4in pintaryppyj\u00e4 ja pikkujuonteita. Samalla turvotus ja silm\u00e4pussit madaltuvat sek\u00e4 stressaantuneet silm\u00e4t virkistyv\u00e4t esim. tietokonety\u00f6skentely\u00e4 tekevill\u00e4 henkil\u00f6ill\u00e4. Voide sopii k\u00e4ytett\u00e4v\u00e4ksi my\u00f6s suun ymp\u00e4rill\u00e4.<\/p>\n<div class=\"mainContent\">\n<p>Luomulaatuiset, kylm\u00e4puristetut kasvi\u00f6ljyt (jojoba-, karite-, helokin siemen-, argaani- sek\u00e4 tyrnin siemen- ja marja\u00f6ljyt) ravitsevat ihoa ja elvytt\u00e4v\u00e4t sen terveit\u00e4 toimintoja.<\/p>\n<p>Kotimaiset luomuyrttiuutokset (ratamo, m\u00e4kikuisma, peltokorte, voikukka, ruiskaunokki, pihat\u00e4htim\u00f6, poimulehti) vastustavat sis\u00e4lt\u00e4miens\u00e4 antioksidanttien ansiosta soluissa tapahtuvia vapaiden radikaalien hy\u00f6kk\u00e4yksi\u00e4. N\u00e4in iho elpyy, uudistuu ja pysyy kimmoisana. Santelipuun aito aromaterapeuttinen eteerinen \u00f6ljy rauhoittaa herkint\u00e4kin ihoa.<\/p>\n<p>Luomulaatuiset kukkaterapeuttiset uutokset (mustikka, niittyhumala, villiruusu) virkist\u00e4v\u00e4t ihosoluja ja nostavat mielialaa. Keh\u00e4kukan homeopaattinen uutos virkist\u00e4\u00e4 silmi\u00e4 sek\u00e4 elvytt\u00e4\u00e4 herk\u00e4n ihokudoksen terveytt\u00e4. Se my\u00f6s rauhoittaa iho\u00e4rsytyst\u00e4. Luonnon tokoferoli eli E-vitamiini elvytt\u00e4\u00e4 ihokudoksen terveytt\u00e4.<\/p>\n<\/div>\n<div class=\"mainContent\">\n<div>Ei el\u00e4inper\u00e4isi\u00e4 ainesosia<\/div>\n<div>Ei testattu el\u00e4imill\u00e4<\/div>\n<div>\n<p>Aqua (Vesi), *Simmondsia chinensis (Jojoba) siemen\u00f6ljy, Cetearyl Alcohol (Setearyylialkoholi), *Plantago lanceolata (Hein\u00e4ratamo) lehtiuutos, *Hypericum perforatum (M\u00e4kikuisma) kukkauutos, *Equisetum arvense (Peltokorte) uutos, *Taraxacum officinale (Voikukka) lehtiuutos, *Centaurea cyanus (Ruiskaunokki) kukkauutos, *Butyrospermum parkii (Karite) voi, *Helianthus annuus (Auringonkukka) siemen\u00f6ljy, *Oenothera biennis (Iltahelokki) siemen\u00f6ljy, *Hippophae rhamnoides (Tyrni) marja\u00f6ljy, *Argania spinosa (Argan) \u00f6ljy, *Hippophae rhamnoides (Tyrni) siemen\u00f6ljy, *Rosmarinus officinalis (Rosmariini) lehtiuute, Olea europaea (Oliivi) lehtiuute, Glycerin (Kasviglyseriini), Picea abies (Kuusi) sis\u00e4oksauute, *Alcohol denat. (Alkoholi denat.), *Stellaria media (Pihat\u00e4htim\u00f6) uutos, *Alchemilla vulgaris (Poimulehti) lehtiuutos, Santalum album (Santelipuu) eteerinen \u00f6ljy, Cetearyl Glucoside (Setearyyliglukosidi), Sodium Dehydroacetate (Natriumdehydroasetaatti), Xanthan Gum (Ksantaanikumi), Coco Glucoside (Kookosglukosidi), Tocopherol (Tokoferoli, Luonnon E-vit.), Sodium Benzoate (Natriumbentsoaatti), Lactic Acid (Maitohappo), Menthol (Mentoli), *Vaccinium myrtillus (Mustikka) kukkaterapeuttinen uutos, *Prunella vulgaris (Niittyhumala) kukkaterapeuttinen uutos, *Rosa canina (Villiruusu) kukkaterapeuttinen uutos.<\/p>\n<p>*Luomua<\/p>\n<\/div>\n<\/div>\n","protected":false},"featured_media":9080,"comment_status":"closed","ping_status":"closed","template":"","meta":{"_acf_changed":false},"pwb-brand":[365],"product_brand":[],"product_cat":[211],"product_tag":[],"class_list":{"0":"post-10538","1":"product","2":"type-product","3":"status-publish","4":"has-post-thumbnail","6":"pwb-brand-frantsila-fi","7":"product_cat-luonnonkosmetiikka","9":"first","10":"instock","11":"shipping-taxable","12":"purchasable","13":"product-type-simple"},"acf":[],"brands":[{"id":365,"name":"Frantsila","slug":"frantsila-fi"}],"_links":{"self":[{"href":"https:\/\/tervisetoode.ee\/fi\/wp-json\/wp\/v2\/product\/10538","targetHints":{"allow":["GET"]}}],"collection":[{"href":"https:\/\/tervisetoode.ee\/fi\/wp-json\/wp\/v2\/product"}],"about":[{"href":"https:\/\/tervisetoode.ee\/fi\/wp-json\/wp\/v2\/types\/product"}],"replies":[{"embeddable":true,"href":"https:\/\/tervisetoode.ee\/fi\/wp-json\/wp\/v2\/comments?post=10538"}],"wp:featuredmedia":[{"embeddable":true,"href":"https:\/\/tervisetoode.ee\/fi\/wp-json\/wp\/v2\/media\/9080"}],"wp:attachment":[{"href":"https:\/\/tervisetoode.ee\/fi\/wp-json\/wp\/v2\/media?parent=10538"}],"wp:term":[{"taxonomy":"pwb-brand","embeddable":true,"href":"https:\/\/tervisetoode.ee\/fi\/wp-json\/wp\/v2\/pwb-brand?post=10538"},{"taxonomy":"product_brand","embeddable":true,"href":"https:\/\/tervisetoode.ee\/fi\/wp-json\/wp\/v2\/product_brand?post=10538"},{"taxonomy":"product_cat","embeddable":true,"href":"https:\/\/tervisetoode.ee\/fi\/wp-json\/wp\/v2\/product_cat?post=10538"},{"taxonomy":"product_tag","embeddable":true,"href":"https:\/\/tervisetoode.ee\/fi\/wp-json\/wp\/v2\/product_tag?post=10538"}],"curies":[{"name":"wp","href":"https:\/\/api.w.org\/{rel}","templated":true}]}}