{"id":10539,"date":"2016-11-10T15:00:06","date_gmt":"2016-11-10T15:00:06","guid":{"rendered":"https:\/\/tervisetoode.ee\/?post_type=product&#038;p=10539"},"modified":"2024-12-10T13:53:22","modified_gmt":"2024-12-10T13:53:22","slug":"frantsila-ruusu-kasvo-oljy-30-ml","status":"publish","type":"product","link":"https:\/\/tervisetoode.ee\/fi\/toode\/frantsila-ruusu-kasvo-oljy-30-ml\/","title":{"rendered":"Frantsila RUUSU KASVO-\u00d6LJY 30 ml"},"content":{"rendered":"<p><strong>Frantsila RUUSU KASVO-\u00d6LJY 30 ml &#8211; Kosteuttava ja elvytt\u00e4v\u00e4 luomukasvo\u00f6ljy<\/strong><\/p>\n<p>Aromaterapeuttinen, suloisen tuoksuinen luomu\u00f6ljy tekee ihon samettisen pehme\u00e4ksi ja auttaa ihoa s\u00e4ilytt\u00e4m\u00e4\u00e4n kosteutensa.<\/p>\n<p>K\u00e4ytt\u00f6ohje: K\u00e4yt\u00e4 aamuin illoin ravitsemaan ihoasi sellaisenaan tai voiteen kera.<\/p>\n<p>Ei el\u00e4inkokeita, el\u00e4inper\u00e4isi\u00e4 aineita, GMO:ta, mineraali\u00f6ljyj\u00e4, silikaatteja, keinotekoisia hajusteita, v\u00e4riaineita tai s\u00e4il\u00f6nt\u00e4aineita.<\/p>\n<p>Raaka-aineet t\u00e4ytt\u00e4v\u00e4t eurooppalaiset luonnonkosmetiikkastandardit.<\/p>\n<div>830,00\u20ac\/L<\/div>\n<div>\n<p>&nbsp;<\/p>\n<\/div>\n","protected":false},"excerpt":{"rendered":"<p>Ingredients: (* merkityt ovat luomulaatua)<br \/>\n*Simmondsia chinensis\u00a0\u00a0\u00a0 Jojoba\u00f6ljy. \u00d6ljym\u00e4inen luomuvaha, joka hoitaa ja elvytt\u00e4\u00e4 ihon toimintoja sis\u00e4lt\u00e4miens\u00e4 proteiinien ja antioksidanttien avulla.<br \/>\n*Prunus armeniaca\u00a0\u00a0\u00a0 Aprikoosin kivi\u00f6ljy. Aprikoosin siemenist\u00e4 puristettu luomu\u00f6ljy hoitaa ja kirkastaa ihoa<br \/>\n*Prunus amydgalus dulcis \u00a0\u00a0\u00a0 Manteli\u00f6ljy. Ihoa pehmitt\u00e4v\u00e4, rasvatasapainoa normalisoiva sek\u00e4 palohaavoja parantava luomu\u00f6ljy.<br \/>\n*Rosa pimpinellifolia\u00a0\u00a0\u00a0 Suomalaisten ruusulajikkeiden kukista tehty luomu\u00f6ljyuutos. Hoitaa veltostunuttakin stressi-ihoa ja est\u00e4\u00e4 couperosaa eli pintaverisuonten laajentumista.<br \/>\n*Rosa damascena\u00a0\u00a0\u00a0 Damaskuksen ruusun luomulaatuinen eteerinen \u00f6ljy. Avaa syd\u00e4men onnellisuuden ja tuo kes\u00e4n kasvoille. Est\u00e4\u00e4 couperosaa.<br \/>\nCitrus paradisi\u00a0\u00a0\u00a0 Greippi, aromaterapeuttinen eteerinen \u00f6ljy. Virkist\u00e4\u00e4 ihokudoksen aineenvaihduntaa ja poistaa turvotusta.<br \/>\nCitrus aurantium\u00a0\u00a0\u00a0 Petitgrain, aromaterapeuttinen eteerinen \u00f6ljy. Pirist\u00e4\u00e4 mielialaa ja desinfioi ihoa.<br \/>\nCitrus sinensis\u00a0\u00a0\u00a0 Appelsiini, aromaterapeuttinen eteerinen \u00f6ljy.\u00a0 Rentouttava ja mielialaa kohottava ja ihon tonusta parantava tuoksu\u00f6ljy.<br \/>\nBoswellia carteri\u00a0\u00a0\u00a0 Frankinsensi, aromaterapeuttinen eteerinen \u00f6ljy. Eritt\u00e4in arvostettu \u00f6ljy kuivan ja vanhenevan ihon hoidossa. Se rauhoittaa my\u00f6s mielt\u00e4.<br \/>\nCympopogon martini\u00a0\u00a0\u00a0 Palmarosa, aromaterapeuttinen eteerinen \u00f6ljy. Antibakteerinen \u00f6ljy, joka tasapainottaa talinerityst\u00e4 ja parantaa vanhoja arpia ja katkenneita verisuonia.<br \/>\nPelargonium asperum\u00a0\u00a0\u00a0 Pelargoni, aromaterapeuttinen eteerinen \u00f6ljy. Poistaa turvotusta ja hellii vanhenevaa ihoa.<br \/>\n*Rosa canina\u00a0\u00a0\u00a0 Villiruusun kukkaterapeuttinen uutos. Tuo ihosolukkoon uutta vitaliteettia ja mieleen positiivisuutta ja sulokkuutta. Saa ihon hele\u00e4ksi, hohtavaksi ja onnelliseksi.<\/p>\n","protected":false},"featured_media":10542,"comment_status":"closed","ping_status":"closed","template":"","meta":{"_acf_changed":false},"pwb-brand":[365],"product_brand":[],"product_cat":[211],"product_tag":[],"class_list":{"0":"post-10539","1":"product","2":"type-product","3":"status-publish","4":"has-post-thumbnail","6":"pwb-brand-frantsila-fi","7":"product_cat-luonnonkosmetiikka","9":"first","10":"instock","11":"shipping-taxable","12":"purchasable","13":"product-type-simple"},"acf":[],"brands":[{"id":365,"name":"Frantsila","slug":"frantsila-fi"}],"_links":{"self":[{"href":"https:\/\/tervisetoode.ee\/fi\/wp-json\/wp\/v2\/product\/10539","targetHints":{"allow":["GET"]}}],"collection":[{"href":"https:\/\/tervisetoode.ee\/fi\/wp-json\/wp\/v2\/product"}],"about":[{"href":"https:\/\/tervisetoode.ee\/fi\/wp-json\/wp\/v2\/types\/product"}],"replies":[{"embeddable":true,"href":"https:\/\/tervisetoode.ee\/fi\/wp-json\/wp\/v2\/comments?post=10539"}],"wp:featuredmedia":[{"embeddable":true,"href":"https:\/\/tervisetoode.ee\/fi\/wp-json\/wp\/v2\/media\/10542"}],"wp:attachment":[{"href":"https:\/\/tervisetoode.ee\/fi\/wp-json\/wp\/v2\/media?parent=10539"}],"wp:term":[{"taxonomy":"pwb-brand","embeddable":true,"href":"https:\/\/tervisetoode.ee\/fi\/wp-json\/wp\/v2\/pwb-brand?post=10539"},{"taxonomy":"product_brand","embeddable":true,"href":"https:\/\/tervisetoode.ee\/fi\/wp-json\/wp\/v2\/product_brand?post=10539"},{"taxonomy":"product_cat","embeddable":true,"href":"https:\/\/tervisetoode.ee\/fi\/wp-json\/wp\/v2\/product_cat?post=10539"},{"taxonomy":"product_tag","embeddable":true,"href":"https:\/\/tervisetoode.ee\/fi\/wp-json\/wp\/v2\/product_tag?post=10539"}],"curies":[{"name":"wp","href":"https:\/\/api.w.org\/{rel}","templated":true}]}}