{"id":10556,"date":"2016-05-05T22:36:50","date_gmt":"2016-05-05T22:36:50","guid":{"rendered":"https:\/\/tervisetoode.ee\/?post_type=product&#038;p=10556"},"modified":"2024-12-10T13:53:24","modified_gmt":"2024-12-10T13:53:24","slug":"frantsila-virkistava-jalkavoide-100g","status":"publish","type":"product","link":"https:\/\/tervisetoode.ee\/fi\/toode\/frantsila-virkistava-jalkavoide-100g\/","title":{"rendered":"Frantsila Virkist\u00e4v\u00e4 JALKAVOIDE 100g"},"content":{"rendered":"<h4>Frantsila Virkist\u00e4v\u00e4 JALKAVOIDE<\/h4>\n<p>Tehokkaasti hoitava ja kosteuttava voide on t\u00e4ynn\u00e4 luonnon tehoaineita: turvotusta poistavia luomuyrttiuutoksia, ravitsevia manteli- ja jojoba\u00f6ljyj\u00e4 sek\u00e4 jalkoja virkist\u00e4vi\u00e4 aromaterapeuttisia eteerisi\u00e4 \u00f6ljyj\u00e4.<\/p>\n<p>Sokeriruokomuovista valmistettu tuubi.<\/p>\n<p>K\u00e4ytt\u00f6ohje: Levit\u00e4 aamuin illoin jalkojen ja s\u00e4\u00e4rien iholle, erityisesti suonikohjujen alueelle.<\/p>\n<p>VEGAANINEN TUOTE<\/p>\n<p>209,00 \u20ac\/L<\/p>\n<p>&nbsp;<\/p>\n<p>&nbsp;<\/p>\n","protected":false},"excerpt":{"rendered":"<div class=\"content\">\n<div class=\"container\">\n<div class=\"row\">\n<div class=\"col-sm-8\">\n<div class=\"product-tabs\">\n<div class=\"tab-content\">\n<div id=\"ingredients\" class=\"tab-pane active\">\n<p>Aineosat : \u00a0Aqua (Vesi), *Helianthus annuus (Auringonkukka) siemen\u00f6ljy, *Rosa damascena (Ruusu) kukkaisvesi, *Alcohol denat. (Alkoholi denat.), Cetearyl Olivate (Setearyyliolivaatti), Sorbitan Olivate (Sorbitaaniolivaatti), Cetyl Alcohol (Setyylialkoholi), Cupressus sempervirens (Sypressi) eteerinen \u00f6ljy, *Prunus amygdalus dulcis (Manteli) \u00f6ljy, *Simmondsia chinensis (Jojoba) siemen\u00f6ljy, *Aesculus hippocastanum (Hevoskastanja) siemenuutos, *Rosmarinus officinalis (Rosmariini) lehtiuute, *Calendula officinalis (Keh\u00e4kukka) kukkauutos, *Achillea millefolium (Siank\u00e4rs\u00e4m\u00f6) kukkauutos, *Urtica dioica (Nokkonen) lehtiuutos, *Taraxacum officinale (Voikukka) lehtiuutos, *Hypericum perforatum (M\u00e4kikuisma) kukkauutos, *Plantago lanceolata (Hein\u00e4ratamo) lehtiuutos, *Hyssopus officinalis (Iisoppi) uutos, Propanediol (Propaanidioli), Picea abies (Kuusi) uute, Olea europaea (Oliivi) lehtiuute, Pelargonium graveolens (Pelargoni) eteerinen \u00f6ljy, Boswellia neglecta (Frankinsensi) eteerinen \u00f6ljy, Rosa damascena (Ruusu) eteerinen \u00f6ljy, Sodium Dehydroacetate (Natriumdehydroasetaatti), Xanthan Gum (Ksantaanikumi), Sodium Benzoate (Natriumbentsoaatti), Tocopherol (Tokoferoli, Luonnon E-vit.), Lactic Acid (Maitohappo), Menthol (Mentoli), *Urtica dioica (Nokkonen) kukkaterapeuttinen uutos, *Achillea millefolium (Siank\u00e4rs\u00e4m\u00f6) kukkaterapeuttinen uutos, *Taraxacum officinale (Voikukka) kukkaterapeuttinen uutos, **Limoneeni, **Linaloli, **Sitraali, **Sitronelloli, **Geranioli.<\/p>\n<p>*Luomua<br \/>\n**Eteerisen \u00f6ljyn luonnollinen osa<\/p>\n<\/div>\n<\/div>\n<\/div>\n<\/div>\n<\/div>\n<\/div>\n<\/div>\n<div class=\"footer-nav\"><\/div>\n","protected":false},"featured_media":9131,"comment_status":"closed","ping_status":"closed","template":"","meta":{"_acf_changed":false},"pwb-brand":[365],"product_brand":[],"product_cat":[211],"product_tag":[],"class_list":{"0":"post-10556","1":"product","2":"type-product","3":"status-publish","4":"has-post-thumbnail","6":"pwb-brand-frantsila-fi","7":"product_cat-luonnonkosmetiikka","9":"first","10":"outofstock","11":"shipping-taxable","12":"purchasable","13":"product-type-simple"},"acf":[],"brands":[{"id":365,"name":"Frantsila","slug":"frantsila-fi"}],"_links":{"self":[{"href":"https:\/\/tervisetoode.ee\/fi\/wp-json\/wp\/v2\/product\/10556","targetHints":{"allow":["GET"]}}],"collection":[{"href":"https:\/\/tervisetoode.ee\/fi\/wp-json\/wp\/v2\/product"}],"about":[{"href":"https:\/\/tervisetoode.ee\/fi\/wp-json\/wp\/v2\/types\/product"}],"replies":[{"embeddable":true,"href":"https:\/\/tervisetoode.ee\/fi\/wp-json\/wp\/v2\/comments?post=10556"}],"wp:featuredmedia":[{"embeddable":true,"href":"https:\/\/tervisetoode.ee\/fi\/wp-json\/wp\/v2\/media\/9131"}],"wp:attachment":[{"href":"https:\/\/tervisetoode.ee\/fi\/wp-json\/wp\/v2\/media?parent=10556"}],"wp:term":[{"taxonomy":"pwb-brand","embeddable":true,"href":"https:\/\/tervisetoode.ee\/fi\/wp-json\/wp\/v2\/pwb-brand?post=10556"},{"taxonomy":"product_brand","embeddable":true,"href":"https:\/\/tervisetoode.ee\/fi\/wp-json\/wp\/v2\/product_brand?post=10556"},{"taxonomy":"product_cat","embeddable":true,"href":"https:\/\/tervisetoode.ee\/fi\/wp-json\/wp\/v2\/product_cat?post=10556"},{"taxonomy":"product_tag","embeddable":true,"href":"https:\/\/tervisetoode.ee\/fi\/wp-json\/wp\/v2\/product_tag?post=10556"}],"curies":[{"name":"wp","href":"https:\/\/api.w.org\/{rel}","templated":true}]}}