{"id":10557,"date":"2016-05-05T22:36:50","date_gmt":"2016-05-05T22:36:50","guid":{"rendered":"https:\/\/tervisetoode.ee\/?post_type=product&#038;p=10557"},"modified":"2024-12-10T13:53:24","modified_gmt":"2024-12-10T13:53:24","slug":"frantsila-jalkasuihke-50-ml","status":"publish","type":"product","link":"https:\/\/tervisetoode.ee\/fi\/toode\/frantsila-jalkasuihke-50-ml\/","title":{"rendered":"Frantsila JALKASUIHKE 50 ml"},"content":{"rendered":"<div class=\"content\">\n<div class=\"container\">\n<div class=\"row\">\n<div class=\"col-sm-8\">\n<div class=\"product-tabs\">\n<div class=\"tab-content\">\n<div id=\"info\" class=\"tab-pane active\">\n<h4>Frantsila Luonto\u00e4idin raikastava JALKASUIHKE 50 ml<\/h4>\n<p>Luonto\u00e4idin jalkasuihke raikastaa ja virkist\u00e4\u00e4 jalkoja luonnollisella, tehokkaalla ja turvallisella tavalla. Jalkasuihkeen sis\u00e4lt\u00e4m\u00e4t aineosat ennaltaehk\u00e4isev\u00e4t ja hoitavat hajuhaittoja, virkist\u00e4v\u00e4t v\u00e4syneit\u00e4 jalkoja sek\u00e4 elvytt\u00e4v\u00e4t verenkiertoa Aineosat (88% luomuraaka-aineita): Kotimainen luomukeh\u00e4kukan yrttiuutos parantaa ihon epiteeli\u00e4, tuhoaa hiivaa, rauhoittaa tulehduksia, elvytt\u00e4\u00e4 lymfan kulkua ja hoitaa laskimosuonia. Luomuhevoskastanja elvytt\u00e4\u00e4 laskimoverenkiertoa ja hoitaa suonikohjuja. Aaloe pit\u00e4\u00e4 yll\u00e4 ihon hyv\u00e4\u00e4 kosteustasapainoa ja hoitaa ihoa. Aromaterapeuttiset eteeriset \u00f6ljyt; Piparminttu viilent\u00e4\u00e4 ja raikastaa Rosmariini elvytt\u00e4\u00e4 verenkiertoa Salvia hoitaa hajuhaittoja ja est\u00e4\u00e4 bakteerien kasvua Laventeli hoitaa ihoa ja rauhoittaa, est\u00e4\u00e4 bakteerien kasvua Teepuu on antibakteerinen sek\u00e4 hoitaa mm. jalkasient\u00e4 Timjami hoitaa hajuhaittoja tuhoamalla bakteereita. Luomupiparmintun tislattu vesi virkist\u00e4\u00e4. Suomalaiseen kukkaterapiaan perustuvat luonnonmukaiset kukkauutteet nokkonen, siank\u00e4rs\u00e4m\u00f6 ja voikukka virkist\u00e4v\u00e4t, elvytt\u00e4v\u00e4t ja vahvistavat sek\u00e4 antavat suojaa. K\u00e4ytt\u00f6ohje: Suihkuta suoraan iholle p\u00e4ivitt\u00e4in ja tarvittaessa useammin. Voit suihkuttaa tuotetta my\u00f6s kenkien sis\u00e4osiin.<\/p>\n<p>Vinkki; jos treenaat s\u00e4\u00e4nn\u00f6llisesti sis\u00e4- tai ulkoliikuntaa, niin sumuta aina treenien j\u00e4lkeen 1-2 suihkausta treenikenkiin. N\u00e4in keng\u00e4t pysyv\u00e4t raikkaan tuoksuisina.<\/p>\n<\/div>\n<p><a class=\"btn\" href=\"http:\/\/www.frantsilankehakukka.fi\/product\/185\/Frantsila JALKASUIHKE 50 ml\" target=\"_blank\" rel=\"noopener noreferrer\">Tarkat tuotetiedot<\/a><\/p>\n<\/div>\n<\/div>\n<\/div>\n<\/div>\n<\/div>\n<\/div>\n<div class=\"footer-nav\">240,00 \u20ac\/L<\/div>\n","protected":false},"excerpt":{"rendered":"<p>Aqua (Vesi), *Alcohol denat. (Alkoholi denat.), Caprylyl\/Capryl Glucoside (Kaprylyyli\/Kapryyliglukosidi), *Calendula officinalis (Keh\u00e4kukka) kukkauutos, *Aesculus hippocastanum (Hevoskastanja) siemenuutos, Mentha piperita (Piparminttu) eteerinen \u00f6ljy, *Aloe barbadensis (Aloe vera) lehtiuute, Rosmarinus officinalis (Rosmariini) eteerinen \u00f6ljy, Salvia officinalis (Salvia) eteerinen \u00f6ljy, Lavandula angustifolia (Laventeli) eteerinen \u00f6ljy, Melaleuca alternifolia (Teepuu) eteerinen \u00f6ljy, Thymus vulgaris (Timjami) eteerinen \u00f6ljy, Sodium Cocoyl Glutamate (Natriumkokoyyliglutamaatti), Glyceryl Caprylate (Glyseryylikaprylaatti), Citric Acid (Sitruunahappo), Polyglyceryl-6 Oleate (Polyglyseryyli-6-oleaatti), Sodium Surfactin (Natriumsurfaktiini), Menthol (Mentoli), *Urtica dioica (Nokkonen) kukkaterapeuttinen uutos, *Achillea millefolium (Siank\u00e4rs\u00e4m\u00f6) kukkaterapeuttinen uutos, *Taraxacum officinale (Voikukka) kukkaterapeuttinen uutos, **Linaloli, **Limoneeni.<\/p>\n<p>*Luomua<br \/>\n**Eteerisen \u00f6ljyn luonnollinen osa<\/p>\n","protected":false},"featured_media":9133,"comment_status":"closed","ping_status":"closed","template":"","meta":{"_acf_changed":false},"pwb-brand":[365],"product_brand":[],"product_cat":[211,216],"product_tag":[],"class_list":{"0":"post-10557","1":"product","2":"type-product","3":"status-publish","4":"has-post-thumbnail","6":"pwb-brand-frantsila-fi","7":"product_cat-luonnonkosmetiikka","8":"product_cat-hygieniatuotteet","10":"first","11":"instock","12":"shipping-taxable","13":"purchasable","14":"product-type-simple"},"acf":[],"brands":[{"id":365,"name":"Frantsila","slug":"frantsila-fi"}],"_links":{"self":[{"href":"https:\/\/tervisetoode.ee\/fi\/wp-json\/wp\/v2\/product\/10557","targetHints":{"allow":["GET"]}}],"collection":[{"href":"https:\/\/tervisetoode.ee\/fi\/wp-json\/wp\/v2\/product"}],"about":[{"href":"https:\/\/tervisetoode.ee\/fi\/wp-json\/wp\/v2\/types\/product"}],"replies":[{"embeddable":true,"href":"https:\/\/tervisetoode.ee\/fi\/wp-json\/wp\/v2\/comments?post=10557"}],"wp:featuredmedia":[{"embeddable":true,"href":"https:\/\/tervisetoode.ee\/fi\/wp-json\/wp\/v2\/media\/9133"}],"wp:attachment":[{"href":"https:\/\/tervisetoode.ee\/fi\/wp-json\/wp\/v2\/media?parent=10557"}],"wp:term":[{"taxonomy":"pwb-brand","embeddable":true,"href":"https:\/\/tervisetoode.ee\/fi\/wp-json\/wp\/v2\/pwb-brand?post=10557"},{"taxonomy":"product_brand","embeddable":true,"href":"https:\/\/tervisetoode.ee\/fi\/wp-json\/wp\/v2\/product_brand?post=10557"},{"taxonomy":"product_cat","embeddable":true,"href":"https:\/\/tervisetoode.ee\/fi\/wp-json\/wp\/v2\/product_cat?post=10557"},{"taxonomy":"product_tag","embeddable":true,"href":"https:\/\/tervisetoode.ee\/fi\/wp-json\/wp\/v2\/product_tag?post=10557"}],"curies":[{"name":"wp","href":"https:\/\/api.w.org\/{rel}","templated":true}]}}