{"id":10569,"date":"2016-05-05T22:36:44","date_gmt":"2016-05-05T22:36:44","guid":{"rendered":"https:\/\/tervisetoode.ee\/?post_type=product&#038;p=10569"},"modified":"2024-12-10T13:53:25","modified_gmt":"2024-12-10T13:53:25","slug":"frantsila-luomu-perusvoide-200ml","status":"publish","type":"product","link":"https:\/\/tervisetoode.ee\/fi\/toode\/frantsila-luomu-perusvoide-200ml\/","title":{"rendered":"Frantsila LUOMU PERUSVOIDE 200ml"},"content":{"rendered":"<h4>Frantsila LUOMU PERUSVOIDE<\/h4>\n<p><strong>Hell\u00e4varainen ja luonnollinen perusvoide on tarkoitettu koko perheelle koko kehon hoitoon.<\/strong><\/p>\n<p>Voide ravitsee ihoa ja tekee sen samettisen pehme\u00e4ksi lis\u00e4ten samalla ihon kosteustekij\u00e4\u00e4 (NMF = Natural Moisturizing Factor). Tuote on erinomainen my\u00f6s kuivan ja atooppisen ihon hoidossa &#8211; my\u00f6s lapsilla. Se hoitaa niin talvisen kuivan huoneilman kuin veden tai auringon ahavoitamaa ja herkist\u00e4m\u00e4\u00e4 ihoa.<br \/>\nK\u00e4yt\u00e4 voidetta p\u00e4ivitt\u00e4in tai tarpeen mukaan erityisesti esim. suihkun, saunan, uimahallin tai auringonoton j\u00e4lkeen.<\/p>\n<p>VEGAANINEN TUOTE<\/p>\n<p>138,50 \u20ac\/L<\/p>\n<p>&nbsp;<\/p>\n","protected":false},"excerpt":{"rendered":"<p>Voide on valmistettu luontoper\u00e4isist\u00e4 raaka-aineista; mm. kylm\u00e4puristetusta, luomuviljellyst\u00e4 kookos\u00f6ljyst\u00e4 ja auringonkukan siemen\u00f6ljyst\u00e4 sek\u00e4 hoitavasta vitamiini- ja antioksidanttirikkaasta Frantsilan luomuratamo\u00f6ljyuutoksesta sek\u00e4 mielialaa tasapainottavista ja kohottavista kukkaterapeuttisista uutoksista.<br \/>\nVoiteen raaka-aineet ja valmistus t\u00e4ytt\u00e4v\u00e4t eurooppalaiset luonnonkosmetiikkastandardit.<br \/>\nTuote ei sis\u00e4ll\u00e4 mineraali\u00f6ljyj\u00e4 kuten parafiinia (Paraffin) eik\u00e4 vaseliinia (Petroleum), parabeenej\u00e4, silikaatteja, keinotekoisia hajusteita tai v\u00e4riaineita eik\u00e4 sit\u00e4 ole testattu el\u00e4imill\u00e4.<\/p>\n<p>Ingredients:<br \/>\nAqua (Vesi), *Cocos nucifera (Kookos) \u00f6ljy, *Helianthus annuus (Auringonkukka) siemen\u00f6ljy, Cetearyl Alcohol (Setearyylialkoholi), Coco Glucoside (Kookosglukosidi), Cetearyl Glucoside (Setearyyliglukosidi), *Plantago lanceolata (Hein\u00e4ratamo) lehtiuutos, Olea europaea (Oliivi) lehtiuute, Cananga odorata (Ylang ylang) eteerinen \u00f6ljy, Xanthan Gum (Ksantaanikumi), Sodium Dehydroacetate (Natriumdehydroasetaatti), Lactic Acid (Maitohappo), Sodium Benzoate (Natriumbentsoaatti), Tocopherol (Tokoferoli, Luonnon E-vit.), *Achillea millefolium (Siank\u00e4rs\u00e4m\u00f6) kukkaterapeuttinen uutos, Taraxacum officinale (Voikukka) kukkaterapeuttinen uutos, **Linaloli.<\/p>\n<p>*Luomua<br \/>\n**Eteerisen \u00f6ljyn luonnollinen osa<\/p>\n","protected":false},"featured_media":9095,"comment_status":"closed","ping_status":"closed","template":"","meta":{"_acf_changed":false},"pwb-brand":[365],"product_brand":[],"product_cat":[211,213],"product_tag":[],"class_list":{"0":"post-10569","1":"product","2":"type-product","3":"status-publish","4":"has-post-thumbnail","6":"pwb-brand-frantsila-fi","7":"product_cat-luonnonkosmetiikka","8":"product_cat-voiteet-ja-ensiaputuotteet","10":"first","11":"instock","12":"shipping-taxable","13":"purchasable","14":"product-type-simple"},"acf":[],"brands":[{"id":365,"name":"Frantsila","slug":"frantsila-fi"}],"_links":{"self":[{"href":"https:\/\/tervisetoode.ee\/fi\/wp-json\/wp\/v2\/product\/10569","targetHints":{"allow":["GET"]}}],"collection":[{"href":"https:\/\/tervisetoode.ee\/fi\/wp-json\/wp\/v2\/product"}],"about":[{"href":"https:\/\/tervisetoode.ee\/fi\/wp-json\/wp\/v2\/types\/product"}],"replies":[{"embeddable":true,"href":"https:\/\/tervisetoode.ee\/fi\/wp-json\/wp\/v2\/comments?post=10569"}],"wp:featuredmedia":[{"embeddable":true,"href":"https:\/\/tervisetoode.ee\/fi\/wp-json\/wp\/v2\/media\/9095"}],"wp:attachment":[{"href":"https:\/\/tervisetoode.ee\/fi\/wp-json\/wp\/v2\/media?parent=10569"}],"wp:term":[{"taxonomy":"pwb-brand","embeddable":true,"href":"https:\/\/tervisetoode.ee\/fi\/wp-json\/wp\/v2\/pwb-brand?post=10569"},{"taxonomy":"product_brand","embeddable":true,"href":"https:\/\/tervisetoode.ee\/fi\/wp-json\/wp\/v2\/product_brand?post=10569"},{"taxonomy":"product_cat","embeddable":true,"href":"https:\/\/tervisetoode.ee\/fi\/wp-json\/wp\/v2\/product_cat?post=10569"},{"taxonomy":"product_tag","embeddable":true,"href":"https:\/\/tervisetoode.ee\/fi\/wp-json\/wp\/v2\/product_tag?post=10569"}],"curies":[{"name":"wp","href":"https:\/\/api.w.org\/{rel}","templated":true}]}}