{"id":10572,"date":"2016-06-05T16:09:56","date_gmt":"2016-06-05T16:09:56","guid":{"rendered":"https:\/\/tervisetoode.ee\/?post_type=product&#038;p=10572"},"modified":"2025-01-24T13:50:42","modified_gmt":"2025-01-24T13:50:42","slug":"frantsila-terva-pihkasalva-19-g","status":"publish","type":"product","link":"https:\/\/tervisetoode.ee\/fi\/toode\/frantsila-terva-pihkasalva-19-g\/","title":{"rendered":"Frantsila TERVA-PIHKASALVA 19 g"},"content":{"rendered":"<div class=\"content\">\n<div class=\"container\">\n<div class=\"row\">\n<div class=\"col-sm-8\">\n<div class=\"product-tabs\">\n<div class=\"tab-content\">\n<div id=\"info\" class=\"tab-pane active\">\n<h4><strong>TERVA-PIHKASALVA<br \/>\n<\/strong><\/h4>\n<div class=\"col span_12 \">\n<div class=\"vc_col-sm-12 wpb_column column_container col no-extra-padding\">\n<div class=\"wpb_wrapper\">\n<div class=\"wpb_text_column wpb_content_element \">\n<div class=\"wpb_wrapper\">\n<p><span class=\"TextRun SCXW3096429 BCX9\" lang=\"FI-FI\" xml:lang=\"FI-FI\" data-contrast=\"none\"><span class=\"NormalTextRun SCXW3096429 BCX9\">Terva &amp; pihkasalva on m\u00f6kkikes\u00e4n ykk\u00f6stuote. Salva koostuu hell\u00e4varaisesta m\u00e4\u00e4r\u00e4st\u00e4 tehoaineita ja tunnistettavan\u00a0<\/span><span class=\"NormalTextRun SpellingErrorV2Themed SCXW3096429 BCX9\">tervaisasta<\/span><span class=\"NormalTextRun SCXW3096429 BCX9\">\u00a0tuoksusta.<\/span><\/span><span class=\"TextRun SCXW3096429 BCX9\" lang=\"FI-FI\" xml:lang=\"FI-FI\" data-contrast=\"none\"><span class=\"NormalTextRun SCXW3096429 BCX9\">\u00a0K\u00e4yt\u00e4 salvaa rauhoittamaan ja suojaamaan \u00e4rtynytt\u00e4 ja kutisevaa ihoa sek\u00e4 pehmitt\u00e4m\u00e4\u00e4n kovettumia.\u00a0<\/span><\/span><span class=\"EOP SCXW3096429 BCX9\" data-ccp-props=\"{&quot;201341983&quot;:0,&quot;335559685&quot;:0,&quot;335559739&quot;:160,&quot;335559740&quot;:259}\">Sopii koko vartalolle. Ei sovellu lapsille.\u00a0<\/span><\/p>\n<p>Pakkaukset on valmistettu kierr\u00e4tysmateriaaleista.<\/p>\n<\/div>\n<p>Sivele hoidettavalle alueelle tarvittaessa muutaman kerran p\u00e4iv\u00e4ss\u00e4. Ihon halkeamissa, kovettumissa ja paksuuntumissa voit tehostaa hoitovaikutusta peitt\u00e4m\u00e4ll\u00e4 alueen siteell\u00e4. Kantap\u00e4iden halkeamissa hoitovaikutusta voi tehostaa levitt\u00e4m\u00e4ll\u00e4 paksummin salvaa ja pit\u00e4m\u00e4ll\u00e4 sukat jalassa y\u00f6n yli.<\/p>\n<\/div>\n<\/div>\n<\/div>\n<\/div>\n<\/div>\n<\/div>\n<\/div>\n<\/div>\n<\/div>\n<\/div>\n<\/div>\n<div class=\"footer-nav\">\n<div class=\"content\">\n<div class=\"container\">\n<div class=\"row\">\n<div class=\"col-sm-8\">\n<div class=\"product-tabs\">\n<div class=\"tab-content\">\n<div id=\"instructions\" class=\"tab-pane active\">\n<p>1010,53 \u20ac\/kg<\/p>\n<\/div>\n<\/div>\n<\/div>\n<\/div>\n<\/div>\n<\/div>\n<\/div>\n<div class=\"footer-nav\"><\/div>\n<\/div>\n","protected":false},"excerpt":{"rendered":"<div class=\"content\">\n<div class=\"container\">\n<div class=\"row\">\n<div class=\"col-sm-8\">\n<div class=\"product-tabs\">\n<div class=\"tab-content\">\n<div id=\"ingredients\" class=\"tab-pane active\">\n<p>*Helianthus annuus (Auringonkukka) siemen\u00f6ljy, Beeswax (Mehil\u00e4isvaha), Picea abies (Kuusi) pihka, *Arctium lappa (Isotakiainen) juuriuutos, *Olea europaea (Oliivi) \u00f6ljy, Pyroleum pini (Terva).<\/p>\n<p>*Luomua<\/p>\n<p>&nbsp;<\/p>\n<\/div>\n<\/div>\n<\/div>\n<\/div>\n<\/div>\n<\/div>\n<\/div>\n","protected":false},"featured_media":9118,"comment_status":"closed","ping_status":"closed","template":"","meta":{"_acf_changed":false},"pwb-brand":[365],"product_brand":[],"product_cat":[213],"product_tag":[],"class_list":{"0":"post-10572","1":"product","2":"type-product","3":"status-publish","4":"has-post-thumbnail","6":"pwb-brand-frantsila-fi","7":"product_cat-voiteet-ja-ensiaputuotteet","9":"first","10":"instock","11":"shipping-taxable","12":"purchasable","13":"product-type-simple"},"acf":[],"brands":[{"id":365,"name":"Frantsila","slug":"frantsila-fi"}],"_links":{"self":[{"href":"https:\/\/tervisetoode.ee\/fi\/wp-json\/wp\/v2\/product\/10572","targetHints":{"allow":["GET"]}}],"collection":[{"href":"https:\/\/tervisetoode.ee\/fi\/wp-json\/wp\/v2\/product"}],"about":[{"href":"https:\/\/tervisetoode.ee\/fi\/wp-json\/wp\/v2\/types\/product"}],"replies":[{"embeddable":true,"href":"https:\/\/tervisetoode.ee\/fi\/wp-json\/wp\/v2\/comments?post=10572"}],"wp:featuredmedia":[{"embeddable":true,"href":"https:\/\/tervisetoode.ee\/fi\/wp-json\/wp\/v2\/media\/9118"}],"wp:attachment":[{"href":"https:\/\/tervisetoode.ee\/fi\/wp-json\/wp\/v2\/media?parent=10572"}],"wp:term":[{"taxonomy":"pwb-brand","embeddable":true,"href":"https:\/\/tervisetoode.ee\/fi\/wp-json\/wp\/v2\/pwb-brand?post=10572"},{"taxonomy":"product_brand","embeddable":true,"href":"https:\/\/tervisetoode.ee\/fi\/wp-json\/wp\/v2\/product_brand?post=10572"},{"taxonomy":"product_cat","embeddable":true,"href":"https:\/\/tervisetoode.ee\/fi\/wp-json\/wp\/v2\/product_cat?post=10572"},{"taxonomy":"product_tag","embeddable":true,"href":"https:\/\/tervisetoode.ee\/fi\/wp-json\/wp\/v2\/product_tag?post=10572"}],"curies":[{"name":"wp","href":"https:\/\/api.w.org\/{rel}","templated":true}]}}