{"id":10573,"date":"2017-04-27T15:12:11","date_gmt":"2017-04-27T15:12:11","guid":{"rendered":"https:\/\/tervisetoode.ee\/?post_type=product&#038;p=10573"},"modified":"2024-12-10T13:53:25","modified_gmt":"2024-12-10T13:53:25","slug":"frantsila-11-yrtin-hoitosalva","status":"publish","type":"product","link":"https:\/\/tervisetoode.ee\/fi\/toode\/frantsila-11-yrtin-hoitosalva\/","title":{"rendered":"Frantsila 11 YRTIN HOITOSALVA 19g"},"content":{"rendered":"<div class=\"content\">\n<div class=\"container\">\n<div class=\"row\">\n<div class=\"col-sm-8\">\n<div class=\"product-tabs\">\n<h4 class=\"tab-content\">Frantsila 11 YRTIN HOITOSALVA 19g<\/h4>\n<h3>Ihoa uudistava ja rauhoittava luomuyleisvoide, lempinimelt\u00e4\u00e4n \u201dFrantsilan ihmesalva\u201d.<\/h3>\n<ul>\n<li>Rauhoittamaan ihoa<\/li>\n<li>Elvytt\u00e4m\u00e4\u00e4n ihoa<\/li>\n<li>Iholle, joka kaipaa uusiutumista<\/li>\n<li>Sopii vauvan ja lapsen iholle<\/li>\n<\/ul>\n<ul>\n<li>Siank\u00e4rs\u00e4m\u00f6, takiainen ja pihatatar ravitsevat ja elvytt\u00e4v\u00e4t ihoa.<\/li>\n<li>Ukontulikukka ja puna-apila pehment\u00e4v\u00e4t ihoa.<\/li>\n<li>Piha- ja hein\u00e4ratamo, niittyhumala, m\u00e4kikuisma ja keh\u00e4kukka uudistavat, rauhoittavat ja hoitavat ihoa.<\/li>\n<li>Pihat\u00e4htim\u00f6 rauhoittaa kutinaa.<\/li>\n<li>Takiainen rahoittaa.<\/li>\n<li>Siank\u00e4rs\u00e4m\u00f6, ratamo ja keh\u00e4kukka desinfioivat ja uudistavat ihoa.<\/li>\n<li>M\u00e4kikuisma sek\u00e4 keh\u00e4kukka auttavat ihoa palautumaan liian auringon j\u00e4lkeen.<\/li>\n<\/ul>\n<div class=\"col span_12 \">\n<div class=\"wpb_wrapper\">\n<div class=\"wpb_text_column wpb_content_element \">\n<div class=\"wpb_wrapper\">\n<p>Salva sis\u00e4lt\u00e4\u00e4 11 yrtti\u00e4, joita suomalainen perinteinen kansanl\u00e4\u00e4kint\u00e4taito ja nyky-yrttitutkimus arvostavat tehokkaina ihorohtoina.<\/p>\n<\/div>\n<\/div>\n<\/div>\n<\/div>\n<p>Raaka-aineet ja valmistus t\u00e4ytt\u00e4v\u00e4t eurooppalaiset luonnonkosmetiikka- ja luomustandardit. Ei el\u00e4inkokeita, el\u00e4inper\u00e4isi\u00e4 tai geenimuunneltuja aineita, mineraali\u00f6ljyj\u00e4, silikaatteja, keinotekoisia v\u00e4ri- tai tuoksuaineita eik\u00e4 mit\u00e4\u00e4n s\u00e4il\u00f6nt\u00e4aineita.<\/p>\n<p><strong>K\u00e4ytt\u00f6ohje<\/strong><\/p>\n<p>Sivell\u00e4\u00e4n hoidettavalle iholle p\u00e4ivitt\u00e4in 2-4 kertaa tai tarvittaessa. Hoitovaikutusta voi tehostaa peitt\u00e4m\u00e4ll\u00e4 alue siteell\u00e4 tai laastarilla esim. syyl\u00e4t ja luomet, kovettumat ja ihon halkeamat.<\/p>\n<p>794,74\u20ac\/kg<\/p>\n<p>&nbsp;<\/p>\n<p>&nbsp;<\/p>\n<\/div>\n<\/div>\n<\/div>\n<\/div>\n<\/div>\n","protected":false},"excerpt":{"rendered":"<div class=\"content\">\n<div class=\"container\">\n<div class=\"row\">\n<div class=\"col-sm-8\">\n<div class=\"product-tabs\">\n<div class=\"tab-content\">\n<div id=\"ingredients\" class=\"tab-pane active\">\n<p>Helianthus annuus (auringonkukan siemen\u00f6ljy)*, Cera flava (mehil\u00e4isvaha), Olea europaea (oliivi\u00f6ljy)*, Plantago spp. (piha- ja hein\u00e4ratamon lehti, \u00f6ljyuutos)*, Trifolium pratense (puna-apilan kukka, \u00f6ljyuuutos)*, Prunella vulgaris (niittyhumala, \u00f6ljyuutos)*, Achillea millefolium (siank\u00e4rs\u00e4m\u00f6n kukka, \u00f6ljyuutos)*, Calendula officinalis (keh\u00e4kukan kukka, \u00f6ljyuutos)*, Stellaria media (pihat\u00e4htim\u00f6, \u00f6ljyuutos)*, Hypericum perforatum (m\u00e4kikuisman kukka, \u00f6ljyuutos)*, Polygonum aviculare (pihatatar, \u00f6ljyuutos)*, Verbascum thapsus (ukontulikukan kukka, \u00f6ljyuutos)*, Arctium lappa (takiaisen juuri, \u00f6ljyuutos)*, Bach:in Rescue remedy aputipat: Prunus cerasifera (kirsikkaluumu, kukkaterapeuttinen uutos)*, Clematis vitalba (saksank\u00e4rh\u00f6, kukkaterapeuttinen uutos), Impatiens ssp. (h\u00e4pykannus, kukkaterapeuttinen uutos)*, Helianthemum nummularium (p\u00e4iv\u00e4nnouto, kukkaterapeuttinen uutos)*, Ornithogalum umbellatum (sarjat\u00e4hdikki, kukkaterapeuttinen uutos)*, Prunella vulgaris (niittyhumala, kukkaterapeuttinen uutos)*, Carpinus betulus (valkopy\u00f6kki, kukkaterapeuttinen uutos)*.<\/p>\n<\/div>\n<\/div>\n<\/div>\n<\/div>\n<\/div>\n<\/div>\n<\/div>\n","protected":false},"featured_media":10576,"comment_status":"closed","ping_status":"closed","template":"","meta":{"_acf_changed":false},"pwb-brand":[365],"product_brand":[],"product_cat":[213],"product_tag":[],"class_list":{"0":"post-10573","1":"product","2":"type-product","3":"status-publish","4":"has-post-thumbnail","6":"pwb-brand-frantsila-fi","7":"product_cat-voiteet-ja-ensiaputuotteet","9":"first","10":"instock","11":"shipping-taxable","12":"purchasable","13":"product-type-simple"},"acf":[],"brands":[{"id":365,"name":"Frantsila","slug":"frantsila-fi"}],"_links":{"self":[{"href":"https:\/\/tervisetoode.ee\/fi\/wp-json\/wp\/v2\/product\/10573","targetHints":{"allow":["GET"]}}],"collection":[{"href":"https:\/\/tervisetoode.ee\/fi\/wp-json\/wp\/v2\/product"}],"about":[{"href":"https:\/\/tervisetoode.ee\/fi\/wp-json\/wp\/v2\/types\/product"}],"replies":[{"embeddable":true,"href":"https:\/\/tervisetoode.ee\/fi\/wp-json\/wp\/v2\/comments?post=10573"}],"wp:featuredmedia":[{"embeddable":true,"href":"https:\/\/tervisetoode.ee\/fi\/wp-json\/wp\/v2\/media\/10576"}],"wp:attachment":[{"href":"https:\/\/tervisetoode.ee\/fi\/wp-json\/wp\/v2\/media?parent=10573"}],"wp:term":[{"taxonomy":"pwb-brand","embeddable":true,"href":"https:\/\/tervisetoode.ee\/fi\/wp-json\/wp\/v2\/pwb-brand?post=10573"},{"taxonomy":"product_brand","embeddable":true,"href":"https:\/\/tervisetoode.ee\/fi\/wp-json\/wp\/v2\/product_brand?post=10573"},{"taxonomy":"product_cat","embeddable":true,"href":"https:\/\/tervisetoode.ee\/fi\/wp-json\/wp\/v2\/product_cat?post=10573"},{"taxonomy":"product_tag","embeddable":true,"href":"https:\/\/tervisetoode.ee\/fi\/wp-json\/wp\/v2\/product_tag?post=10573"}],"curies":[{"name":"wp","href":"https:\/\/api.w.org\/{rel}","templated":true}]}}