{"id":10593,"date":"2016-05-05T22:36:29","date_gmt":"2016-05-05T22:36:29","guid":{"rendered":"https:\/\/tervisetoode.ee\/?post_type=product&#038;p=10593"},"modified":"2026-01-22T12:25:06","modified_gmt":"2026-01-22T10:25:06","slug":"tervaskanto-pikioljy-10ml","status":"publish","type":"product","link":"https:\/\/tervisetoode.ee\/fi\/toode\/tervaskanto-pikioljy-10ml\/","title":{"rendered":"Tervaskanto Piki\u00f6ljy 10ml (493)"},"content":{"rendered":"<h4>Tervaskanto Piki\u00f6ljy<\/h4>\n<p>Piki\u00f6ljy on puhdas luonnontuote. Sit\u00e4 saadaan Lapin tervaskannoista tervanpolton yhteydess\u00e4. Piki\u00f6ljyss\u00e4 on tiivistetyss\u00e4 muodossa pohjoisen \u00f6ljykasvin, m\u00e4nnyn, terveytt\u00e4 tukevia ainesosia. Piki\u00f6ljy koostuu sadoista vaikuttavista aineista.<\/p>\n<p>Tervaskanto Piki\u00f6ljy on puhdasta piki\u00f6ljy\u00e4, joka ei sis\u00e4ll\u00e4 vett\u00e4 eik\u00e4 tervaa. Puhdasta piki\u00f6ljy\u00e4 saadaan tervatonnia kohden vain n. 60 litraa.<\/p>\n<p>Piki\u00f6ljy on vanhan kansan rohdos, jota on k\u00e4ytetty yht\u00e4 kauan kuin tervaa on poltettu.<\/p>\n<p>990.00 \u20ac\/L<\/p>\n<p>&nbsp;<\/p>\n","protected":false},"excerpt":{"rendered":"<p><strong>10ml<\/strong><\/p>\n<p>Ingredients: 100% Piki\u00f6ljy<\/p>\n","protected":false},"featured_media":8944,"comment_status":"closed","ping_status":"closed","template":"","meta":{"_acf_changed":false},"pwb-brand":[370],"product_brand":[],"product_cat":[213,214,278],"product_tag":[],"class_list":{"0":"post-10593","1":"product","2":"type-product","3":"status-publish","4":"has-post-thumbnail","6":"pwb-brand-tervaskanto-fi","7":"product_cat-voiteet-ja-ensiaputuotteet","8":"product_cat-eteeriset-oljyt","9":"product_cat-elaimille-fi","11":"first","12":"instock","13":"shipping-taxable","14":"purchasable","15":"product-type-simple"},"acf":[],"brands":[{"id":370,"name":"Tervaskanto","slug":"tervaskanto-fi"}],"_links":{"self":[{"href":"https:\/\/tervisetoode.ee\/fi\/wp-json\/wp\/v2\/product\/10593","targetHints":{"allow":["GET"]}}],"collection":[{"href":"https:\/\/tervisetoode.ee\/fi\/wp-json\/wp\/v2\/product"}],"about":[{"href":"https:\/\/tervisetoode.ee\/fi\/wp-json\/wp\/v2\/types\/product"}],"replies":[{"embeddable":true,"href":"https:\/\/tervisetoode.ee\/fi\/wp-json\/wp\/v2\/comments?post=10593"}],"wp:featuredmedia":[{"embeddable":true,"href":"https:\/\/tervisetoode.ee\/fi\/wp-json\/wp\/v2\/media\/8944"}],"wp:attachment":[{"href":"https:\/\/tervisetoode.ee\/fi\/wp-json\/wp\/v2\/media?parent=10593"}],"wp:term":[{"taxonomy":"pwb-brand","embeddable":true,"href":"https:\/\/tervisetoode.ee\/fi\/wp-json\/wp\/v2\/pwb-brand?post=10593"},{"taxonomy":"product_brand","embeddable":true,"href":"https:\/\/tervisetoode.ee\/fi\/wp-json\/wp\/v2\/product_brand?post=10593"},{"taxonomy":"product_cat","embeddable":true,"href":"https:\/\/tervisetoode.ee\/fi\/wp-json\/wp\/v2\/product_cat?post=10593"},{"taxonomy":"product_tag","embeddable":true,"href":"https:\/\/tervisetoode.ee\/fi\/wp-json\/wp\/v2\/product_tag?post=10593"}],"curies":[{"name":"wp","href":"https:\/\/api.w.org\/{rel}","templated":true}]}}