{"id":10604,"date":"2016-05-05T22:36:54","date_gmt":"2016-05-05T22:36:54","guid":{"rendered":"https:\/\/tervisetoode.ee\/?post_type=product&#038;p=10604"},"modified":"2024-12-10T13:53:28","modified_gmt":"2024-12-10T13:53:28","slug":"frantsila-iltaoljy-calm-10-ml","status":"publish","type":"product","link":"https:\/\/tervisetoode.ee\/fi\/toode\/frantsila-iltaoljy-calm-10-ml\/","title":{"rendered":"Frantsila ILTA\u00d6LJY, CALM 10 ml"},"content":{"rendered":"<h4><strong>ILTA\u00d6LJY, CALM \u2013eteerinen \u00f6ljy-jojoba\u00f6ljyseos, roll-on, 10ml, luomu<\/strong><br \/>\n\u00d6ljy stimuloi l\u00e4hinn\u00e4 parasympaattista eli tahdosta riippumatonta hermostoa. Laventeli on lis\u00e4ksi tunnettu unenantajana. \u00d6ljy sis\u00e4lt\u00e4\u00e4 mielt\u00e4 tasapainottavaa ja tyynnytt\u00e4v\u00e4\u00e4 laventelin sek\u00e4 mielialaa kohottavaa luomuappelsiinin eteerist\u00e4 \u00f6ljyj\u00e4. Ne ovat tietyiss\u00e4 tutkituissa suhteissa luomujojoba\u00f6ljyyn sekoitettuna. Tuotetta k\u00e4ytet\u00e4\u00e4n iltaisin noin 1-2 tuntia ennen nukkumaanmenoa pulssi- ja akupiste alueille samalla tuoksua syv\u00e4\u00e4n hengitt\u00e4en.<\/h4>\n<p><strong>MUISTIN VIRKIST\u00c4J\u00c4T <\/strong><br \/>\n<strong>\u2013luomu roll-on eteeriset \u00f6ljytuotteet muistin avuksi<\/strong><\/p>\n<p>Ik\u00e4\u00e4ntymisen ja my\u00f6s stressin yhteydess\u00e4 huonomuistisuus lis\u00e4\u00e4ntyy. On ennustettu, ett\u00e4 suomalaisista vanhuksista joka kolmas parinkymmenen vuoden p\u00e4\u00e4st\u00e4 kuolee dementoituneena. Frantsilan Luomuyrttitila on kehitt\u00e4nyt Memory Aromatics \u2013eteeriset \u00f6ljysekoitteet ennaltaehk\u00e4isem\u00e4\u00e4n ja helpottamaan sek\u00e4 lievitt\u00e4m\u00e4\u00e4n niin ty\u00f6ik\u00e4isten kuin vanhusten muistiongelmia hoitavien tuoksujen eli aromaterapian avulla. Tuotekehitysty\u00f6n taustana on pitk\u00e4aikaiset japanilaiset yliopistolliset tutkimukset mm. Alzheimerin taudista. (D. Jimbo, Y. Kimura, M. Tanguchi, M.Inoue, K. Urakrami, Tottori University, Effect of aromatherapy on patients with Alzheimer disease, Psychogeriatrics 2009; 9:173-179)<\/p>\n<p>Memory Aromatics \u00f6ljyiss\u00e4 on k\u00e4ytetty aitoja eteerisi\u00e4 \u00f6ljyj\u00e4, jotka vaikuttavat positiivisesti ihmisen muistiin ja vireystilaan k\u00e4ytettyn\u00e4 erityisesti aamu- ja iltatunteina. \u00d6ljyt eiv\u00e4t ko. tutkimuksessa aiheuttaneet mit\u00e4\u00e4n haitallisia vaikutuksia.<\/p>\n<p>\u00d6ljyseosta levitet\u00e4\u00e4n roll-on\u2019in kautta kehon t\u00e4rkeisiin pulssikohtiin. Sit\u00e4 kautta saadaan hermostolle ja aivoille niin verenkierron kuin hengitett\u00e4v\u00e4n ilmankin kautta hoitava vaikutus. Ranteiden sis\u00e4pinnat, ohimot, nen\u00e4n ja korvien alustat ovat n\u00e4it\u00e4 t\u00e4rkeit\u00e4 akupistealueita, joista hoitoimpulssit levi\u00e4v\u00e4t kehoon ja mieleen. My\u00f6s rinnan keskustaan eli syd\u00e4men t\u00e4rke\u00e4\u00e4n akupisteeseen, tunteiden keskukseen, suositellaan levitett\u00e4v\u00e4ksi tuotetta. Aamu\u00f6ljy\u00e4 k\u00e4ytet\u00e4\u00e4n aamulla ja Ilta\u00f6ljy\u00e4 illalla. N\u00e4in aivot saavat aamulla yleisvirkist\u00e4v\u00e4n ja muistia stimuloivan impulssin. Illalla mielt\u00e4 taas rauhoitetaan ja tyynnytet\u00e4\u00e4n niin, ett\u00e4 levollinen y\u00f6uni voi palauttaa ja korjata hermoston toimintaa taas seuraavaa p\u00e4iv\u00e4\u00e4 varten.<\/p>\n<p>1720.00 \u20ac\/l<\/p>\n","protected":false},"excerpt":{"rendered":"<p>*Simmondsia chinensis (Jojoba) siemen\u00f6ljy, Lavandula angustifolia (Laventeli) eteerinen \u00f6ljy, *Citrus aurantium dulcis (Appelsiini) eteerinen \u00f6ljy, **Limoneeni, **Linaloli, **Sitraali, **Sitronelloli, **Geranioli.<\/p>\n<p>*Luomua<br \/>\n**Eteerisen \u00f6ljyn luonnollinen osa<\/p>\n","protected":false},"featured_media":9171,"comment_status":"closed","ping_status":"closed","template":"","meta":{"_acf_changed":false},"pwb-brand":[365],"product_brand":[],"product_cat":[214],"product_tag":[],"class_list":{"0":"post-10604","1":"product","2":"type-product","3":"status-publish","4":"has-post-thumbnail","6":"pwb-brand-frantsila-fi","7":"product_cat-eteeriset-oljyt","9":"first","10":"instock","11":"shipping-taxable","12":"purchasable","13":"product-type-simple"},"acf":[],"brands":[{"id":365,"name":"Frantsila","slug":"frantsila-fi"}],"_links":{"self":[{"href":"https:\/\/tervisetoode.ee\/fi\/wp-json\/wp\/v2\/product\/10604","targetHints":{"allow":["GET"]}}],"collection":[{"href":"https:\/\/tervisetoode.ee\/fi\/wp-json\/wp\/v2\/product"}],"about":[{"href":"https:\/\/tervisetoode.ee\/fi\/wp-json\/wp\/v2\/types\/product"}],"replies":[{"embeddable":true,"href":"https:\/\/tervisetoode.ee\/fi\/wp-json\/wp\/v2\/comments?post=10604"}],"wp:featuredmedia":[{"embeddable":true,"href":"https:\/\/tervisetoode.ee\/fi\/wp-json\/wp\/v2\/media\/9171"}],"wp:attachment":[{"href":"https:\/\/tervisetoode.ee\/fi\/wp-json\/wp\/v2\/media?parent=10604"}],"wp:term":[{"taxonomy":"pwb-brand","embeddable":true,"href":"https:\/\/tervisetoode.ee\/fi\/wp-json\/wp\/v2\/pwb-brand?post=10604"},{"taxonomy":"product_brand","embeddable":true,"href":"https:\/\/tervisetoode.ee\/fi\/wp-json\/wp\/v2\/product_brand?post=10604"},{"taxonomy":"product_cat","embeddable":true,"href":"https:\/\/tervisetoode.ee\/fi\/wp-json\/wp\/v2\/product_cat?post=10604"},{"taxonomy":"product_tag","embeddable":true,"href":"https:\/\/tervisetoode.ee\/fi\/wp-json\/wp\/v2\/product_tag?post=10604"}],"curies":[{"name":"wp","href":"https:\/\/api.w.org\/{rel}","templated":true}]}}