{"id":10619,"date":"2016-05-05T22:37:24","date_gmt":"2016-05-05T22:37:24","guid":{"rendered":"https:\/\/tervisetoode.ee\/?post_type=product&#038;p=10619"},"modified":"2024-12-10T13:53:30","modified_gmt":"2024-12-10T13:53:30","slug":"frantsila-tea-tree-eteerinen-oljy-10-ml-2","status":"publish","type":"product","link":"https:\/\/tervisetoode.ee\/fi\/toode\/frantsila-tea-tree-eteerinen-oljy-10-ml-2\/","title":{"rendered":"Frantsila TEA TREE eteerinen \u00f6ljy 10 ml"},"content":{"rendered":"<h4>Frantsila TEA TREE eteerinen \u00f6ljy 10 ml<\/h4>\n<p>Antiseptinen \u00b7 Ihotulehduksiin \u00b7 Jalka- ja kynsisieneen \u00b7 Herpekseen, syyliin Hyvin voimakas l\u00e4\u00e4kkeenomainen tuoksu. Tea-Tree \u00f6ljy on per\u00e4isin australialaisesta puusta. Alkuasukkaat ovat tienneet sen parantavista ominaisuuksista ja k\u00e4ytt\u00e4neet sit\u00e4 kaikenlaisten infektioiden hoitoon. 10 ml<\/p>\n<p>Melaleuca alternifolia (Tea-Tree eli teepuu, eteerinen \u00f6ljy).<\/p>\n<p><strong>Vinkki:<\/strong><\/p>\n<p>K\u00e4yt\u00e4 paarmojen ja hirvik\u00e4rp\u00e4sten torjuntaan; joko suoraan vaatteille tai n. 5%:na \u00f6ljylaimennoksena iholle<\/p>\n<p>Eteeriset \u00f6ljyt ovat pieness\u00e4 paketissa tiivist\u00e4, vahvaa ainetta! Suoraan pullosta ei saa laittaa iholle, vaan tehd\u00e4\u00e4n laimennos; 1 rkl kylm\u00e4puristettua ruoka\u00f6ljy\u00e4 ja 2 tippaa eteerist\u00e4 \u00f6ljy\u00e4. T\u00e4m\u00e4 on peruslaimennusohje. Poikkeuksiakin tietenkin on; TeaTree -\u00f6ljy laitetaan laimentamattomana kynsisienen, finnin, herpeksen ym. p\u00e4\u00e4lle (vain tippa)<\/p>\n<p>Ei el\u00e4inkokeita, keinotekoisia hajusteita, v\u00e4riaineita, s\u00e4il\u00f6nt\u00e4aineita<\/p>\n<p>1270.00 \u20ac\/l<\/p>\n","protected":false},"excerpt":{"rendered":"<p>Tea-Tree eli Teepuu 100% Melaleuca alternifolia<\/p>\n","protected":false},"featured_media":9382,"comment_status":"closed","ping_status":"closed","template":"","meta":{"_acf_changed":false},"pwb-brand":[365],"product_brand":[],"product_cat":[190,214,285],"product_tag":[],"class_list":{"0":"post-10619","1":"product","2":"type-product","3":"status-publish","4":"has-post-thumbnail","6":"pwb-brand-frantsila-fi","7":"product_cat-eeterlikud-olid","8":"product_cat-eteeriset-oljyt","9":"product_cat-eteeriset-oljyt-fi","11":"first","12":"instock","13":"shipping-taxable","14":"purchasable","15":"product-type-simple"},"acf":[],"brands":[{"id":365,"name":"Frantsila","slug":"frantsila-fi"}],"_links":{"self":[{"href":"https:\/\/tervisetoode.ee\/fi\/wp-json\/wp\/v2\/product\/10619","targetHints":{"allow":["GET"]}}],"collection":[{"href":"https:\/\/tervisetoode.ee\/fi\/wp-json\/wp\/v2\/product"}],"about":[{"href":"https:\/\/tervisetoode.ee\/fi\/wp-json\/wp\/v2\/types\/product"}],"replies":[{"embeddable":true,"href":"https:\/\/tervisetoode.ee\/fi\/wp-json\/wp\/v2\/comments?post=10619"}],"wp:featuredmedia":[{"embeddable":true,"href":"https:\/\/tervisetoode.ee\/fi\/wp-json\/wp\/v2\/media\/9382"}],"wp:attachment":[{"href":"https:\/\/tervisetoode.ee\/fi\/wp-json\/wp\/v2\/media?parent=10619"}],"wp:term":[{"taxonomy":"pwb-brand","embeddable":true,"href":"https:\/\/tervisetoode.ee\/fi\/wp-json\/wp\/v2\/pwb-brand?post=10619"},{"taxonomy":"product_brand","embeddable":true,"href":"https:\/\/tervisetoode.ee\/fi\/wp-json\/wp\/v2\/product_brand?post=10619"},{"taxonomy":"product_cat","embeddable":true,"href":"https:\/\/tervisetoode.ee\/fi\/wp-json\/wp\/v2\/product_cat?post=10619"},{"taxonomy":"product_tag","embeddable":true,"href":"https:\/\/tervisetoode.ee\/fi\/wp-json\/wp\/v2\/product_tag?post=10619"}],"curies":[{"name":"wp","href":"https:\/\/api.w.org\/{rel}","templated":true}]}}