{"id":10621,"date":"2016-05-05T22:37:23","date_gmt":"2016-05-05T22:37:23","guid":{"rendered":"https:\/\/tervisetoode.ee\/?post_type=product&#038;p=10621"},"modified":"2024-12-10T13:53:30","modified_gmt":"2024-12-10T13:53:30","slug":"frantsila-sitruuna-eteerinen-oljy-10-ml","status":"publish","type":"product","link":"https:\/\/tervisetoode.ee\/fi\/toode\/frantsila-sitruuna-eteerinen-oljy-10-ml\/","title":{"rendered":"Frantsila SITRUUNA eteerinen \u00f6ljy 10 ml"},"content":{"rendered":"<h4>Frantsila SITRUUNA eteerinen \u00f6ljy 10 ml<\/h4>\n<p>Virkist\u00e4\u00e4, raikastaa \u00b7 Parantaa ty\u00f6tehoa \u00b7 Ruoansulatukseen \u00b7 P\u00e4\u00e4ns\u00e4rkyihin \u00b7 Ihon kutinaan \u00b7 Selluliittiin Raikas, puhdas, virkist\u00e4v\u00e4 tuoksu, joka japanilaisten tutkimusten mukaan auttaa parantamaan ty\u00f6tehoa. Sitruuna on hyv\u00e4ksi ruoansulatukselle sek\u00e4 my\u00f6s verenkierrolle. Kuten bergamotti, sitruuna aiheuttaa valoherkkyytt\u00e4 iholla ja siksi sen k\u00e4ytt\u00f6\u00e4 on v\u00e4ltett\u00e4v\u00e4 auringonvalossa. 10 ml<\/p>\n<p>Citrus limonium (sitruuna, eteerinen \u00f6ljy).<\/p>\n<p>880.00 \u20ac\/l<\/p>\n","protected":false},"excerpt":{"rendered":"<p>Frantsila SITRUUNA eteerinen \u00f6ljy 10 ml Virkist\u00e4\u00e4, raikastaa \u00b7 Parantaa ty\u00f6tehoa \u00b7 Ruoansulatukseen \u00b7 P\u00e4\u00e4ns\u00e4rkyihin \u00b7 Ihon kutinaan \u00b7 Selluliittiin&#8230;<\/p>\n","protected":false},"featured_media":9374,"comment_status":"closed","ping_status":"closed","template":"","meta":{"_acf_changed":false},"pwb-brand":[365],"product_brand":[],"product_cat":[214,285],"product_tag":[],"class_list":{"0":"post-10621","1":"product","2":"type-product","3":"status-publish","4":"has-post-thumbnail","6":"pwb-brand-frantsila-fi","7":"product_cat-eteeriset-oljyt","8":"product_cat-eteeriset-oljyt-fi","10":"first","11":"instock","12":"shipping-taxable","13":"purchasable","14":"product-type-simple"},"acf":[],"brands":[{"id":365,"name":"Frantsila","slug":"frantsila-fi"}],"_links":{"self":[{"href":"https:\/\/tervisetoode.ee\/fi\/wp-json\/wp\/v2\/product\/10621","targetHints":{"allow":["GET"]}}],"collection":[{"href":"https:\/\/tervisetoode.ee\/fi\/wp-json\/wp\/v2\/product"}],"about":[{"href":"https:\/\/tervisetoode.ee\/fi\/wp-json\/wp\/v2\/types\/product"}],"replies":[{"embeddable":true,"href":"https:\/\/tervisetoode.ee\/fi\/wp-json\/wp\/v2\/comments?post=10621"}],"wp:featuredmedia":[{"embeddable":true,"href":"https:\/\/tervisetoode.ee\/fi\/wp-json\/wp\/v2\/media\/9374"}],"wp:attachment":[{"href":"https:\/\/tervisetoode.ee\/fi\/wp-json\/wp\/v2\/media?parent=10621"}],"wp:term":[{"taxonomy":"pwb-brand","embeddable":true,"href":"https:\/\/tervisetoode.ee\/fi\/wp-json\/wp\/v2\/pwb-brand?post=10621"},{"taxonomy":"product_brand","embeddable":true,"href":"https:\/\/tervisetoode.ee\/fi\/wp-json\/wp\/v2\/product_brand?post=10621"},{"taxonomy":"product_cat","embeddable":true,"href":"https:\/\/tervisetoode.ee\/fi\/wp-json\/wp\/v2\/product_cat?post=10621"},{"taxonomy":"product_tag","embeddable":true,"href":"https:\/\/tervisetoode.ee\/fi\/wp-json\/wp\/v2\/product_tag?post=10621"}],"curies":[{"name":"wp","href":"https:\/\/api.w.org\/{rel}","templated":true}]}}