{"id":10622,"date":"2016-05-05T22:37:22","date_gmt":"2016-05-05T22:37:22","guid":{"rendered":"https:\/\/tervisetoode.ee\/?post_type=product&#038;p=10622"},"modified":"2024-12-10T13:53:30","modified_gmt":"2024-12-10T13:53:30","slug":"frantsila-sitronella-eteerinen-oljy-10-ml","status":"publish","type":"product","link":"https:\/\/tervisetoode.ee\/fi\/toode\/frantsila-sitronella-eteerinen-oljy-10-ml\/","title":{"rendered":"Frantsila SITRONELLA eteerinen \u00f6ljy 10 ml"},"content":{"rendered":"<div class=\"content\">\n<div class=\"container\">\n<div class=\"row\">\n<div class=\"col-sm-8\">\n<div class=\"product-tabs\">\n<div class=\"tab-content\">\n<div id=\"info\" class=\"tab-pane active\">\n<h4>Frantsila SITRONELLA eteerinen \u00f6ljy 10 ml<\/h4>\n<p>Antiseptinen \u00b7 Rauhoittava Citronella on sitruunalta tuoksuva \u00f6ljy, joka on antiseptinen, kohottaa mielialaa ja rauhoittaa. Sill\u00e4 on my\u00f6s p\u00e4\u00e4ns\u00e4rky\u00e4 ja migreeni\u00e4 lievitt\u00e4v\u00e4 vaikutus.\u00a010 ml<\/p>\n<p>Cymbopogon nardus (sitronella, eteerinen \u00f6ljy). H\u00f6yrytislattu sitruunaruohon lehdist\u00e4.<\/p>\n<\/div>\n<p>960.00 \u20ac\/l<\/p>\n<\/div>\n<\/div>\n<\/div>\n<\/div>\n<\/div>\n<\/div>\n<div class=\"footer-nav\"><\/div>\n","protected":false},"excerpt":{"rendered":"<p>Frantsila SITRONELLA eteerinen \u00f6ljy 10 ml Antiseptinen \u00b7 Rauhoittava Citronella on sitruunalta tuoksuva \u00f6ljy, joka on antiseptinen, kohottaa mielialaa ja&#8230;<\/p>\n","protected":false},"featured_media":9372,"comment_status":"closed","ping_status":"closed","template":"","meta":{"_acf_changed":false},"pwb-brand":[365],"product_brand":[],"product_cat":[214,285],"product_tag":[],"class_list":{"0":"post-10622","1":"product","2":"type-product","3":"status-publish","4":"has-post-thumbnail","6":"pwb-brand-frantsila-fi","7":"product_cat-eteeriset-oljyt","8":"product_cat-eteeriset-oljyt-fi","10":"first","11":"instock","12":"shipping-taxable","13":"purchasable","14":"product-type-simple"},"acf":[],"brands":[{"id":365,"name":"Frantsila","slug":"frantsila-fi"}],"_links":{"self":[{"href":"https:\/\/tervisetoode.ee\/fi\/wp-json\/wp\/v2\/product\/10622","targetHints":{"allow":["GET"]}}],"collection":[{"href":"https:\/\/tervisetoode.ee\/fi\/wp-json\/wp\/v2\/product"}],"about":[{"href":"https:\/\/tervisetoode.ee\/fi\/wp-json\/wp\/v2\/types\/product"}],"replies":[{"embeddable":true,"href":"https:\/\/tervisetoode.ee\/fi\/wp-json\/wp\/v2\/comments?post=10622"}],"wp:featuredmedia":[{"embeddable":true,"href":"https:\/\/tervisetoode.ee\/fi\/wp-json\/wp\/v2\/media\/9372"}],"wp:attachment":[{"href":"https:\/\/tervisetoode.ee\/fi\/wp-json\/wp\/v2\/media?parent=10622"}],"wp:term":[{"taxonomy":"pwb-brand","embeddable":true,"href":"https:\/\/tervisetoode.ee\/fi\/wp-json\/wp\/v2\/pwb-brand?post=10622"},{"taxonomy":"product_brand","embeddable":true,"href":"https:\/\/tervisetoode.ee\/fi\/wp-json\/wp\/v2\/product_brand?post=10622"},{"taxonomy":"product_cat","embeddable":true,"href":"https:\/\/tervisetoode.ee\/fi\/wp-json\/wp\/v2\/product_cat?post=10622"},{"taxonomy":"product_tag","embeddable":true,"href":"https:\/\/tervisetoode.ee\/fi\/wp-json\/wp\/v2\/product_tag?post=10622"}],"curies":[{"name":"wp","href":"https:\/\/api.w.org\/{rel}","templated":true}]}}