{"id":10623,"date":"2016-05-05T22:37:22","date_gmt":"2016-05-05T22:37:22","guid":{"rendered":"https:\/\/tervisetoode.ee\/?post_type=product&#038;p=10623"},"modified":"2024-12-10T13:53:30","modified_gmt":"2024-12-10T13:53:30","slug":"frantsila-seetri-eteerinen-oljy-10-ml","status":"publish","type":"product","link":"https:\/\/tervisetoode.ee\/fi\/toode\/frantsila-seetri-eteerinen-oljy-10-ml\/","title":{"rendered":"Frantsila SEETRI eteerinen \u00f6ljy 10 ml"},"content":{"rendered":"<h4>Frantsila SEETRI eteerinen \u00f6ljy 10 ml<\/h4>\n<p>Vitalisoi \u00b7 Vahvistamaan keskittymiskyky\u00e4 \u00b7 Hengitysteihin \u00b7 Kipuihin Raikas, havumainen tuoksu. Antiseptinen, limakalvo\u00e4rsytyst\u00e4 ja kutinaa lievitt\u00e4v\u00e4 \u00f6ljy. Hengitystievaivoihin, ysk\u00e4n \u00e4rsytt\u00e4m\u00e4\u00e4n kurkkuun. Tehoaa my\u00f6s virtsatietulehduksia aiheuttaviin bakteereihin. Miesten partavesiss\u00e4 seetri\u00e4 k\u00e4ytet\u00e4\u00e4n puhdistamaan ja rauhoittamaan ihoa parranajon j\u00e4lkeen. 10 ml<\/p>\n<p>Cedrus atlantica (setri, eteerinen \u00f6ljy). H\u00f6yrytislattu setripuun lehvist\u00e4.<\/p>\n<p><strong>Vinkki:<\/strong><\/p>\n<p>Partabalsamin voit valmistaa itse sekoittamalla ihoa rauhoittavaa Frantsilan Keh\u00e4kukkavoiteeseen hivenen seetrin ja laventelin eteerist\u00e4 \u00f6ljy\u00e4.<br \/>\n1 tippa molempia 1 rkl:een voidetta.<\/p>\n<p>1680.00 \u20ac\/l<\/p>\n<p>&nbsp;<\/p>\n","protected":false},"excerpt":{"rendered":"<p>Frantsila SEETRI eteerinen \u00f6ljy 10 ml Vitalisoi \u00b7 Vahvistamaan keskittymiskyky\u00e4 \u00b7 Hengitysteihin \u00b7 Kipuihin Raikas, havumainen tuoksu. Antiseptinen, limakalvo\u00e4rsytyst\u00e4 ja&#8230;<\/p>\n","protected":false},"featured_media":9366,"comment_status":"closed","ping_status":"closed","template":"","meta":{"_acf_changed":false},"pwb-brand":[365],"product_brand":[],"product_cat":[214,285],"product_tag":[],"class_list":{"0":"post-10623","1":"product","2":"type-product","3":"status-publish","4":"has-post-thumbnail","6":"pwb-brand-frantsila-fi","7":"product_cat-eteeriset-oljyt","8":"product_cat-eteeriset-oljyt-fi","10":"first","11":"instock","12":"shipping-taxable","13":"purchasable","14":"product-type-simple"},"acf":[],"brands":[{"id":365,"name":"Frantsila","slug":"frantsila-fi"}],"_links":{"self":[{"href":"https:\/\/tervisetoode.ee\/fi\/wp-json\/wp\/v2\/product\/10623","targetHints":{"allow":["GET"]}}],"collection":[{"href":"https:\/\/tervisetoode.ee\/fi\/wp-json\/wp\/v2\/product"}],"about":[{"href":"https:\/\/tervisetoode.ee\/fi\/wp-json\/wp\/v2\/types\/product"}],"replies":[{"embeddable":true,"href":"https:\/\/tervisetoode.ee\/fi\/wp-json\/wp\/v2\/comments?post=10623"}],"wp:featuredmedia":[{"embeddable":true,"href":"https:\/\/tervisetoode.ee\/fi\/wp-json\/wp\/v2\/media\/9366"}],"wp:attachment":[{"href":"https:\/\/tervisetoode.ee\/fi\/wp-json\/wp\/v2\/media?parent=10623"}],"wp:term":[{"taxonomy":"pwb-brand","embeddable":true,"href":"https:\/\/tervisetoode.ee\/fi\/wp-json\/wp\/v2\/pwb-brand?post=10623"},{"taxonomy":"product_brand","embeddable":true,"href":"https:\/\/tervisetoode.ee\/fi\/wp-json\/wp\/v2\/product_brand?post=10623"},{"taxonomy":"product_cat","embeddable":true,"href":"https:\/\/tervisetoode.ee\/fi\/wp-json\/wp\/v2\/product_cat?post=10623"},{"taxonomy":"product_tag","embeddable":true,"href":"https:\/\/tervisetoode.ee\/fi\/wp-json\/wp\/v2\/product_tag?post=10623"}],"curies":[{"name":"wp","href":"https:\/\/api.w.org\/{rel}","templated":true}]}}