{"id":10629,"date":"2016-05-05T22:37:19","date_gmt":"2016-05-05T22:37:19","guid":{"rendered":"https:\/\/tervisetoode.ee\/?post_type=product&#038;p=10629"},"modified":"2024-12-10T13:53:31","modified_gmt":"2024-12-10T13:53:31","slug":"frantsila-pelargonia-eteerinen-oljy-10-ml","status":"publish","type":"product","link":"https:\/\/tervisetoode.ee\/fi\/toode\/frantsila-pelargonia-eteerinen-oljy-10-ml\/","title":{"rendered":"Frantsila PELARGONIA eteerinen \u00f6ljy 10 ml"},"content":{"rendered":"<h4>PELARGONIA eteerinen \u00f6ljy<\/h4>\n<p><strong>Tasapainottaa hormonitoimintaa \u00b7 Aktivoi lymfaa \u00b7 Turvotukseen <\/strong><br \/>\nPelargonia on naisten eteerinen \u00f6ljy. Se s\u00e4\u00e4telee eri elinten ja umpirauhasten hormonituotantoa. Se tasapainottaa \u00e4\u00e4rimm\u00e4isi\u00e4 mielenvaihteluita luoden tyyneytt\u00e4 ja levollisuutta. Lis\u00e4ksi se edist\u00e4\u00e4 lymfakiertoa ja poistaa kehosta nestett\u00e4 ja turvotusta.<\/p>\n<p><strong>Tuoksulyhty ja ilmanraikastaja<\/strong>: Voit k\u00e4ytt\u00e4\u00e4 eteerisi\u00e4 \u00f6ljyj\u00e4 esimerkiksi ilmankostuttajassa tai tuoksulyhdyss\u00e4 viihtyis\u00e4n tunnelman luomiseksi ja huoneilman raikastamiseksi. Lis\u00e4\u00e4 vedell\u00e4 t\u00e4ytettyyn tuoksulyhtyyn muutama tippa eteerist\u00e4 \u00f6ljy\u00e4. Voit lis\u00e4t\u00e4 pari tippaa suihkepullon veteen ja sumuttaa huoneilmaan haluamaasi tuoksua. Eteerist\u00e4 \u00f6ljy\u00e4 voi my\u00f6s pirskotella esimerkiksi lakanoille ja matoille.<\/p>\n<p><strong>Sauna<\/strong>: Lis\u00e4\u00e4 1\u20133 tippaa eteerist\u00e4 \u00f6ljy\u00e4 l\u00f6ylykauhalliseen vett\u00e4.<\/p>\n<p><strong>Kasvojen kauneush\u00f6yrytys ja h\u00f6yryhengitys<\/strong>: Lis\u00e4\u00e4 2\u20133 tippaa eteerist\u00e4 \u00f6ljy\u00e4 1\u20132 litraan kuumaa vett\u00e4. Pid\u00e4 kasvot pyyhkeen alla 2\u20133 minuuttia. Varo silmi\u00e4.<\/p>\n<p><strong>Vartalo\u00f6ljy<\/strong>: Lis\u00e4\u00e4 mieltymyksesi mukaan kaksi tippaa eteerist\u00e4 \u00f6ljy\u00e4 ruokalusikalliseen (noin 5 ml) neutraalia ihonhoito\u00f6ljy\u00e4. \u00d6ljyksi soveltuu hyvin esimerkiksi oliivi\u00f6ljy, Frantsilan Aroma perushieronta\u00f6ljy tai Frantsilan yrttihieronta\u00f6ljy.<\/p>\n<p><strong>Suihku tai kylpy<\/strong>: Lis\u00e4\u00e4 mieltymyksesi mukaan 5\u201310 tippaa eteerist\u00e4 \u00f6ljy\u00e4 ruokalusikalliseen nestem\u00e4ist\u00e4 neutraalia suihkusaippuaa. Hemmottele itse\u00e4si ja l\u00e4heisi\u00e4si ihanalla tuoksuliuoksella suihkussa, kylvyss\u00e4 tai jalkakylvyss\u00e4.<\/p>\n<p><strong>\u00d6ljyparfyymi<\/strong>: Voit k\u00e4ytt\u00e4\u00e4 \u00f6ljyparfyymi\u00e4 tavallisen parfyymin tapaan ranteeseesi ja korvantaustaasi. Laimenna eteerinen \u00f6ljy esimerkiksi oliivi\u00f6ljyyn. Hyv\u00e4 laimennussuhde on 10\u201320 tippaa eteerist\u00e4 \u00f6ljy\u00e4 10 ml oliivi\u00f6ljy\u00e4 kohden. Muutaman pisaran eteerist\u00e4 \u00f6ljy\u00e4 voi sipaista vaatteille my\u00f6s sellaisenaan. V\u00e4rilliset eteeriset \u00f6ljyt, kuten patsuli ja mandariini voivat j\u00e4tt\u00e4\u00e4 vaatteille v\u00e4ritahroja. Silkille \u00f6ljy ei sovellu.<\/p>\n<p>Ei el\u00e4inkokeita, keinotekoisia hajusteita, v\u00e4riaineita, s\u00e4il\u00f6nt\u00e4aineita<\/p>\n<p><strong>Vinkki: <\/strong>Vaihdevuosivaivoihin helppo tapa on hieroa laimennettua \u00f6ljy\u00e4 (1 tippa 1 rkl:seen kylm\u00e4puristettua kasvi\u00f6ljy\u00e4, esim. Frantsilan rentouttavaa Pitta hoito\u00f6ljyyn) alavatsa-alueelle p\u00e4ivitt\u00e4in.<\/p>\n<p>1620.00 \u20ac\/l<\/p>\n<p>&nbsp;<\/p>\n","protected":false},"excerpt":{"rendered":"<p>Geranium Pelargonium x asperum (pelargonia, eteerinen \u00f6ljy). H\u00f6yrytislattu kasvin maanp\u00e4\u00e4llisist\u00e4 osista.<\/p>\n","protected":false},"featured_media":9338,"comment_status":"closed","ping_status":"closed","template":"","meta":{"_acf_changed":false},"pwb-brand":[365],"product_brand":[],"product_cat":[190,214,285],"product_tag":[],"class_list":{"0":"post-10629","1":"product","2":"type-product","3":"status-publish","4":"has-post-thumbnail","6":"pwb-brand-frantsila-fi","7":"product_cat-eeterlikud-olid","8":"product_cat-eteeriset-oljyt","9":"product_cat-eteeriset-oljyt-fi","11":"first","12":"instock","13":"shipping-taxable","14":"purchasable","15":"product-type-simple"},"acf":[],"brands":[{"id":365,"name":"Frantsila","slug":"frantsila-fi"}],"_links":{"self":[{"href":"https:\/\/tervisetoode.ee\/fi\/wp-json\/wp\/v2\/product\/10629","targetHints":{"allow":["GET"]}}],"collection":[{"href":"https:\/\/tervisetoode.ee\/fi\/wp-json\/wp\/v2\/product"}],"about":[{"href":"https:\/\/tervisetoode.ee\/fi\/wp-json\/wp\/v2\/types\/product"}],"replies":[{"embeddable":true,"href":"https:\/\/tervisetoode.ee\/fi\/wp-json\/wp\/v2\/comments?post=10629"}],"wp:featuredmedia":[{"embeddable":true,"href":"https:\/\/tervisetoode.ee\/fi\/wp-json\/wp\/v2\/media\/9338"}],"wp:attachment":[{"href":"https:\/\/tervisetoode.ee\/fi\/wp-json\/wp\/v2\/media?parent=10629"}],"wp:term":[{"taxonomy":"pwb-brand","embeddable":true,"href":"https:\/\/tervisetoode.ee\/fi\/wp-json\/wp\/v2\/pwb-brand?post=10629"},{"taxonomy":"product_brand","embeddable":true,"href":"https:\/\/tervisetoode.ee\/fi\/wp-json\/wp\/v2\/product_brand?post=10629"},{"taxonomy":"product_cat","embeddable":true,"href":"https:\/\/tervisetoode.ee\/fi\/wp-json\/wp\/v2\/product_cat?post=10629"},{"taxonomy":"product_tag","embeddable":true,"href":"https:\/\/tervisetoode.ee\/fi\/wp-json\/wp\/v2\/product_tag?post=10629"}],"curies":[{"name":"wp","href":"https:\/\/api.w.org\/{rel}","templated":true}]}}