{"id":10634,"date":"2016-05-05T22:37:17","date_gmt":"2016-05-05T22:37:17","guid":{"rendered":"https:\/\/tervisetoode.ee\/?post_type=product&#038;p=10634"},"modified":"2024-12-10T13:53:31","modified_gmt":"2024-12-10T13:53:31","slug":"frantsila-mustapippuri-eteerinen-oljy-10-ml","status":"publish","type":"product","link":"https:\/\/tervisetoode.ee\/fi\/toode\/frantsila-mustapippuri-eteerinen-oljy-10-ml\/","title":{"rendered":"Frantsila MUSTAPIPPURI eteerinen \u00f6ljy 10 ml"},"content":{"rendered":"<div class=\"content\">\n<div class=\"container\">\n<div class=\"row\">\n<div class=\"col-sm-8\">\n<div class=\"product-tabs\">\n<div class=\"tab-content\">\n<div id=\"info\" class=\"tab-pane active\">\n<h4>MUSTAPIPPURI eteerinen \u00f6ljy<\/h4>\n<p><strong>L\u00e4mmitt\u00e4v\u00e4, vahvistava,\u00a0Lihaskipuihin, j\u00e4nnityksiin ja reumaan<\/strong><br \/>\n<strong>Edist\u00e4\u00e4 verenkiertoa, vahvistaa syd\u00e4nt\u00e4 ja ruoansulatusta.\u00a0Vilustusmisoireisiin ja flunssaan<\/strong><\/p>\n<p>Mustapippuri kasvaa l\u00e4mpimiss\u00e4 tropiikin maissa. Sen tuoksu on l\u00e4mmin ja h\u00e4mm\u00e4stytt\u00e4v\u00e4n pehme\u00e4. Mustapippuri on vaikutukseltaan l\u00e4mmitt\u00e4v\u00e4, jolloin se sopii erityisesti j\u00e4hmeisten ja kirist\u00e4vien lihasten hoitoon sek\u00e4 kolotuksiin ja kramppeihin. Se elvytt\u00e4\u00e4 verenkiertoa ja lievitt\u00e4\u00e4 kipua. Sit\u00e4 on arvostettu my\u00f6s kylmettymisen yhteydess\u00e4, flunssassa ja ysk\u00e4ss\u00e4. Mustapippuria suositellaan my\u00f6s vatsavaivoihin ja vatsan kramppeihin. Se saattaa herkille ihmisille aiheuttaa ihon \u00e4rsytyst\u00e4, jos sit\u00e4 k\u00e4ytt\u00e4\u00e4 runsaasti. Ei suositella k\u00e4ytett\u00e4v\u00e4ksi homeopaattisten l\u00e4\u00e4kkeiden kanssa yhdess\u00e4 tai kun on kuumetta tai muuten on liian \u201dtulinen\u201d.<\/p>\n<\/div>\n<div class=\"content\">\n<div class=\"container\">\n<div class=\"row\">\n<div class=\"col-sm-8\">\n<div class=\"product-tabs\">\n<div class=\"tab-content\">\n<div id=\"instructions\" class=\"tab-pane active\">\n<p><strong>Tuoksulyhty ja ilmanraikastaja<\/strong>: Voit k\u00e4ytt\u00e4\u00e4 eteerisi\u00e4 \u00f6ljyj\u00e4 esimerkiksi ilmankostuttajassa tai tuoksulyhdyss\u00e4 viihtyis\u00e4n tunnelman luomiseksi ja huoneilman raikastamiseksi. Lis\u00e4\u00e4 vedell\u00e4 t\u00e4ytettyyn tuoksulyhtyyn muutama tippa eteerist\u00e4 \u00f6ljy\u00e4. Voit lis\u00e4t\u00e4 pari tippaa suihkepullon veteen ja sumuttaa huoneilmaan haluamaasi tuoksua. Eteerist\u00e4 \u00f6ljy\u00e4 voi my\u00f6s pirskotella esimerkiksi lakanoille ja matoille.<\/p>\n<p><strong>Sauna<\/strong>: Lis\u00e4\u00e4 1\u20133 tippaa eteerist\u00e4 \u00f6ljy\u00e4 l\u00f6ylykauhalliseen vett\u00e4.<\/p>\n<p><strong>Kasvojen kauneush\u00f6yrytys ja h\u00f6yryhengitys<\/strong>: Lis\u00e4\u00e4 2\u20133 tippaa eteerist\u00e4 \u00f6ljy\u00e4 1\u20132 litraan kuumaa vett\u00e4. Pid\u00e4 kasvot pyyhkeen alla 2\u20133 minuuttia. Varo silmi\u00e4.<\/p>\n<p><strong>Vartalo\u00f6ljy<\/strong>: Lis\u00e4\u00e4 mieltymyksesi mukaan kaksi tippaa eteerist\u00e4 \u00f6ljy\u00e4 ruokalusikalliseen (noin 5 ml) neutraalia ihonhoito\u00f6ljy\u00e4. \u00d6ljyksi soveltuu hyvin esimerkiksi oliivi\u00f6ljy, Frantsilan Aroma perushieronta\u00f6ljy tai Frantsilan yrttihieronta\u00f6ljy.<\/p>\n<p><strong>Suihku tai kylpy<\/strong>: Lis\u00e4\u00e4 mieltymyksesi mukaan 5\u201310 tippaa eteerist\u00e4 \u00f6ljy\u00e4 ruokalusikalliseen nestem\u00e4ist\u00e4 neutraalia suihkusaippuaa. Hemmottele itse\u00e4si ja l\u00e4heisi\u00e4si ihanalla tuoksuliuoksella suihkussa, kylvyss\u00e4 tai jalkakylvyss\u00e4.<\/p>\n<p><strong>\u00d6ljyparfyymi<\/strong>: Voit k\u00e4ytt\u00e4\u00e4 \u00f6ljyparfyymi\u00e4 tavallisen parfyymin tapaan ranteeseesi ja korvantaustaasi. Laimenna eteerinen \u00f6ljy esimerkiksi oliivi\u00f6ljyyn. Hyv\u00e4 laimennussuhde on 10\u201320 tippaa eteerist\u00e4 \u00f6ljy\u00e4 10 ml oliivi\u00f6ljy\u00e4 kohden. Muutaman pisaran eteerist\u00e4 \u00f6ljy\u00e4 voi sipaista vaatteille my\u00f6s sellaisenaan. V\u00e4rilliset eteeriset \u00f6ljyt, kuten patsuli ja mandariini voivat j\u00e4tt\u00e4\u00e4 vaatteille v\u00e4ritahroja. Silkille \u00f6ljy ei sovellu.<\/p>\n<p>Ei el\u00e4inkokeita, keinotekoisia hajusteita, v\u00e4riaineita, s\u00e4il\u00f6nt\u00e4aineita<\/p>\n<\/div>\n<p>1380.00 \u20ac\/l<\/p>\n<\/div>\n<\/div>\n<\/div>\n<\/div>\n<\/div>\n<\/div>\n<div class=\"footer-nav\"><\/div>\n<\/div>\n<\/div>\n<\/div>\n<\/div>\n<\/div>\n<\/div>\n<div class=\"footer-nav\"><\/div>\n","protected":false},"excerpt":{"rendered":"<div class=\"content\">\n<div class=\"container\">\n<div class=\"row\">\n<div class=\"col-sm-8\">\n<div class=\"product-tabs\">\n<div class=\"tab-content\">\n<div id=\"ingredients\" class=\"tab-pane active\">\n<p>Piper niqrum\u00a0(mustapippuri, eteerinen \u00f6ljy).\u00a0H\u00f6yrytislattu kuivatuista ja murskatuista pippureista<\/p>\n<\/div>\n<p><a class=\"btn\" href=\"http:\/\/frantsila.com\/tuotteet\/mustapippurin-eteerinen-oljy\/\" target=\"_blank\" rel=\"noopener noreferrer\">Tarkat tuotetiedot<\/a><\/p>\n<\/div>\n<\/div>\n<\/div>\n<\/div>\n<\/div>\n<\/div>\n<div class=\"footer-nav\"><\/div>\n","protected":false},"featured_media":9320,"comment_status":"closed","ping_status":"closed","template":"","meta":{"_acf_changed":false},"pwb-brand":[365],"product_brand":[],"product_cat":[214,285],"product_tag":[],"class_list":{"0":"post-10634","1":"product","2":"type-product","3":"status-publish","4":"has-post-thumbnail","6":"pwb-brand-frantsila-fi","7":"product_cat-eteeriset-oljyt","8":"product_cat-eteeriset-oljyt-fi","10":"first","11":"instock","12":"shipping-taxable","13":"purchasable","14":"product-type-simple"},"acf":[],"brands":[{"id":365,"name":"Frantsila","slug":"frantsila-fi"}],"_links":{"self":[{"href":"https:\/\/tervisetoode.ee\/fi\/wp-json\/wp\/v2\/product\/10634","targetHints":{"allow":["GET"]}}],"collection":[{"href":"https:\/\/tervisetoode.ee\/fi\/wp-json\/wp\/v2\/product"}],"about":[{"href":"https:\/\/tervisetoode.ee\/fi\/wp-json\/wp\/v2\/types\/product"}],"replies":[{"embeddable":true,"href":"https:\/\/tervisetoode.ee\/fi\/wp-json\/wp\/v2\/comments?post=10634"}],"wp:featuredmedia":[{"embeddable":true,"href":"https:\/\/tervisetoode.ee\/fi\/wp-json\/wp\/v2\/media\/9320"}],"wp:attachment":[{"href":"https:\/\/tervisetoode.ee\/fi\/wp-json\/wp\/v2\/media?parent=10634"}],"wp:term":[{"taxonomy":"pwb-brand","embeddable":true,"href":"https:\/\/tervisetoode.ee\/fi\/wp-json\/wp\/v2\/pwb-brand?post=10634"},{"taxonomy":"product_brand","embeddable":true,"href":"https:\/\/tervisetoode.ee\/fi\/wp-json\/wp\/v2\/product_brand?post=10634"},{"taxonomy":"product_cat","embeddable":true,"href":"https:\/\/tervisetoode.ee\/fi\/wp-json\/wp\/v2\/product_cat?post=10634"},{"taxonomy":"product_tag","embeddable":true,"href":"https:\/\/tervisetoode.ee\/fi\/wp-json\/wp\/v2\/product_tag?post=10634"}],"curies":[{"name":"wp","href":"https:\/\/api.w.org\/{rel}","templated":true}]}}