{"id":10647,"date":"2016-05-05T22:37:12","date_gmt":"2016-05-05T22:37:12","guid":{"rendered":"https:\/\/tervisetoode.ee\/?post_type=product&#038;p=10647"},"modified":"2024-12-10T13:53:33","modified_gmt":"2024-12-10T13:53:33","slug":"frantsila-bergamotti-eteerinen-oljy-10-ml","status":"publish","type":"product","link":"https:\/\/tervisetoode.ee\/fi\/toode\/frantsila-bergamotti-eteerinen-oljy-10-ml\/","title":{"rendered":"Frantsila BERGAMOTTI eteerinen \u00f6ljy 10 ml"},"content":{"rendered":"<h4>BERGAMOTTI eteerinen \u00f6ljy<\/h4>\n<p><strong>Virkist\u00e4\u00e4 hermoja \u00b7 Virtsatietulehduksiin \u00b7 Rasvaiselle ja akneiholl<\/strong>e<br \/>\nTuoksupolttimessa todellinen mielialan kohottaja ja hyv\u00e4nmielen tuoja, stressi\u00e4 laukaiseva. Bergamottia ei tule k\u00e4ytt\u00e4\u00e4 iholla ennen auringonpaisteeseen menoa. K\u00e4ytet\u00e4\u00e4n akneihon hoitoon 10 ml<\/p>\n<p><strong>Tuoksulyhty ja ilmanraikastaja<\/strong>: Voit k\u00e4ytt\u00e4\u00e4 eteerisi\u00e4 \u00f6ljyj\u00e4 esimerkiksi ilmankostuttajassa tai tuoksulyhdyss\u00e4 viihtyis\u00e4n tunnelman luomiseksi ja huoneilman raikastamiseksi. Lis\u00e4\u00e4 vedell\u00e4 t\u00e4ytettyyn tuoksulyhtyyn muutama tippa eteerist\u00e4 \u00f6ljy\u00e4. Voit lis\u00e4t\u00e4 pari tippaa suihkepullon veteen ja sumuttaa huoneilmaan haluamaasi tuoksua. Eteerist\u00e4 \u00f6ljy\u00e4 voi my\u00f6s pirskotella esimerkiksi lakanoille ja matoille.<\/p>\n<p><strong>Sauna<\/strong>: Lis\u00e4\u00e4 1\u20133 tippaa eteerist\u00e4 \u00f6ljy\u00e4 l\u00f6ylykauhalliseen vett\u00e4.<\/p>\n<p><strong>Kasvojen kauneush\u00f6yrytys ja h\u00f6yryhengitys<\/strong>: Lis\u00e4\u00e4 2\u20133 tippaa eteerist\u00e4 \u00f6ljy\u00e4 1\u20132 litraan kuumaa vett\u00e4. Pid\u00e4 kasvot pyyhkeen alla 2\u20133 minuuttia. Varo silmi\u00e4.<\/p>\n<p><strong>Vartalo\u00f6ljy<\/strong>: Lis\u00e4\u00e4 mieltymyksesi mukaan kaksi tippaa eteerist\u00e4 \u00f6ljy\u00e4 ruokalusikalliseen (noin 5 ml) neutraalia ihonhoito\u00f6ljy\u00e4. \u00d6ljyksi soveltuu hyvin esimerkiksi oliivi\u00f6ljy, Frantsilan Aroma perushieronta\u00f6ljy tai Frantsilan yrttihieronta\u00f6ljy.<\/p>\n<p><strong>Suihku tai kylpy<\/strong>: Lis\u00e4\u00e4 mieltymyksesi mukaan 5\u201310 tippaa eteerist\u00e4 \u00f6ljy\u00e4 ruokalusikalliseen nestem\u00e4ist\u00e4 neutraalia suihkusaippuaa. Hemmottele itse\u00e4si ja l\u00e4heisi\u00e4si ihanalla tuoksuliuoksella suihkussa, kylvyss\u00e4 tai jalkakylvyss\u00e4.<\/p>\n<p><strong>\u00d6ljyparfyymi<\/strong>: Voit k\u00e4ytt\u00e4\u00e4 \u00f6ljyparfyymi\u00e4 tavallisen parfyymin tapaan ranteeseesi ja korvantaustaasi. Laimenna eteerinen \u00f6ljy esimerkiksi oliivi\u00f6ljyyn. Hyv\u00e4 laimennussuhde on 10\u201320 tippaa eteerist\u00e4 \u00f6ljy\u00e4 10 ml oliivi\u00f6ljy\u00e4 kohden. Muutaman pisaran eteerist\u00e4 \u00f6ljy\u00e4 voi sipaista vaatteille my\u00f6s sellaisenaan. V\u00e4rilliset eteeriset \u00f6ljyt, kuten patsuli ja mandariini voivat j\u00e4tt\u00e4\u00e4 vaatteille v\u00e4ritahroja. Silkille \u00f6ljy ei sovellu.<\/p>\n<p>Ei el\u00e4inkokeita, keinotekoisia hajusteita, v\u00e4riaineita, s\u00e4il\u00f6nt\u00e4aineita<\/p>\n<p><strong>Vinkki:<\/strong> Tee itsellesi raikastava Eau de Cologne bergamontin, pelargonin ja piparmintun haihtuvista \u00f6ljyist\u00e4 seuraavasti. Lis\u00e4\u00e4 45 prosenttiseen alkoholiin (100ml) 10 tippaa bergamonttia ja 3 tippaa pelargoniaa ja 1 tippa piparminttua. Ravista ja suihkuta huoneilmaan tunnelman kohottajaksi. Katso lis\u00e4\u00e4 hoitavia parfyymi ohjeita Luonnon Kaunis kirjasta.<\/p>\n<p>Ei el\u00e4inkokeita, keinotekoisia hajusteita, v\u00e4riaineita, s\u00e4il\u00f6nt\u00e4aineita<\/p>\n<p>1500.00 \u20ac\/l<\/p>\n","protected":false},"excerpt":{"rendered":"<p>Citrus aurantium bergamia (bergamotti, eteerinen \u00f6ljy).<\/p>\n","protected":false},"featured_media":9262,"comment_status":"closed","ping_status":"closed","template":"","meta":{"_acf_changed":false},"pwb-brand":[365],"product_brand":[],"product_cat":[214,285],"product_tag":[],"class_list":{"0":"post-10647","1":"product","2":"type-product","3":"status-publish","4":"has-post-thumbnail","6":"pwb-brand-frantsila-fi","7":"product_cat-eteeriset-oljyt","8":"product_cat-eteeriset-oljyt-fi","10":"first","11":"instock","12":"shipping-taxable","13":"purchasable","14":"product-type-simple"},"acf":[],"brands":[{"id":365,"name":"Frantsila","slug":"frantsila-fi"}],"_links":{"self":[{"href":"https:\/\/tervisetoode.ee\/fi\/wp-json\/wp\/v2\/product\/10647","targetHints":{"allow":["GET"]}}],"collection":[{"href":"https:\/\/tervisetoode.ee\/fi\/wp-json\/wp\/v2\/product"}],"about":[{"href":"https:\/\/tervisetoode.ee\/fi\/wp-json\/wp\/v2\/types\/product"}],"replies":[{"embeddable":true,"href":"https:\/\/tervisetoode.ee\/fi\/wp-json\/wp\/v2\/comments?post=10647"}],"wp:featuredmedia":[{"embeddable":true,"href":"https:\/\/tervisetoode.ee\/fi\/wp-json\/wp\/v2\/media\/9262"}],"wp:attachment":[{"href":"https:\/\/tervisetoode.ee\/fi\/wp-json\/wp\/v2\/media?parent=10647"}],"wp:term":[{"taxonomy":"pwb-brand","embeddable":true,"href":"https:\/\/tervisetoode.ee\/fi\/wp-json\/wp\/v2\/pwb-brand?post=10647"},{"taxonomy":"product_brand","embeddable":true,"href":"https:\/\/tervisetoode.ee\/fi\/wp-json\/wp\/v2\/product_brand?post=10647"},{"taxonomy":"product_cat","embeddable":true,"href":"https:\/\/tervisetoode.ee\/fi\/wp-json\/wp\/v2\/product_cat?post=10647"},{"taxonomy":"product_tag","embeddable":true,"href":"https:\/\/tervisetoode.ee\/fi\/wp-json\/wp\/v2\/product_tag?post=10647"}],"curies":[{"name":"wp","href":"https:\/\/api.w.org\/{rel}","templated":true}]}}