{"id":10648,"date":"2016-05-05T22:37:12","date_gmt":"2016-05-05T22:37:12","guid":{"rendered":"https:\/\/tervisetoode.ee\/?post_type=product&#038;p=10648"},"modified":"2024-12-10T13:53:33","modified_gmt":"2024-12-10T13:53:33","slug":"frantsila-basilika-eteerinen-oljy-10-ml","status":"publish","type":"product","link":"https:\/\/tervisetoode.ee\/fi\/toode\/frantsila-basilika-eteerinen-oljy-10-ml\/","title":{"rendered":"Frantsila BASILIKA eteerinen \u00f6ljy 10 ml"},"content":{"rendered":"<h4>BASILIKA eteerinen \u00f6ljy<\/h4>\n<p><strong>Henkiseen v\u00e4symykseen \u00b7 Migreeniin \u00b7 Lihaskovettumiin <\/strong><br \/>\nLehdist\u00e4 saatava eteerinen \u00f6ljy tuoksuu hienostuneelta. Ter\u00e4v\u00f6itt\u00e4\u00e4 aisteja, kirkastaa ajatuksia ja lis\u00e4\u00e4 keskittymiskyky\u00e4. Helpottaa p\u00e4\u00e4ns\u00e4rky\u00e4 ja migreeni\u00e4.<\/p>\n<p><strong>Tuoksulyhty ja ilmanraikastaja<\/strong>:Voit k\u00e4ytt\u00e4\u00e4 eteerisi\u00e4 \u00f6ljyj\u00e4 esimerkiksi ilmankostuttajassa tai tuoksulyhdyss\u00e4 viihtyis\u00e4n tunnelman luomiseksi ja huoneilman raikastamiseksi. Lis\u00e4\u00e4 vedell\u00e4 t\u00e4ytettyyn tuoksulyhtyyn muutama tippa eteerist\u00e4 \u00f6ljy\u00e4. Voit lis\u00e4t\u00e4 pari tippaa suihkepullon veteen ja sumuttaa huoneilmaan haluamaasi tuoksua. Eteerist\u00e4 \u00f6ljy\u00e4 voi my\u00f6s pirskotella esimerkiksi lakanoille ja matoille.<\/p>\n<p><strong>Suihku tai kylp<\/strong>y:Lis\u00e4\u00e4 mieltymyksesi mukaan 5\u201310 tippaa eteerist\u00e4 \u00f6ljy\u00e4 ruokalusikalliseen nestem\u00e4ist\u00e4 neutraalia suihkusaippuaa. Hemmottele itse\u00e4si ja l\u00e4heisi\u00e4si ihanalla tuoksuliuoksella suihkussa, kylvyss\u00e4 tai jalkakylvyss\u00e4.<\/p>\n<p><strong>Vartalo\u00f6ljy<\/strong>:Lis\u00e4\u00e4 mieltymyksesi mukaan kaksi tippaa eteerist\u00e4 \u00f6ljy\u00e4 ruokalusikalliseen (noin 5 ml) neutraalia ihonhoito\u00f6ljy\u00e4. \u00d6ljyksi soveltuu hyvin esimerkiksi oliivi\u00f6ljy, Frantsilan Aroma perushieronta\u00f6ljy tai Frantsilan yrttihieronta\u00f6ljy.<\/p>\n<p><strong>Sauna<\/strong>:Lis\u00e4\u00e4 1\u20133 tippaa eteerist\u00e4 \u00f6ljy\u00e4 l\u00f6ylykauhalliseen vett\u00e4.<\/p>\n<p><strong>Kasvojen kauneush\u00f6yrytys ja h\u00f6yryhengitys<\/strong>:Lis\u00e4\u00e4 2\u20133 tippaa eteerist\u00e4 \u00f6ljy\u00e4 1\u20132 litraan kuumaa vett\u00e4. Pid\u00e4 kasvot pyyhkeen alla 2\u20133 minuuttia. Varo silmi\u00e4.<\/p>\n<p>1590.00 \u20ac\/l<\/p>\n","protected":false},"excerpt":{"rendered":"<div class=\"content\">\n<div class=\"container\">\n<div class=\"row\">\n<div class=\"col-sm-8\">\n<div class=\"product-tabs\">\n<div class=\"tab-content\">\n<div id=\"ingredients\" class=\"tab-pane active\">\n<p>Ocinum basilicum (basilika, eteerinen \u00f6ljy). H\u00f6yrytislattu basilikan maanp\u00e4\u00e4llisest\u00e4 kasvustosta.<\/p>\n<p>EI el\u00e4inkokeita, keinotekoisia hajusteita, v\u00e4riaineita, s\u00e4il\u00f6nt\u00e4aineita<\/p>\n<\/div>\n<\/div>\n<\/div>\n<\/div>\n<\/div>\n<\/div>\n<\/div>\n<div class=\"footer-nav\"><\/div>\n","protected":false},"featured_media":9258,"comment_status":"closed","ping_status":"closed","template":"","meta":{"_acf_changed":false},"pwb-brand":[365],"product_brand":[],"product_cat":[214,285],"product_tag":[],"class_list":{"0":"post-10648","1":"product","2":"type-product","3":"status-publish","4":"has-post-thumbnail","6":"pwb-brand-frantsila-fi","7":"product_cat-eteeriset-oljyt","8":"product_cat-eteeriset-oljyt-fi","10":"first","11":"instock","12":"shipping-taxable","13":"purchasable","14":"product-type-simple"},"acf":[],"brands":[{"id":365,"name":"Frantsila","slug":"frantsila-fi"}],"_links":{"self":[{"href":"https:\/\/tervisetoode.ee\/fi\/wp-json\/wp\/v2\/product\/10648","targetHints":{"allow":["GET"]}}],"collection":[{"href":"https:\/\/tervisetoode.ee\/fi\/wp-json\/wp\/v2\/product"}],"about":[{"href":"https:\/\/tervisetoode.ee\/fi\/wp-json\/wp\/v2\/types\/product"}],"replies":[{"embeddable":true,"href":"https:\/\/tervisetoode.ee\/fi\/wp-json\/wp\/v2\/comments?post=10648"}],"wp:featuredmedia":[{"embeddable":true,"href":"https:\/\/tervisetoode.ee\/fi\/wp-json\/wp\/v2\/media\/9258"}],"wp:attachment":[{"href":"https:\/\/tervisetoode.ee\/fi\/wp-json\/wp\/v2\/media?parent=10648"}],"wp:term":[{"taxonomy":"pwb-brand","embeddable":true,"href":"https:\/\/tervisetoode.ee\/fi\/wp-json\/wp\/v2\/pwb-brand?post=10648"},{"taxonomy":"product_brand","embeddable":true,"href":"https:\/\/tervisetoode.ee\/fi\/wp-json\/wp\/v2\/product_brand?post=10648"},{"taxonomy":"product_cat","embeddable":true,"href":"https:\/\/tervisetoode.ee\/fi\/wp-json\/wp\/v2\/product_cat?post=10648"},{"taxonomy":"product_tag","embeddable":true,"href":"https:\/\/tervisetoode.ee\/fi\/wp-json\/wp\/v2\/product_tag?post=10648"}],"curies":[{"name":"wp","href":"https:\/\/api.w.org\/{rel}","templated":true}]}}