{"id":10659,"date":"2016-05-05T22:37:11","date_gmt":"2016-05-05T22:37:11","guid":{"rendered":"https:\/\/tervisetoode.ee\/?post_type=product&#038;p=10659"},"modified":"2024-12-10T13:53:34","modified_gmt":"2024-12-10T13:53:34","slug":"frantsila-kipu-hierontaoljy-100ml","status":"publish","type":"product","link":"https:\/\/tervisetoode.ee\/fi\/toode\/frantsila-kipu-hierontaoljy-100ml\/","title":{"rendered":"Frantsila KIPU hieronta\u00f6ljy 100ml"},"content":{"rendered":"<h4>Frantsila KIPU hieronta\u00f6ljy<\/h4>\n<p><strong>Kehon j\u00e4nnittyneiden ja kolottavien alueiden hierontaan.<\/strong><\/p>\n<p>Kipua lievitt\u00e4v\u00e4, j\u00e4nnityksi\u00e4 laukaiseva, verenkiertoa elvytt\u00e4v\u00e4, lymfan toimintaa aktivoiva ja puhdistava hoito- ja hieronta\u00f6ljy.<\/p>\n<p>Hoito\u00f6ljyn \u00f6ljypohjana ovat kylm\u00e4puristetut luomukasvi\u00f6ljyt (auringonkukan siemen- ja oliivi\u00f6ljy), joihin on uuttamismenetelm\u00e4ll\u00e4 uutettu kotimaiset luomuyrtit (mesiangervo, siank\u00e4rs\u00e4m\u00f6n ja kuisman kukat, vaivaiskoivun lehdet, pajun kuoret, suopursu, katajan marjat, ratamon lehdet, koivun silmut ja arnikki) sek\u00e4 luomurosmariini. Lis\u00e4tehoa tuovat aromaterapeuttiset eteeriset \u00f6ljyt (rosmariini, basilika, kataja ja m\u00e4nty) sek\u00e4 suomalaiset kukkaterapeuttiset uutokset (aputipat \u2013 lumme, mets\u00e4t\u00e4hti, suopursu). Homeopaattinen arnikki antaa tuotteelle lis\u00e4apua erilaisten traumojen hoidossa.<\/p>\n<p>109,00 \u20ac\/L<\/p>\n","protected":false},"excerpt":{"rendered":"<p>(98% luomuraaka-aineita)<br \/>\nHoito\u00f6ljyn \u00f6ljypohjana ovat kylm\u00e4puristetut luomukasvi\u00f6ljyt (auringonkukan siemen- ja oliivi\u00f6ljy), joihin on uuttamismenetelm\u00e4ll\u00e4 uutettu kotimaiset luomuyrtit (mesiangervo, siank\u00e4rs\u00e4m\u00f6n ja kuisman kukat, vaivaiskoivun lehdet, pajun kuoret, katajan marjat, suopursun kukat ja lehdet, rohtoraunioyrtin juuri, arnikki, koivun silmut ja lehdet, ratamon lehdet) sek\u00e4 luomurosmariini. Lis\u00e4tehoa tuovat aromaterapeuttiset eteeriset \u00f6ljyt (rosmariini, basilika, kataja ja m\u00e4nty) sek\u00e4 suomalaiset kukkaterapeuttiset uutokset (tuomi, aputipat \u2013 lumme, mets\u00e4t\u00e4hti, suopursu). Homeopaattinen arnikki antaa tuotteelle lis\u00e4apua erilaisten traumojen hoidossa.<br \/>\nS\u00e4ilytys mielell\u00e4\u00e4n viile\u00e4ss\u00e4<\/p>\n","protected":false},"featured_media":9246,"comment_status":"closed","ping_status":"closed","template":"","meta":{"_acf_changed":false},"pwb-brand":[365],"product_brand":[],"product_cat":[215],"product_tag":[],"class_list":{"0":"post-10659","1":"product","2":"type-product","3":"status-publish","4":"has-post-thumbnail","6":"pwb-brand-frantsila-fi","7":"product_cat-hoito-ja-hierontaoljyt","9":"first","10":"instock","11":"shipping-taxable","12":"purchasable","13":"product-type-simple"},"acf":[],"brands":[{"id":365,"name":"Frantsila","slug":"frantsila-fi"}],"_links":{"self":[{"href":"https:\/\/tervisetoode.ee\/fi\/wp-json\/wp\/v2\/product\/10659","targetHints":{"allow":["GET"]}}],"collection":[{"href":"https:\/\/tervisetoode.ee\/fi\/wp-json\/wp\/v2\/product"}],"about":[{"href":"https:\/\/tervisetoode.ee\/fi\/wp-json\/wp\/v2\/types\/product"}],"replies":[{"embeddable":true,"href":"https:\/\/tervisetoode.ee\/fi\/wp-json\/wp\/v2\/comments?post=10659"}],"wp:featuredmedia":[{"embeddable":true,"href":"https:\/\/tervisetoode.ee\/fi\/wp-json\/wp\/v2\/media\/9246"}],"wp:attachment":[{"href":"https:\/\/tervisetoode.ee\/fi\/wp-json\/wp\/v2\/media?parent=10659"}],"wp:term":[{"taxonomy":"pwb-brand","embeddable":true,"href":"https:\/\/tervisetoode.ee\/fi\/wp-json\/wp\/v2\/pwb-brand?post=10659"},{"taxonomy":"product_brand","embeddable":true,"href":"https:\/\/tervisetoode.ee\/fi\/wp-json\/wp\/v2\/product_brand?post=10659"},{"taxonomy":"product_cat","embeddable":true,"href":"https:\/\/tervisetoode.ee\/fi\/wp-json\/wp\/v2\/product_cat?post=10659"},{"taxonomy":"product_tag","embeddable":true,"href":"https:\/\/tervisetoode.ee\/fi\/wp-json\/wp\/v2\/product_tag?post=10659"}],"curies":[{"name":"wp","href":"https:\/\/api.w.org\/{rel}","templated":true}]}}