{"id":10663,"date":"2016-05-05T22:37:08","date_gmt":"2016-05-05T22:37:08","guid":{"rendered":"https:\/\/tervisetoode.ee\/?post_type=product&#038;p=10663"},"modified":"2025-12-02T22:00:48","modified_gmt":"2025-12-02T22:00:48","slug":"frantsila-hella-aroma-perusoljy-500ml","status":"publish","type":"product","link":"https:\/\/tervisetoode.ee\/fi\/toode\/frantsila-hella-aroma-perusoljy-500ml\/","title":{"rendered":"Frantsila RENTO OLO hieronta\u00f6ljy 500ml"},"content":{"rendered":"<h4>RENTO OLO hieronta\u00f6ljy<\/h4>\n<p>Frantsila RENTO OLO hieronta\u00f6ljy\u00a0 500ml \u2013 rentouttava ja stressi\u00e4 lievitt\u00e4v\u00e4<br \/>\nRento olo \u2013hieronta\u00f6ljy on mielt\u00e4 ja lihaksia rentouttava, vatsaa rauhoittava, mielen \u00e4rtymyst\u00e4 ja turhautuneisuutta tasaava sek\u00e4 stressi\u00e4 laukaiseva. (Ayurveda -hoitotieteen mukaan se sopii erityisesti Pitta \u2013ongelmiin.)<\/p>\n<p>S\u00e4ilytys mielell\u00e4\u00e4n viile\u00e4ss\u00e4, jolloin s\u00e4ilyvyys on noin 2 vuotta.<br \/>\nEi suositella k\u00e4ytett\u00e4v\u00e4ksi odottaville \u00e4ideille tai pienille lapsille.<br \/>\nEi el\u00e4inkokeita, mineraali\u00f6ljyj\u00e4, silikaatteja, keinotekoisia hajusteita, v\u00e4riaineita eik\u00e4 s\u00e4il\u00f6nt\u00e4aineita. Raaka-aineet ja tuotantotavat t\u00e4ytt\u00e4v\u00e4t eurooppalaiset luonnonkosmetiikka-standardit.<\/p>\n<p>78,80 \u20ac\/L<\/p>\n","protected":false},"excerpt":{"rendered":"<p>Valmistusaineina on k\u00e4ytetty luonnonmukaisesti viljelty\u00e4 keh\u00e4kukkaa, joka on uutettu kylm\u00e4puristettuun viiniryp\u00e4leen siemen- ja luomuauringonkukan siemen\u00f6ljyyn. Eteerisen\u00e4 \u00f6ljyn\u00e4 on laventeli, piparminttu, palmarosa, patsuli, fenkoli sek\u00e4 ruusu. Kukkaterapeuttisina uutteina on taakkoja vapauttava kuusi ja tunnelukkoja avaava m\u00e4nty.<\/p>\n","protected":false},"featured_media":9240,"comment_status":"closed","ping_status":"closed","template":"","meta":{"_acf_changed":false},"pwb-brand":[365],"product_brand":[],"product_cat":[17],"product_tag":[],"class_list":{"0":"post-10663","1":"product","2":"type-product","3":"status-publish","4":"has-post-thumbnail","6":"pwb-brand-frantsila-fi","7":"product_cat-aiapidajale","9":"first","10":"instock","11":"shipping-taxable","12":"purchasable","13":"product-type-simple"},"acf":[],"brands":[{"id":365,"name":"Frantsila","slug":"frantsila-fi"}],"_links":{"self":[{"href":"https:\/\/tervisetoode.ee\/fi\/wp-json\/wp\/v2\/product\/10663","targetHints":{"allow":["GET"]}}],"collection":[{"href":"https:\/\/tervisetoode.ee\/fi\/wp-json\/wp\/v2\/product"}],"about":[{"href":"https:\/\/tervisetoode.ee\/fi\/wp-json\/wp\/v2\/types\/product"}],"replies":[{"embeddable":true,"href":"https:\/\/tervisetoode.ee\/fi\/wp-json\/wp\/v2\/comments?post=10663"}],"wp:featuredmedia":[{"embeddable":true,"href":"https:\/\/tervisetoode.ee\/fi\/wp-json\/wp\/v2\/media\/9240"}],"wp:attachment":[{"href":"https:\/\/tervisetoode.ee\/fi\/wp-json\/wp\/v2\/media?parent=10663"}],"wp:term":[{"taxonomy":"pwb-brand","embeddable":true,"href":"https:\/\/tervisetoode.ee\/fi\/wp-json\/wp\/v2\/pwb-brand?post=10663"},{"taxonomy":"product_brand","embeddable":true,"href":"https:\/\/tervisetoode.ee\/fi\/wp-json\/wp\/v2\/product_brand?post=10663"},{"taxonomy":"product_cat","embeddable":true,"href":"https:\/\/tervisetoode.ee\/fi\/wp-json\/wp\/v2\/product_cat?post=10663"},{"taxonomy":"product_tag","embeddable":true,"href":"https:\/\/tervisetoode.ee\/fi\/wp-json\/wp\/v2\/product_tag?post=10663"}],"curies":[{"name":"wp","href":"https:\/\/api.w.org\/{rel}","templated":true}]}}