{"id":10664,"date":"2016-05-05T22:37:05","date_gmt":"2016-05-05T22:37:05","guid":{"rendered":"https:\/\/tervisetoode.ee\/?post_type=product&#038;p=10664"},"modified":"2024-12-10T13:53:34","modified_gmt":"2024-12-10T13:53:34","slug":"frantsila-yrttihierontaoljy-100-ml","status":"publish","type":"product","link":"https:\/\/tervisetoode.ee\/fi\/toode\/frantsila-yrttihierontaoljy-100-ml\/","title":{"rendered":"Frantsila YRTTIHIERONTA\u00d6LJY 100 ml"},"content":{"rendered":"<h4>Frantsila YRTTIHIERONTA\u00d6LJY<\/h4>\n<p>Yrttinen hieronta\u00f6ljy sopii koko kehon yleiseen hierontaan ja hoitoon. \u00d6ljy rentouttaa sek\u00e4 elvytt\u00e4\u00e4 ihon terveytt\u00e4, pintaverenkiertoa ja auttaa kuona-aineiden poistumista. Yrtti\u00f6ljyuutokset sis\u00e4lt\u00e4v\u00e4t runsaasti hivenaineita, vitamiineja ja entsyymej\u00e4, jotka jo sin\u00e4ns\u00e4 hoitavat ihoa. Se soveltuu hyvin herk\u00e4llekin iholle. \u00d6ljy tuoksuu neutraaleille yrteille.<\/p>\n<ul>\n<li>Hierotaan hoidettavalle iho-alueelle p\u00e4ivitt\u00e4in tai tarpeen mukaan.<\/li>\n<li>\u00d6ljyyn voidaan sekoittaa k\u00e4ytt\u00f6tarkoituksen mukaan eteerisi\u00e4 \u00f6ljyj\u00e4 1-2 tippaa 5ml:aa kohti.<\/li>\n<\/ul>\n<p>110.00 \u20ac\/l<\/p>\n","protected":false},"excerpt":{"rendered":"<p>Vitis vinifera (viiniryp\u00e4leen siemen\u00f6ljy), Helianthus annuus (auringonkukan siemen\u00f6ljy)*, Plantago ssp. (piha- ja hein\u00e4ratamo)*, Trifolium prantense (puna-apila)*, Prunella vulgaris (niittyhumala)*, Achillea millefolium (siank\u00e4rs\u00e4m\u00f6)*, Calendula officinalis (keh\u00e4kukka)*, Stellaria media (pihat\u00e4htim\u00f6)*, Hypericum perforatum (m\u00e4kikuisma)*, Polygonum aviculare (pihatar)*, Arctium lappa (takiainen)*, Verbascum thapsus (ukontulikukka)*, Tocopherol (tokoferoli eli luonnon E-vitamiini), *Olea Europaea (oliivi) oil. Flower essences: [*Prunella vulgaris (niittyhumala), Carbinus betulus (valkopy\u00f6kki), Prunus cerasifera (kirsikkaluumu), Clematis vitalba (saksank\u00e4rh\u00f6), Impatiens gladulifera (h\u00e4pykannus), Helianthemum nummularium (p\u00e4iv\u00e4nouto), Ornithogalum umbellatum (sarjat\u00e4hdikki)]<\/p>\n<p>*Luomua<\/p>\n","protected":false},"featured_media":9220,"comment_status":"closed","ping_status":"closed","template":"","meta":{"_acf_changed":false},"pwb-brand":[365],"product_brand":[],"product_cat":[215],"product_tag":[],"class_list":{"0":"post-10664","1":"product","2":"type-product","3":"status-publish","4":"has-post-thumbnail","6":"pwb-brand-frantsila-fi","7":"product_cat-hoito-ja-hierontaoljyt","9":"first","10":"outofstock","11":"shipping-taxable","12":"purchasable","13":"product-type-simple"},"acf":[],"brands":[{"id":365,"name":"Frantsila","slug":"frantsila-fi"}],"_links":{"self":[{"href":"https:\/\/tervisetoode.ee\/fi\/wp-json\/wp\/v2\/product\/10664","targetHints":{"allow":["GET"]}}],"collection":[{"href":"https:\/\/tervisetoode.ee\/fi\/wp-json\/wp\/v2\/product"}],"about":[{"href":"https:\/\/tervisetoode.ee\/fi\/wp-json\/wp\/v2\/types\/product"}],"replies":[{"embeddable":true,"href":"https:\/\/tervisetoode.ee\/fi\/wp-json\/wp\/v2\/comments?post=10664"}],"wp:featuredmedia":[{"embeddable":true,"href":"https:\/\/tervisetoode.ee\/fi\/wp-json\/wp\/v2\/media\/9220"}],"wp:attachment":[{"href":"https:\/\/tervisetoode.ee\/fi\/wp-json\/wp\/v2\/media?parent=10664"}],"wp:term":[{"taxonomy":"pwb-brand","embeddable":true,"href":"https:\/\/tervisetoode.ee\/fi\/wp-json\/wp\/v2\/pwb-brand?post=10664"},{"taxonomy":"product_brand","embeddable":true,"href":"https:\/\/tervisetoode.ee\/fi\/wp-json\/wp\/v2\/product_brand?post=10664"},{"taxonomy":"product_cat","embeddable":true,"href":"https:\/\/tervisetoode.ee\/fi\/wp-json\/wp\/v2\/product_cat?post=10664"},{"taxonomy":"product_tag","embeddable":true,"href":"https:\/\/tervisetoode.ee\/fi\/wp-json\/wp\/v2\/product_tag?post=10664"}],"curies":[{"name":"wp","href":"https:\/\/api.w.org\/{rel}","templated":true}]}}