{"id":10691,"date":"2016-05-05T22:37:00","date_gmt":"2016-06-12T13:04:45","guid":{"rendered":"https:\/\/tervisetoode.ee\/?post_type=product&#038;p=10691"},"modified":"2025-01-24T13:50:37","modified_gmt":"2025-01-24T13:50:37","slug":"luonnon-deodorantti-roll-on-50-ml","status":"publish","type":"product","link":"https:\/\/tervisetoode.ee\/fi\/toode\/luonnon-deodorantti-roll-on-50-ml\/","title":{"rendered":"Luonnon deodorantti, 50 ml"},"content":{"rendered":"<h4>Luonnon deodorantti roll-on<\/h4>\n<p>Luonnon deodorantin teho perustuu antibakteerisiin luomuyrttiuutoksiin ja luonnon raaka-aineisiin antaen luonnollista suojaa. Kotimaiset luomuyrtit, kuten keh\u00e4kukka ja hein\u00e4ratamo, hoitavat kainaloiden ihoa, trietyylisitraatti hillitsee hien hajun muodostumista ja luomunuolijuuri pit\u00e4\u00e4 kainalot kuivina. Appelsiinin, greipin, palmarosan, santelipuun ja teepuun eteeriset \u00f6ljyt hoitavat ihoa ja antavat deodorantille miellytt\u00e4v\u00e4n raikkaan sitruksisen tuoksun.<\/p>\n<p><strong>K\u00e4ytt\u00f6ohje:<\/strong> Levitet\u00e4\u00e4n puhtaisiin kainaloihin.<\/p>\n<p>Luonnon deodorantti on valmistettu 100 % luonnollisista raaka-aineista ja on vegaaninen tuote.<\/p>\n<p>VEGAANINEN TUOTE<\/p>\n<p>362,00 \u20ac\/L<\/p>\n","protected":false},"excerpt":{"rendered":"<h3>Ainesosat<\/h3>\n<p>Aqua (Vesi), *Alcohol denat. (Alkoholi denat.), Triethyl Citrate (Trietyylisitraatti), Caprylyl\/Capryl Glucoside (Kapryyli\/Kapryl Glukosidi), *Calendula officinalis (Keh\u00e4kukka) kukkauutos, *Plantago lanceolata (Hein\u00e4ratamo) lehtiuutos, *Prunella vulgaris (Niittyhumala) uutos, *Matricaria recutita (Kamomilla) kukkauutos, *Arctium lappa (Isotakiainen) juuriuutos, *Viola tricolor (Keto-orvokki) uutos, Citrus aurantium dulcis (Appelsiini) eteerinen \u00f6ljy, Citrus paradisi (Greippi) eteerinen \u00f6ljy, Cymbopogon martini (Palmarosa) eteerinen \u00f6ljy, Santalum album (Santelipuu) eteerinen \u00f6ljy, Melaleuca alternifolia (Teepuu) eteerinen \u00f6ljy, *Maranta arundinacea (Nuolijuuri) jauhe, Xanthan Gum (Ksantaanikumi), Sodium Cocoyl Glutamate (Natriumkokoyyliglutamaatti), Glyceryl Caprylate (Glyseryyli-kaprylaatti), Citric Acid (Sitruunahappo), Polyglyceryl-6 Oleate (Polyglyseryyli-6-oleaatti), Sodium Surfactin (Natriumsurfaktiini), Mentha piperita (Piparminttu) eteerinen \u00f6ljy, Menthol (Mentoli), **Sitraali, **Sitronelloli, **Geranioli **Limoneeni, **Linalooli, **Farnesoli.<\/p>\n<p>*Luomua<br \/>\n**Eteerisen \u00f6ljyn luonnollinen osa<\/p>\n","protected":false},"featured_media":10692,"comment_status":"closed","ping_status":"closed","template":"","meta":{"_acf_changed":false},"pwb-brand":[365],"product_brand":[],"product_cat":[211],"product_tag":[],"class_list":{"0":"post-10691","1":"product","2":"type-product","3":"status-publish","4":"has-post-thumbnail","6":"pwb-brand-frantsila-fi","7":"product_cat-luonnonkosmetiikka","9":"first","10":"instock","11":"shipping-taxable","12":"purchasable","13":"product-type-simple"},"acf":[],"brands":[{"id":365,"name":"Frantsila","slug":"frantsila-fi"}],"_links":{"self":[{"href":"https:\/\/tervisetoode.ee\/fi\/wp-json\/wp\/v2\/product\/10691","targetHints":{"allow":["GET"]}}],"collection":[{"href":"https:\/\/tervisetoode.ee\/fi\/wp-json\/wp\/v2\/product"}],"about":[{"href":"https:\/\/tervisetoode.ee\/fi\/wp-json\/wp\/v2\/types\/product"}],"replies":[{"embeddable":true,"href":"https:\/\/tervisetoode.ee\/fi\/wp-json\/wp\/v2\/comments?post=10691"}],"wp:featuredmedia":[{"embeddable":true,"href":"https:\/\/tervisetoode.ee\/fi\/wp-json\/wp\/v2\/media\/10692"}],"wp:attachment":[{"href":"https:\/\/tervisetoode.ee\/fi\/wp-json\/wp\/v2\/media?parent=10691"}],"wp:term":[{"taxonomy":"pwb-brand","embeddable":true,"href":"https:\/\/tervisetoode.ee\/fi\/wp-json\/wp\/v2\/pwb-brand?post=10691"},{"taxonomy":"product_brand","embeddable":true,"href":"https:\/\/tervisetoode.ee\/fi\/wp-json\/wp\/v2\/product_brand?post=10691"},{"taxonomy":"product_cat","embeddable":true,"href":"https:\/\/tervisetoode.ee\/fi\/wp-json\/wp\/v2\/product_cat?post=10691"},{"taxonomy":"product_tag","embeddable":true,"href":"https:\/\/tervisetoode.ee\/fi\/wp-json\/wp\/v2\/product_tag?post=10691"}],"curies":[{"name":"wp","href":"https:\/\/api.w.org\/{rel}","templated":true}]}}