{"id":10695,"date":"2016-05-05T22:36:59","date_gmt":"2016-05-05T22:36:59","guid":{"rendered":"https:\/\/tervisetoode.ee\/?post_type=product&#038;p=10695"},"modified":"2024-12-10T13:53:37","modified_gmt":"2024-12-10T13:53:37","slug":"frantsila-ruusuinen-suihkugeeli-200-ml","status":"publish","type":"product","link":"https:\/\/tervisetoode.ee\/fi\/toode\/frantsila-ruusuinen-suihkugeeli-200-ml\/","title":{"rendered":"Frantsila RUUSUINEN SUIHKUGEELI 200 ml"},"content":{"rendered":"<h4>Frantsila RUUSUINEN SUIHKUGEELI<\/h4>\n<p><strong>Ruusun tuoksuista ja hell\u00e4varaista puhtautta koko perheelle<\/strong><\/p>\n<p>Ihoa helliv\u00e4- ja luontoyst\u00e4v\u00e4llinen vartalon suihkugeeli tekee ihosta puhtaan ja miellytt\u00e4v\u00e4n ruusuntuoksuisen.<\/p>\n<p>Ihoyst\u00e4v\u00e4lliset, ymp\u00e4rist\u00f6\u00f6n hajoavat kasvipohjaiset saippuoidut aineet on valittu tuotteeseen hell\u00e4varaisten ja luonnonmukaisten ominaisuuksiensa mukaan.<\/p>\n<div>\n<div class=\"wpb_text_column wpb_content_element \">\n<div class=\"wpb_wrapper\">\n<p>Kotimaiset hoitavat luomuyrttiuutokset niittyhumala, keto-orvokki, kamomilla, juhannusruusu hoitavat, uudistavat ja elvytt\u00e4v\u00e4t ihoa.<\/p>\n<p>Aromaterapeuttiset eteeriset \u00f6ljyt palmarosa, pelargoni, patsuli, ylang ylang, mandariini, piparminttu, ruusu antavat tuotteelle mielialaa kohentavan tuoksun. Ne desinfioivat ja harmonisoivat ihon toimintoja.<\/p>\n<p>Suomalaiset kukkaterapeuttiset uutokset koivu, siank\u00e4rs\u00e4m\u00f6, voikukka tasapainottavat kehon ja mielen keskin\u00e4ist\u00e4 harmoniaa ja n\u00e4in edesauttavat ihon hyv\u00e4\u00e4 kuntoa.<\/p>\n<p>Levit\u00e4 ruusuista suihkugeeli\u00e4 suoraan iholle tai harjaan ja pese hell\u00e4sti koko vartalon iho.<\/p>\n<p>VEGAANINEN TUOTE<\/p>\n<p>51,50 \u20ac\/L<\/p>\n<\/div>\n<\/div>\n<\/div>\n","protected":false},"excerpt":{"rendered":"<p>Aqua (Vesi), Cocamidopropyl Betaine (Kokamidopropyylibetaiini), Sucrose Laurate (Sukroosilauraatti), Glycerin (Kasviglyseriini), *Helianthus annuus (Auringonkukka) siemen\u00f6ljy, *Alcohol denat. (Alkoholi denat.), *Chamomilla recutita (Kamomilla) kukkauutos, *Prunella vulgaris (Niittyhumala) uutos, *Viola tricolor (Keto-orvokki) uutos, *Rose (Ruusu) uutos, Cymbopogon martini (Palmarosa) eteerinen \u00f6ljy, Pelargonium graveolens (Pelargoni) eteerinen \u00f6ljy, Pogostemon cablin (Patsuli) eteerinen \u00f6ljy, Cananga odorata (Ylang ylang) eteerinen \u00f6ljy, Citrus reticulata (Mandariini) eteerinen \u00f6ljy, Mentha piperita (Piparminttu) eteerinen \u00f6ljy, Rosa damascena (Ruusu) eteerinen \u00f6ljy, Xanthan Gum (Ksantaanikumi), Sea Salt (Merisuola), Potassium Sorbate (Kaliumsorbaatti), Menthol (Mentoli), *Achillea millefolium (Siank\u00e4rs\u00e4m\u00f6) kukkaterapeuttinen uutos, *Taraxacum officinale (Voikukka) kukkaterapeuttinen uutos, **Geranioli, **Sitronelloli.<\/p>\n<p>Luomua<br \/>\n**Eteerisen \u00f6ljyn luonnollinen osa<\/p>\n","protected":false},"featured_media":9186,"comment_status":"closed","ping_status":"closed","template":"","meta":{"_acf_changed":false},"pwb-brand":[365],"product_brand":[],"product_cat":[216],"product_tag":[],"class_list":{"0":"post-10695","1":"product","2":"type-product","3":"status-publish","4":"has-post-thumbnail","6":"pwb-brand-frantsila-fi","7":"product_cat-hygieniatuotteet","9":"first","10":"instock","11":"shipping-taxable","12":"purchasable","13":"product-type-simple"},"acf":[],"brands":[{"id":365,"name":"Frantsila","slug":"frantsila-fi"}],"_links":{"self":[{"href":"https:\/\/tervisetoode.ee\/fi\/wp-json\/wp\/v2\/product\/10695","targetHints":{"allow":["GET"]}}],"collection":[{"href":"https:\/\/tervisetoode.ee\/fi\/wp-json\/wp\/v2\/product"}],"about":[{"href":"https:\/\/tervisetoode.ee\/fi\/wp-json\/wp\/v2\/types\/product"}],"replies":[{"embeddable":true,"href":"https:\/\/tervisetoode.ee\/fi\/wp-json\/wp\/v2\/comments?post=10695"}],"wp:featuredmedia":[{"embeddable":true,"href":"https:\/\/tervisetoode.ee\/fi\/wp-json\/wp\/v2\/media\/9186"}],"wp:attachment":[{"href":"https:\/\/tervisetoode.ee\/fi\/wp-json\/wp\/v2\/media?parent=10695"}],"wp:term":[{"taxonomy":"pwb-brand","embeddable":true,"href":"https:\/\/tervisetoode.ee\/fi\/wp-json\/wp\/v2\/pwb-brand?post=10695"},{"taxonomy":"product_brand","embeddable":true,"href":"https:\/\/tervisetoode.ee\/fi\/wp-json\/wp\/v2\/product_brand?post=10695"},{"taxonomy":"product_cat","embeddable":true,"href":"https:\/\/tervisetoode.ee\/fi\/wp-json\/wp\/v2\/product_cat?post=10695"},{"taxonomy":"product_tag","embeddable":true,"href":"https:\/\/tervisetoode.ee\/fi\/wp-json\/wp\/v2\/product_tag?post=10695"}],"curies":[{"name":"wp","href":"https:\/\/api.w.org\/{rel}","templated":true}]}}