{"id":10697,"date":"2016-05-05T22:36:27","date_gmt":"2016-05-05T22:36:27","guid":{"rendered":"https:\/\/tervisetoode.ee\/?post_type=product&#038;p=10697"},"modified":"2024-12-10T13:53:37","modified_gmt":"2024-12-10T13:53:37","slug":"tervaskanto-tervasaippua-1l","status":"publish","type":"product","link":"https:\/\/tervisetoode.ee\/fi\/toode\/tervaskanto-tervasaippua-1l\/","title":{"rendered":"Tervaskanto TERVASAIPPUA 1L(529)"},"content":{"rendered":"<h4>Tervaskanto TERVASAIPPUA<\/h4>\n<p>Miedosti tuoksuva nestesaippua koko kehon p\u00e4ivitt\u00e4iseen pesuun. My\u00f6s ongelmalliselle ja herk\u00e4lle iholle. Valmistuksessa k\u00e4ytet\u00e4\u00e4n kotimaista maahautatervaa. Biohajoava.<\/p>\n<p>Pakkumine: 08.05-31.05.24<\/p>\n","protected":false},"excerpt":{"rendered":"<p>1L<\/p>\n<p>Ingredients: Water, Sodium Laureth Sulfate, Cocamidopropyl Betaine, Disodium Laureth Sulfosuccinate, PEG-9 Cocoglycerides, Propylene Glycol, Sodium chloride , Pine tar, Kalium sorbate, Phenoxyethanol<\/p>\n","protected":false},"featured_media":8932,"comment_status":"closed","ping_status":"closed","template":"","meta":{"_acf_changed":false},"pwb-brand":[370],"product_brand":[],"product_cat":[216],"product_tag":[],"class_list":{"0":"post-10697","1":"product","2":"type-product","3":"status-publish","4":"has-post-thumbnail","6":"pwb-brand-tervaskanto-fi","7":"product_cat-hygieniatuotteet","9":"first","10":"instock","11":"shipping-taxable","12":"purchasable","13":"product-type-simple"},"acf":[],"brands":[{"id":370,"name":"Tervaskanto","slug":"tervaskanto-fi"}],"_links":{"self":[{"href":"https:\/\/tervisetoode.ee\/fi\/wp-json\/wp\/v2\/product\/10697","targetHints":{"allow":["GET"]}}],"collection":[{"href":"https:\/\/tervisetoode.ee\/fi\/wp-json\/wp\/v2\/product"}],"about":[{"href":"https:\/\/tervisetoode.ee\/fi\/wp-json\/wp\/v2\/types\/product"}],"replies":[{"embeddable":true,"href":"https:\/\/tervisetoode.ee\/fi\/wp-json\/wp\/v2\/comments?post=10697"}],"wp:featuredmedia":[{"embeddable":true,"href":"https:\/\/tervisetoode.ee\/fi\/wp-json\/wp\/v2\/media\/8932"}],"wp:attachment":[{"href":"https:\/\/tervisetoode.ee\/fi\/wp-json\/wp\/v2\/media?parent=10697"}],"wp:term":[{"taxonomy":"pwb-brand","embeddable":true,"href":"https:\/\/tervisetoode.ee\/fi\/wp-json\/wp\/v2\/pwb-brand?post=10697"},{"taxonomy":"product_brand","embeddable":true,"href":"https:\/\/tervisetoode.ee\/fi\/wp-json\/wp\/v2\/product_brand?post=10697"},{"taxonomy":"product_cat","embeddable":true,"href":"https:\/\/tervisetoode.ee\/fi\/wp-json\/wp\/v2\/product_cat?post=10697"},{"taxonomy":"product_tag","embeddable":true,"href":"https:\/\/tervisetoode.ee\/fi\/wp-json\/wp\/v2\/product_tag?post=10697"}],"curies":[{"name":"wp","href":"https:\/\/api.w.org\/{rel}","templated":true}]}}