{"id":10714,"date":"2016-05-05T22:37:46","date_gmt":"2016-05-05T22:37:46","guid":{"rendered":"https:\/\/tervisetoode.ee\/?post_type=product&#038;p=10714"},"modified":"2025-11-25T22:30:22","modified_gmt":"2025-11-25T22:30:22","slug":"frantsila-pihlaja-kukkatippa-10-ml","status":"publish","type":"product","link":"https:\/\/tervisetoode.ee\/fi\/toode\/frantsila-pihlaja-kukkatippa-10-ml\/","title":{"rendered":"Frantsila PIHLAJA Kukkatippa 10 ml"},"content":{"rendered":"<h4>Frantsila PIHLAJA Kukkatippa<\/h4>\n<p>Kevent\u00e4m\u00e4\u00e4n syd\u00e4nt\u00e4. Itsekk\u00e4\u00e4seen uhrautuvaisuuteen. Iloiseen rakkauden ilmaisemiseen. Pihlaja avaa syd\u00e4men havaitsemaan itsekk\u00e4\u00e4n ja todellisen rakkauden v\u00e4lisen eron niin, ett\u00e4 ymm\u00e4rr\u00e4t oikean antamisen olevan syd\u00e4mest\u00e4 l\u00e4htev\u00e4\u00e4 palvelusty\u00f6t\u00e4. Pihlaja tuo syd\u00e4melle keveytt\u00e4 ja herkist\u00e4\u00e4 luovaan rohkeuteen. Se auttaa my\u00f6s ty\u00f6skentelem\u00e4\u00e4n anteeksiantamisen jalossa taidossa. &#8221;Voin tuntea syd\u00e4mest\u00e4 tulevaa puhdasta antamisen rakkautta&#8221;.<\/p>\n<p>1 tippa suoraan suuhun 2-4 kertaa vuorokaudessa tai 1-2 tippaa lasilliseen vett\u00e4 ja nauti pieni\u00e4 siemauksia.<\/p>\n<p>Vinkki:<br \/>\nOta pihlaja-kukkatippoja, jotta pystyt syd\u00e4mest\u00e4si rakastaa ja palvella. Tipat ovat eritt\u00e4in hy\u00f6dylliset palvelualan ihmisille kuten hoitajille.<\/p>\n<p>950.00 \u20ac\/l<\/p>\n","protected":false},"excerpt":{"rendered":"<p>Alcohol (alkoholi)*, Sorbus aucuparia (pihlaja, kukkaterapeuttinen uutos)*.<\/p>\n<p>Luomua*<\/p>\n","protected":false},"featured_media":9542,"comment_status":"closed","ping_status":"closed","template":"","meta":{"_acf_changed":false},"pwb-brand":[365],"product_brand":[],"product_cat":[217],"product_tag":[],"class_list":{"0":"post-10714","1":"product","2":"type-product","3":"status-publish","4":"has-post-thumbnail","6":"pwb-brand-frantsila-fi","7":"product_cat-kukkaterapia","9":"first","10":"instock","11":"shipping-taxable","12":"purchasable","13":"product-type-simple"},"acf":[],"brands":[{"id":365,"name":"Frantsila","slug":"frantsila-fi"}],"_links":{"self":[{"href":"https:\/\/tervisetoode.ee\/fi\/wp-json\/wp\/v2\/product\/10714","targetHints":{"allow":["GET"]}}],"collection":[{"href":"https:\/\/tervisetoode.ee\/fi\/wp-json\/wp\/v2\/product"}],"about":[{"href":"https:\/\/tervisetoode.ee\/fi\/wp-json\/wp\/v2\/types\/product"}],"replies":[{"embeddable":true,"href":"https:\/\/tervisetoode.ee\/fi\/wp-json\/wp\/v2\/comments?post=10714"}],"wp:featuredmedia":[{"embeddable":true,"href":"https:\/\/tervisetoode.ee\/fi\/wp-json\/wp\/v2\/media\/9542"}],"wp:attachment":[{"href":"https:\/\/tervisetoode.ee\/fi\/wp-json\/wp\/v2\/media?parent=10714"}],"wp:term":[{"taxonomy":"pwb-brand","embeddable":true,"href":"https:\/\/tervisetoode.ee\/fi\/wp-json\/wp\/v2\/pwb-brand?post=10714"},{"taxonomy":"product_brand","embeddable":true,"href":"https:\/\/tervisetoode.ee\/fi\/wp-json\/wp\/v2\/product_brand?post=10714"},{"taxonomy":"product_cat","embeddable":true,"href":"https:\/\/tervisetoode.ee\/fi\/wp-json\/wp\/v2\/product_cat?post=10714"},{"taxonomy":"product_tag","embeddable":true,"href":"https:\/\/tervisetoode.ee\/fi\/wp-json\/wp\/v2\/product_tag?post=10714"}],"curies":[{"name":"wp","href":"https:\/\/api.w.org\/{rel}","templated":true}]}}