{"id":10716,"date":"2016-05-05T22:37:45","date_gmt":"2016-05-05T22:37:45","guid":{"rendered":"https:\/\/tervisetoode.ee\/?post_type=product&#038;p=10716"},"modified":"2025-11-25T22:31:44","modified_gmt":"2025-11-25T22:31:44","slug":"frantsila-piharatamo-kukkatippa-10ml","status":"publish","type":"product","link":"https:\/\/tervisetoode.ee\/fi\/toode\/frantsila-piharatamo-kukkatippa-10ml\/","title":{"rendered":"Frantsila PIHARATAMO Kukkatippa 10ml"},"content":{"rendered":"<h4>Frantsila PIHARATAMO Kukkatippa<\/h4>\n<p>Antamaan arvoa muillekin. Irrallisuuteen. Jalat maassa ponnistamiseen. Piharatamo auttaa seisomaan tukevasti omilla jalansijoillaan. Se kohottaa omanarvontuntoa ja auttaa jakamaan omaa sis\u00e4ist\u00e4 n\u00e4kemyst\u00e4 toisillekin ilman pelkoa toisten arvostelusta. &#8221;Voin iloita omista kyvyist\u00e4ni ja k\u00e4ytt\u00e4\u00e4 niit\u00e4&#8221;.<\/p>\n<p>1 tippa suoraan suuhun 2-4 kertaa vuorokaudessa tai 1-2 tippaa lasilliseen vett\u00e4 ja nauti pieni\u00e4 siemauksia.<\/p>\n<p>Vinkki:<br \/>\nKokeile tippoja lannistuessasi, esim. jos sinulla ei ole t\u00f6it\u00e4, tai et p\u00e4\u00e4ssyt opiskelemaan. Piharatamo voi olla my\u00f6s avuksi kannustamaan koululaisen omanarvontuntoa ja p\u00e4rj\u00e4\u00e4mist\u00e4. Tippoja kannattaa ottaa my\u00f6s ennen tenttej\u00e4.<\/p>\n<p>950.00 \u20ac\/l<\/p>\n","protected":false},"excerpt":{"rendered":"<p>Alcohol (alkoholi)*, Plantago major (piharatamo, kukkaterapeuttinen uutos)*.<\/p>\n<p>Luomua*<\/p>\n","protected":false},"featured_media":9538,"comment_status":"closed","ping_status":"closed","template":"","meta":{"_acf_changed":false},"pwb-brand":[365],"product_brand":[],"product_cat":[217],"product_tag":[],"class_list":{"0":"post-10716","1":"product","2":"type-product","3":"status-publish","4":"has-post-thumbnail","6":"pwb-brand-frantsila-fi","7":"product_cat-kukkaterapia","9":"first","10":"instock","11":"shipping-taxable","12":"purchasable","13":"product-type-simple"},"acf":[],"brands":[{"id":365,"name":"Frantsila","slug":"frantsila-fi"}],"_links":{"self":[{"href":"https:\/\/tervisetoode.ee\/fi\/wp-json\/wp\/v2\/product\/10716","targetHints":{"allow":["GET"]}}],"collection":[{"href":"https:\/\/tervisetoode.ee\/fi\/wp-json\/wp\/v2\/product"}],"about":[{"href":"https:\/\/tervisetoode.ee\/fi\/wp-json\/wp\/v2\/types\/product"}],"replies":[{"embeddable":true,"href":"https:\/\/tervisetoode.ee\/fi\/wp-json\/wp\/v2\/comments?post=10716"}],"wp:featuredmedia":[{"embeddable":true,"href":"https:\/\/tervisetoode.ee\/fi\/wp-json\/wp\/v2\/media\/9538"}],"wp:attachment":[{"href":"https:\/\/tervisetoode.ee\/fi\/wp-json\/wp\/v2\/media?parent=10716"}],"wp:term":[{"taxonomy":"pwb-brand","embeddable":true,"href":"https:\/\/tervisetoode.ee\/fi\/wp-json\/wp\/v2\/pwb-brand?post=10716"},{"taxonomy":"product_brand","embeddable":true,"href":"https:\/\/tervisetoode.ee\/fi\/wp-json\/wp\/v2\/product_brand?post=10716"},{"taxonomy":"product_cat","embeddable":true,"href":"https:\/\/tervisetoode.ee\/fi\/wp-json\/wp\/v2\/product_cat?post=10716"},{"taxonomy":"product_tag","embeddable":true,"href":"https:\/\/tervisetoode.ee\/fi\/wp-json\/wp\/v2\/product_tag?post=10716"}],"curies":[{"name":"wp","href":"https:\/\/api.w.org\/{rel}","templated":true}]}}