{"id":10718,"date":"2016-05-05T22:37:45","date_gmt":"2016-05-05T22:37:45","guid":{"rendered":"https:\/\/tervisetoode.ee\/?post_type=product&#038;p=10718"},"modified":"2025-11-25T22:35:57","modified_gmt":"2025-11-25T22:35:57","slug":"frantsila-manty-kukkatippa-10ml","status":"publish","type":"product","link":"https:\/\/tervisetoode.ee\/fi\/toode\/frantsila-manty-kukkatippa-10ml\/","title":{"rendered":"Frantsila M\u00c4NTY kukkatippa 10ml"},"content":{"rendered":"<h4>Frantsila M\u00c4NTY kukkatippa<\/h4>\n<p>Juurruttamaan. Liialliseen omavoimaisuuteen. Opettaa jaloutta. M\u00e4nty antaa nuorekasta voimaa ja j\u00e4m\u00e4kkyytt\u00e4. Se ohjaa juuret maahan, vapauttaa itsesyyt\u00f6ksist\u00e4 ja auttaa oppimaan omista virheist\u00e4. &#8221;Juureni ovat tukevasti maassa ja saan voimaa kaikkiin toimiini&#8221;.<\/p>\n<p>1 tippa suoraan suuhun 2-4 kertaa vuorokaudessa tai 1-2 tippaa lasilliseen vett\u00e4 ja nauti pieni\u00e4 siemauksia.<\/p>\n<p>Vinkki:<br \/>\nKokeile tippoja henkil\u00f6lle, jolla on taipumusta nostaa itse\u00e4\u00e4n kiusaamalla ja satuttamalla muita esim. koulu- tai ty\u00f6paikkakiusaaja.<\/p>\n<p>950.00 \u20ac\/l<\/p>\n","protected":false},"excerpt":{"rendered":"<p>Alcohol (alkoholi)*, Pinus sylvestris (m\u00e4nty, kukkaterapeuttinen uutos)*.<\/p>\n<p>Luomua*<\/p>\n","protected":false},"featured_media":9530,"comment_status":"closed","ping_status":"closed","template":"","meta":{"_acf_changed":false},"pwb-brand":[365],"product_brand":[],"product_cat":[217],"product_tag":[],"class_list":{"0":"post-10718","1":"product","2":"type-product","3":"status-publish","4":"has-post-thumbnail","6":"pwb-brand-frantsila-fi","7":"product_cat-kukkaterapia","9":"first","10":"instock","11":"shipping-taxable","12":"purchasable","13":"product-type-simple"},"acf":[],"brands":[{"id":365,"name":"Frantsila","slug":"frantsila-fi"}],"_links":{"self":[{"href":"https:\/\/tervisetoode.ee\/fi\/wp-json\/wp\/v2\/product\/10718","targetHints":{"allow":["GET"]}}],"collection":[{"href":"https:\/\/tervisetoode.ee\/fi\/wp-json\/wp\/v2\/product"}],"about":[{"href":"https:\/\/tervisetoode.ee\/fi\/wp-json\/wp\/v2\/types\/product"}],"replies":[{"embeddable":true,"href":"https:\/\/tervisetoode.ee\/fi\/wp-json\/wp\/v2\/comments?post=10718"}],"wp:featuredmedia":[{"embeddable":true,"href":"https:\/\/tervisetoode.ee\/fi\/wp-json\/wp\/v2\/media\/9530"}],"wp:attachment":[{"href":"https:\/\/tervisetoode.ee\/fi\/wp-json\/wp\/v2\/media?parent=10718"}],"wp:term":[{"taxonomy":"pwb-brand","embeddable":true,"href":"https:\/\/tervisetoode.ee\/fi\/wp-json\/wp\/v2\/pwb-brand?post=10718"},{"taxonomy":"product_brand","embeddable":true,"href":"https:\/\/tervisetoode.ee\/fi\/wp-json\/wp\/v2\/product_brand?post=10718"},{"taxonomy":"product_cat","embeddable":true,"href":"https:\/\/tervisetoode.ee\/fi\/wp-json\/wp\/v2\/product_cat?post=10718"},{"taxonomy":"product_tag","embeddable":true,"href":"https:\/\/tervisetoode.ee\/fi\/wp-json\/wp\/v2\/product_tag?post=10718"}],"curies":[{"name":"wp","href":"https:\/\/api.w.org\/{rel}","templated":true}]}}