{"id":10720,"date":"2016-05-05T22:37:44","date_gmt":"2016-05-05T22:37:44","guid":{"rendered":"https:\/\/tervisetoode.ee\/?post_type=product&#038;p=10720"},"modified":"2025-11-25T22:56:18","modified_gmt":"2025-11-25T22:56:18","slug":"metsatahti","status":"publish","type":"product","link":"https:\/\/tervisetoode.ee\/fi\/toode\/metsatahti\/","title":{"rendered":"Frantsila METS\u00c4T\u00c4HTI Kukkatippa 10ml"},"content":{"rendered":"<h4>Frantsila METS\u00c4T\u00c4HTI Kukkatippa<\/h4>\n<h2><span style=\"color: #ff0000;\"><strong>\u2013 40%<\/strong><\/span><\/h2>\n<p>Parasta ennen: 02.2026<\/p>\n<p>Antamaan suojaa ja turvallisuutta. Voittamaan vaikeuksia. Puhdistamaan henkisesti. Mets\u00e4t\u00e4hti tuo selkeytt\u00e4 el\u00e4m\u00e4n henkisiin arvoihin. Se puhdistaa ja tasapainottaa ihmisen koko olemusta. Mets\u00e4t\u00e4hti kohottaa mielen arkip\u00e4iv\u00e4isten asioiden yl\u00e4puolelle ja antaa tyytyv\u00e4isen, luottavaisen olon. &#8221;Tunnen el\u00e4m\u00e4ni selkiytyv\u00e4n ja olen aina luottavaisella mielell\u00e4&#8221;.<\/p>\n<p>1 tippa suoraan suuhun 2-4 kertaa vuorokaudessatai 1-2 tippaa lasilliseen vett\u00e4 ja nauti pieni\u00e4 siemauksia.<br \/>\nVinkki:Kannattaa kokeilla el\u00e4m\u00e4n kriisitilanteissa, kuten avioerossa ja kun sairastuu vakavasti. Mets\u00e4t\u00e4hti on osa suomalaisia aputippoja, joita k\u00e4ytet\u00e4\u00e4n vaikeissa tilanteissa.<\/p>\n<p>950.00 \u20ac\/l<\/p>\n<p>570.00\u00a0 \u20ac\/l<\/p>\n","protected":false},"excerpt":{"rendered":"<p>Alcohol (alkoholi)*, Trientalis europaea (mets\u00e4t\u00e4hti, kukkaterapeuttinen uutos)*.<\/p>\n<p>Luomua*<\/p>\n","protected":false},"featured_media":9522,"comment_status":"closed","ping_status":"closed","template":"","meta":{"_acf_changed":false},"pwb-brand":[365],"product_brand":[],"product_cat":[378,258,379,260,217],"product_tag":[],"class_list":{"0":"post-10720","1":"product","2":"type-product","3":"status-publish","4":"has-post-thumbnail","6":"pwb-brand-frantsila-fi","7":"product_cat-tarjoukset","8":"product_cat-kuukauden-tarjoukset-fi","9":"product_cat-loppuunmyynti","10":"product_cat-jopa-40","11":"product_cat-kukkaterapia","13":"first","14":"instock","15":"sale","16":"shipping-taxable","17":"purchasable","18":"product-type-simple"},"acf":[],"brands":[{"id":365,"name":"Frantsila","slug":"frantsila-fi"}],"_links":{"self":[{"href":"https:\/\/tervisetoode.ee\/fi\/wp-json\/wp\/v2\/product\/10720","targetHints":{"allow":["GET"]}}],"collection":[{"href":"https:\/\/tervisetoode.ee\/fi\/wp-json\/wp\/v2\/product"}],"about":[{"href":"https:\/\/tervisetoode.ee\/fi\/wp-json\/wp\/v2\/types\/product"}],"replies":[{"embeddable":true,"href":"https:\/\/tervisetoode.ee\/fi\/wp-json\/wp\/v2\/comments?post=10720"}],"wp:featuredmedia":[{"embeddable":true,"href":"https:\/\/tervisetoode.ee\/fi\/wp-json\/wp\/v2\/media\/9522"}],"wp:attachment":[{"href":"https:\/\/tervisetoode.ee\/fi\/wp-json\/wp\/v2\/media?parent=10720"}],"wp:term":[{"taxonomy":"pwb-brand","embeddable":true,"href":"https:\/\/tervisetoode.ee\/fi\/wp-json\/wp\/v2\/pwb-brand?post=10720"},{"taxonomy":"product_brand","embeddable":true,"href":"https:\/\/tervisetoode.ee\/fi\/wp-json\/wp\/v2\/product_brand?post=10720"},{"taxonomy":"product_cat","embeddable":true,"href":"https:\/\/tervisetoode.ee\/fi\/wp-json\/wp\/v2\/product_cat?post=10720"},{"taxonomy":"product_tag","embeddable":true,"href":"https:\/\/tervisetoode.ee\/fi\/wp-json\/wp\/v2\/product_tag?post=10720"}],"curies":[{"name":"wp","href":"https:\/\/api.w.org\/{rel}","templated":true}]}}