{"id":10723,"date":"2016-05-05T22:37:43","date_gmt":"2016-05-05T22:37:43","guid":{"rendered":"https:\/\/tervisetoode.ee\/?post_type=product&#038;p=10723"},"modified":"2025-11-25T23:12:32","modified_gmt":"2025-11-25T23:12:32","slug":"frantsila-metsaapila-kukkatippa-10ml","status":"publish","type":"product","link":"https:\/\/tervisetoode.ee\/fi\/toode\/frantsila-metsaapila-kukkatippa-10ml\/","title":{"rendered":"Frantsila METS\u00c4APILA Kukkatippa 10ml"},"content":{"rendered":"<h4>Frantsila METS\u00c4APILA Kukkatippa<\/h4>\n<p>Yksil\u00f6llisyyden l\u00f6yt\u00e4miseen, Ylimielisyyteen, Aikaansaamaan hyv\u00e4 vuorovaikutus. Mets\u00e4apila antaa iloa ja luo yhteenkuuluvaisuuden tunnetta ryhm\u00e4ss\u00e4. Se her\u00e4tt\u00e4\u00e4 l\u00e4mmint\u00e4 huumoria ja vahvistaa yksil\u00f6llisyytt\u00e4 ulkoisissa paineissa. Ota mets\u00e4apilaa my\u00f6s silloin, kun liiallinen yksil\u00f6llisyys ja ylimielisyys valtaa mielesi. &#8221;Nautin iloisesta ilmapiirist\u00e4 omalla yksil\u00f6llisell\u00e4 tavallani&#8221;.<\/p>\n<p>1 tippa suoraan suuhun 2-4 kertaa vuorokaudessa tai 1-2 tippaa lasilliseen vett\u00e4 ja nauti pieni\u00e4 siemauksia.<\/p>\n<p>Vinkki:<br \/>\nOta ja anna toisillekin mets\u00e4apilatippoja ennen palavereita ja kokouksia.<\/p>\n<p>950.00 \u20ac\/l<\/p>\n","protected":false},"excerpt":{"rendered":"<p>Alcohol (alkoholi)*, Trifolium medium (mets\u00e4apila, kukkaterapeuttinen uutos)*.<\/p>\n<p>Luomua*<\/p>\n","protected":false},"featured_media":9510,"comment_status":"closed","ping_status":"closed","template":"","meta":{"_acf_changed":false},"pwb-brand":[365],"product_brand":[],"product_cat":[217],"product_tag":[],"class_list":{"0":"post-10723","1":"product","2":"type-product","3":"status-publish","4":"has-post-thumbnail","6":"pwb-brand-frantsila-fi","7":"product_cat-kukkaterapia","9":"first","10":"instock","11":"shipping-taxable","12":"purchasable","13":"product-type-simple"},"acf":[],"brands":[{"id":365,"name":"Frantsila","slug":"frantsila-fi"}],"_links":{"self":[{"href":"https:\/\/tervisetoode.ee\/fi\/wp-json\/wp\/v2\/product\/10723","targetHints":{"allow":["GET"]}}],"collection":[{"href":"https:\/\/tervisetoode.ee\/fi\/wp-json\/wp\/v2\/product"}],"about":[{"href":"https:\/\/tervisetoode.ee\/fi\/wp-json\/wp\/v2\/types\/product"}],"replies":[{"embeddable":true,"href":"https:\/\/tervisetoode.ee\/fi\/wp-json\/wp\/v2\/comments?post=10723"}],"wp:featuredmedia":[{"embeddable":true,"href":"https:\/\/tervisetoode.ee\/fi\/wp-json\/wp\/v2\/media\/9510"}],"wp:attachment":[{"href":"https:\/\/tervisetoode.ee\/fi\/wp-json\/wp\/v2\/media?parent=10723"}],"wp:term":[{"taxonomy":"pwb-brand","embeddable":true,"href":"https:\/\/tervisetoode.ee\/fi\/wp-json\/wp\/v2\/pwb-brand?post=10723"},{"taxonomy":"product_brand","embeddable":true,"href":"https:\/\/tervisetoode.ee\/fi\/wp-json\/wp\/v2\/product_brand?post=10723"},{"taxonomy":"product_cat","embeddable":true,"href":"https:\/\/tervisetoode.ee\/fi\/wp-json\/wp\/v2\/product_cat?post=10723"},{"taxonomy":"product_tag","embeddable":true,"href":"https:\/\/tervisetoode.ee\/fi\/wp-json\/wp\/v2\/product_tag?post=10723"}],"curies":[{"name":"wp","href":"https:\/\/api.w.org\/{rel}","templated":true}]}}