{"id":10726,"date":"2016-05-05T22:37:42","date_gmt":"2016-05-05T22:37:42","guid":{"rendered":"https:\/\/tervisetoode.ee\/?post_type=product&#038;p=10726"},"modified":"2025-11-25T23:05:38","modified_gmt":"2025-11-25T23:05:38","slug":"frantsila-lemmikki-kukkatippa-10-ml","status":"publish","type":"product","link":"https:\/\/tervisetoode.ee\/fi\/toode\/frantsila-lemmikki-kukkatippa-10-ml\/","title":{"rendered":"Frantsila LEMMIKKI Kukkatippa 10 ml"},"content":{"rendered":"<h4>Frantsila LEMMIKKI Kukkatippa<\/h4>\n<p>Kaipuun tunteeseen, Muistojen herkist\u00e4m\u00e4lle mielelle, Saamisen ja antamisen ilon kokeilemiseen, T\u00e4m\u00e4 on hyv\u00e4 uute syv\u00e4ll\u00e4 olevan kaipuun ja muistojen herkist\u00e4m\u00e4lle mielelle. Luhtalemmikki opettaa, ett\u00e4 el\u00e4m\u00e4 on t\u00e4ynn\u00e4 tilaisuuksia saada ja antaa rakkautta. Se auttaa my\u00f6s saavuttamaan tasapainon unelmien ja todellisuuden v\u00e4lille. T\u00e4m\u00e4 on hyv\u00e4 uute laimentuneen parisuhteen elvytt\u00e4miseksi. &#8221;Saan antaa ja kokea rakkautta olemalla sopusoinnussa t\u00e4m\u00e4n hetken ja toiveitteni kanssa&#8221;.<\/p>\n<p>Vinkki:\u00a0Lemmikki on hyv\u00e4 apu my\u00f6s lapsille ja nuorille, jotka el\u00e4v\u00e4t haavemaailmassa. Se auttaa el\u00e4m\u00e4\u00e4n t\u00e4ss\u00e4 hetkess\u00e4.<\/p>\n<p>1 tippa suoraan suuhun 2-4 kertaa vuorokaudessa tai 1-2 tippaa lasilliseen vett\u00e4 ja nauti pieni\u00e4 siemauksia.<\/p>\n<p>950.00 \u20ac\/l<\/p>\n","protected":false},"excerpt":{"rendered":"<p>Alcohol (alkoholi)*, Myosotis scorpioides (luhtilemmikki, kukkaterapeuttinen uutos)*.<\/p>\n<p>Luomua*<\/p>\n","protected":false},"featured_media":9498,"comment_status":"closed","ping_status":"closed","template":"","meta":{"_acf_changed":false},"pwb-brand":[365],"product_brand":[],"product_cat":[217],"product_tag":[],"class_list":{"0":"post-10726","1":"product","2":"type-product","3":"status-publish","4":"has-post-thumbnail","6":"pwb-brand-frantsila-fi","7":"product_cat-kukkaterapia","9":"first","10":"instock","11":"shipping-taxable","12":"purchasable","13":"product-type-simple"},"acf":[],"brands":[{"id":365,"name":"Frantsila","slug":"frantsila-fi"}],"_links":{"self":[{"href":"https:\/\/tervisetoode.ee\/fi\/wp-json\/wp\/v2\/product\/10726","targetHints":{"allow":["GET"]}}],"collection":[{"href":"https:\/\/tervisetoode.ee\/fi\/wp-json\/wp\/v2\/product"}],"about":[{"href":"https:\/\/tervisetoode.ee\/fi\/wp-json\/wp\/v2\/types\/product"}],"replies":[{"embeddable":true,"href":"https:\/\/tervisetoode.ee\/fi\/wp-json\/wp\/v2\/comments?post=10726"}],"wp:featuredmedia":[{"embeddable":true,"href":"https:\/\/tervisetoode.ee\/fi\/wp-json\/wp\/v2\/media\/9498"}],"wp:attachment":[{"href":"https:\/\/tervisetoode.ee\/fi\/wp-json\/wp\/v2\/media?parent=10726"}],"wp:term":[{"taxonomy":"pwb-brand","embeddable":true,"href":"https:\/\/tervisetoode.ee\/fi\/wp-json\/wp\/v2\/pwb-brand?post=10726"},{"taxonomy":"product_brand","embeddable":true,"href":"https:\/\/tervisetoode.ee\/fi\/wp-json\/wp\/v2\/product_brand?post=10726"},{"taxonomy":"product_cat","embeddable":true,"href":"https:\/\/tervisetoode.ee\/fi\/wp-json\/wp\/v2\/product_cat?post=10726"},{"taxonomy":"product_tag","embeddable":true,"href":"https:\/\/tervisetoode.ee\/fi\/wp-json\/wp\/v2\/product_tag?post=10726"}],"curies":[{"name":"wp","href":"https:\/\/api.w.org\/{rel}","templated":true}]}}