{"id":10727,"date":"2016-05-05T22:37:41","date_gmt":"2016-05-05T22:37:41","guid":{"rendered":"https:\/\/tervisetoode.ee\/?post_type=product&#038;p=10727"},"modified":"2025-11-25T23:03:53","modified_gmt":"2025-11-25T23:03:53","slug":"frantsila-kuusi-kukkatippa-10-ml","status":"publish","type":"product","link":"https:\/\/tervisetoode.ee\/fi\/toode\/frantsila-kuusi-kukkatippa-10-ml\/","title":{"rendered":"Frantsila KUUSI kukkatippa 10 ml"},"content":{"rendered":"<h4>Frantsila KUUSI kukkatippa<\/h4>\n<p>Poistamaan taakkoja, Ep\u00e4luottamuksen tunteelle, Turvanantaja, Sopii huolista ja velvollisuuksista aiheutuneisiin paineisiin. Se suojaa ymp\u00e4rist\u00f6n paineilta sek\u00e4 kevent\u00e4\u00e4 el\u00e4m\u00e4n taakkaa ja antaa sis\u00e4ist\u00e4 tukea. Se helpottaa my\u00f6s liiallista itsekritiikki\u00e4. &#8221;Olen turvassa ja minua suojellaan&#8221;.<\/p>\n<p>Vinkki:\u00a0Kun hierot kireit\u00e4 hartioita voit laittaa pari tippaa k\u00e4siesi kautta suoraan hartioille sek\u00e4 luonnollisesti my\u00f6s suuhun.<\/p>\n<p>1 tippa suoraan suuhun 2-4 kertaa vuorokaudessa tai 1-2 tippaa lasilliseen vett\u00e4 ja nauti pieni\u00e4 siemauksia.<\/p>\n<p>950.00 \u20ac\/l<\/p>\n","protected":false},"excerpt":{"rendered":"<p>Alcohol (alkoholi)*, Picea abies (kuusi, kukkaterapeuttinen uutos)*.<\/p>\n<p>Luomua*<\/p>\n","protected":false},"featured_media":9494,"comment_status":"closed","ping_status":"closed","template":"","meta":{"_acf_changed":false},"pwb-brand":[365],"product_brand":[],"product_cat":[217],"product_tag":[],"class_list":{"0":"post-10727","1":"product","2":"type-product","3":"status-publish","4":"has-post-thumbnail","6":"pwb-brand-frantsila-fi","7":"product_cat-kukkaterapia","9":"first","10":"instock","11":"shipping-taxable","12":"purchasable","13":"product-type-simple"},"acf":[],"brands":[{"id":365,"name":"Frantsila","slug":"frantsila-fi"}],"_links":{"self":[{"href":"https:\/\/tervisetoode.ee\/fi\/wp-json\/wp\/v2\/product\/10727","targetHints":{"allow":["GET"]}}],"collection":[{"href":"https:\/\/tervisetoode.ee\/fi\/wp-json\/wp\/v2\/product"}],"about":[{"href":"https:\/\/tervisetoode.ee\/fi\/wp-json\/wp\/v2\/types\/product"}],"replies":[{"embeddable":true,"href":"https:\/\/tervisetoode.ee\/fi\/wp-json\/wp\/v2\/comments?post=10727"}],"wp:featuredmedia":[{"embeddable":true,"href":"https:\/\/tervisetoode.ee\/fi\/wp-json\/wp\/v2\/media\/9494"}],"wp:attachment":[{"href":"https:\/\/tervisetoode.ee\/fi\/wp-json\/wp\/v2\/media?parent=10727"}],"wp:term":[{"taxonomy":"pwb-brand","embeddable":true,"href":"https:\/\/tervisetoode.ee\/fi\/wp-json\/wp\/v2\/pwb-brand?post=10727"},{"taxonomy":"product_brand","embeddable":true,"href":"https:\/\/tervisetoode.ee\/fi\/wp-json\/wp\/v2\/product_brand?post=10727"},{"taxonomy":"product_cat","embeddable":true,"href":"https:\/\/tervisetoode.ee\/fi\/wp-json\/wp\/v2\/product_cat?post=10727"},{"taxonomy":"product_tag","embeddable":true,"href":"https:\/\/tervisetoode.ee\/fi\/wp-json\/wp\/v2\/product_tag?post=10727"}],"curies":[{"name":"wp","href":"https:\/\/api.w.org\/{rel}","templated":true}]}}