{"id":10729,"date":"2016-05-05T22:37:41","date_gmt":"2016-05-05T22:37:41","guid":{"rendered":"https:\/\/tervisetoode.ee\/?post_type=product&#038;p=10729"},"modified":"2025-11-25T23:00:09","modified_gmt":"2025-11-25T23:00:09","slug":"frantsila-koivu-kukkatippa-10-ml","status":"publish","type":"product","link":"https:\/\/tervisetoode.ee\/fi\/toode\/frantsila-koivu-kukkatippa-10-ml\/","title":{"rendered":"Frantsila KOIVU kukkatippa 10 ml"},"content":{"rendered":"<div class=\"content\">\n<div class=\"container\">\n<div class=\"row\">\n<div class=\"col-sm-8\">\n<div class=\"product-tabs\">\n<div class=\"tab-content\">\n<div id=\"info\" class=\"tab-pane active\">\n<h4>Frantsila KOIVU kukkatippa<\/h4>\n<p>KOIVU kukkatippa.\u00a0Puhdistumiseen, Pelokkuuteen ja tukkoisuuteen, Antamaan selkeytt\u00e4 ja virtausta el\u00e4m\u00e4\u00e4n, Koivutippa poistaa ep\u00e4varmuuden tunteen ja laittaa mielen ja energian virtaamaan elvytt\u00e4v\u00e4sti. Samalla se auttaa kasvamaan kyps\u00e4ksi aikuiseksi ja puhdistaa ajatukset pois itsekkyydest\u00e4. &#8221;Tunnen kuinka el\u00e4m\u00e4 virtaa minussa kuin elvytt\u00e4v\u00e4 mahla&#8221;.<\/p>\n<\/div>\n<div class=\"content\">\n<div class=\"container\">\n<div class=\"row\">\n<div class=\"col-sm-8\">\n<div class=\"product-tabs\">\n<div class=\"tab-content\">\n<div id=\"instructions\" class=\"tab-pane active\">\n<p>1 tippa suoraan suuhun 2-4 kertaa vuorokaudessa tai 1-2 tippaa lasilliseen vett\u00e4 ja nauti pieni\u00e4 siemauksia.<br \/>\nVinkki: Kokeile tippoja kun jalkasi tuntuvat raskailta v\u00e4syneilt\u00e4. Ota kukkatippoja sis\u00e4isesti, mutta laita niit\u00e4 my\u00f6s jalkakylpyveteen<\/p>\n<\/div>\n<\/div>\n<\/div>\n<\/div>\n<\/div>\n<\/div>\n<\/div>\n<div class=\"footer-nav\">950.00 \u20ac\/l<\/div>\n<\/div>\n<\/div>\n<\/div>\n<\/div>\n<\/div>\n<\/div>\n<div class=\"footer-nav\"><\/div>\n","protected":false},"excerpt":{"rendered":"<div class=\"content\">\n<div class=\"container\">\n<div class=\"row\">\n<div class=\"col-sm-8\">\n<div class=\"product-tabs\">\n<div class=\"tab-content\">\n<div id=\"ingredients\" class=\"tab-pane active\">\n<p>Alcohol (alkoholi)*, Betula pendula (koivu, kukkaterapeuttinen uutos)*.<\/p>\n<p>Luomua*<\/p>\n<\/div>\n<p><a class=\"btn\" href=\"http:\/\/frantsila.com\/tuotteet\/koivu-kukkaterapiatipat\/\" target=\"_blank\" rel=\"noopener noreferrer\">Tarkat tuotetiedot<\/a><\/p>\n<\/div>\n<\/div>\n<\/div>\n<\/div>\n<\/div>\n<\/div>\n<div class=\"footer-nav\"><\/div>\n","protected":false},"featured_media":9486,"comment_status":"closed","ping_status":"closed","template":"","meta":{"_acf_changed":false},"pwb-brand":[365],"product_brand":[],"product_cat":[217],"product_tag":[],"class_list":{"0":"post-10729","1":"product","2":"type-product","3":"status-publish","4":"has-post-thumbnail","6":"pwb-brand-frantsila-fi","7":"product_cat-kukkaterapia","9":"first","10":"instock","11":"shipping-taxable","12":"purchasable","13":"product-type-simple"},"acf":[],"brands":[{"id":365,"name":"Frantsila","slug":"frantsila-fi"}],"_links":{"self":[{"href":"https:\/\/tervisetoode.ee\/fi\/wp-json\/wp\/v2\/product\/10729","targetHints":{"allow":["GET"]}}],"collection":[{"href":"https:\/\/tervisetoode.ee\/fi\/wp-json\/wp\/v2\/product"}],"about":[{"href":"https:\/\/tervisetoode.ee\/fi\/wp-json\/wp\/v2\/types\/product"}],"replies":[{"embeddable":true,"href":"https:\/\/tervisetoode.ee\/fi\/wp-json\/wp\/v2\/comments?post=10729"}],"wp:featuredmedia":[{"embeddable":true,"href":"https:\/\/tervisetoode.ee\/fi\/wp-json\/wp\/v2\/media\/9486"}],"wp:attachment":[{"href":"https:\/\/tervisetoode.ee\/fi\/wp-json\/wp\/v2\/media?parent=10729"}],"wp:term":[{"taxonomy":"pwb-brand","embeddable":true,"href":"https:\/\/tervisetoode.ee\/fi\/wp-json\/wp\/v2\/pwb-brand?post=10729"},{"taxonomy":"product_brand","embeddable":true,"href":"https:\/\/tervisetoode.ee\/fi\/wp-json\/wp\/v2\/product_brand?post=10729"},{"taxonomy":"product_cat","embeddable":true,"href":"https:\/\/tervisetoode.ee\/fi\/wp-json\/wp\/v2\/product_cat?post=10729"},{"taxonomy":"product_tag","embeddable":true,"href":"https:\/\/tervisetoode.ee\/fi\/wp-json\/wp\/v2\/product_tag?post=10729"}],"curies":[{"name":"wp","href":"https:\/\/api.w.org\/{rel}","templated":true}]}}