{"id":10730,"date":"2016-05-05T22:37:40","date_gmt":"2016-05-05T22:37:40","guid":{"rendered":"https:\/\/tervisetoode.ee\/?post_type=product&#038;p=10730"},"modified":"2025-11-25T22:55:05","modified_gmt":"2025-11-25T22:55:05","slug":"frantsila-kissankello-kukkatippa-10-ml","status":"publish","type":"product","link":"https:\/\/tervisetoode.ee\/fi\/toode\/frantsila-kissankello-kukkatippa-10-ml\/","title":{"rendered":"Frantsila KISSANKELLO Kukkatippa 10 ml  ( Loppuunmyynti! )"},"content":{"rendered":"<h4>Frantsila KISSANKELLO Kukkatippa<\/h4>\n<p><strong>Loppuunmyynti! \u00a0\u00a0<\/strong><\/p>\n<h2><span style=\"color: #ff0000;\"><strong>\u2013 26%<\/strong><\/span><\/h2>\n<p>KISSANKELLO Kukkatippa.\u00a0Turhautuneisuuteen, Jumiutuneeseen tunne-el\u00e4m\u00e4\u00e4n, Antamaan tunteille keveytt\u00e4, T\u00e4m\u00e4 uute on niille, joiden tunne-el\u00e4m\u00e4 on kovettunut arjen rutiineissa. Se uudistaa ja antaa uskallusta havaita omat tarpeensa kaikilla tasoilla, my\u00f6s seksiel\u00e4m\u00e4ss\u00e4. T\u00e4ss\u00e4 on perusuute suomalaiselle ujoudelle ja oman arvon v\u00e4h\u00e4ttelylle.<\/p>\n<p>&#8221;Tunteeni ovat aitoja ja saan vapaasti n\u00e4ytt\u00e4\u00e4 ne&#8221;.<\/p>\n<p>1 tippa suoraan suuhun 2-4 kertaa vuorokaudessa tai 1-2 tippaa lasilliseen vett\u00e4 ja nauti pieni\u00e4 siemauksia.<\/p>\n<p>950.00 \u20ac\/l<\/p>\n<p>Alennushinta: 699.00 \u20ac\/l<\/p>\n","protected":false},"excerpt":{"rendered":"<p>Alcohol (alkoholi)*, Campanula rotundifolia (kissankello, kukkaterapeuttinen uutos)*.<\/p>\n<p>Luomua*<\/p>\n","protected":false},"featured_media":9482,"comment_status":"closed","ping_status":"closed","template":"","meta":{"_acf_changed":false},"pwb-brand":[365],"product_brand":[],"product_cat":[378,258,379,217],"product_tag":[],"class_list":{"0":"post-10730","1":"product","2":"type-product","3":"status-publish","4":"has-post-thumbnail","6":"pwb-brand-frantsila-fi","7":"product_cat-tarjoukset","8":"product_cat-kuukauden-tarjoukset-fi","9":"product_cat-loppuunmyynti","10":"product_cat-kukkaterapia","12":"first","13":"instock","14":"sale","15":"shipping-taxable","16":"purchasable","17":"product-type-simple"},"acf":[],"brands":[{"id":365,"name":"Frantsila","slug":"frantsila-fi"}],"_links":{"self":[{"href":"https:\/\/tervisetoode.ee\/fi\/wp-json\/wp\/v2\/product\/10730","targetHints":{"allow":["GET"]}}],"collection":[{"href":"https:\/\/tervisetoode.ee\/fi\/wp-json\/wp\/v2\/product"}],"about":[{"href":"https:\/\/tervisetoode.ee\/fi\/wp-json\/wp\/v2\/types\/product"}],"replies":[{"embeddable":true,"href":"https:\/\/tervisetoode.ee\/fi\/wp-json\/wp\/v2\/comments?post=10730"}],"wp:featuredmedia":[{"embeddable":true,"href":"https:\/\/tervisetoode.ee\/fi\/wp-json\/wp\/v2\/media\/9482"}],"wp:attachment":[{"href":"https:\/\/tervisetoode.ee\/fi\/wp-json\/wp\/v2\/media?parent=10730"}],"wp:term":[{"taxonomy":"pwb-brand","embeddable":true,"href":"https:\/\/tervisetoode.ee\/fi\/wp-json\/wp\/v2\/pwb-brand?post=10730"},{"taxonomy":"product_brand","embeddable":true,"href":"https:\/\/tervisetoode.ee\/fi\/wp-json\/wp\/v2\/product_brand?post=10730"},{"taxonomy":"product_cat","embeddable":true,"href":"https:\/\/tervisetoode.ee\/fi\/wp-json\/wp\/v2\/product_cat?post=10730"},{"taxonomy":"product_tag","embeddable":true,"href":"https:\/\/tervisetoode.ee\/fi\/wp-json\/wp\/v2\/product_tag?post=10730"}],"curies":[{"name":"wp","href":"https:\/\/api.w.org\/{rel}","templated":true}]}}