{"id":10731,"date":"2016-05-05T22:39:05","date_gmt":"2016-05-05T22:39:05","guid":{"rendered":"https:\/\/tervisetoode.ee\/?post_type=product&#038;p=10731"},"modified":"2024-12-10T13:53:41","modified_gmt":"2024-12-10T13:53:41","slug":"kaksiosainen-kannettava-hierontapoyta-sininen","status":"publish","type":"product","link":"https:\/\/tervisetoode.ee\/fi\/toode\/kaksiosainen-kannettava-hierontapoyta-sininen\/","title":{"rendered":"Kaksiosainen kannettava hierontap\u00f6yt\u00e4, sininen"},"content":{"rendered":"<h4>Kaksiosainen kannettava hierontap\u00f6yt\u00e4, sininen<\/h4>\n<ul>\n<li>hierontap\u00f6yd\u00e4n kantavuus 250 kg asti<\/li>\n<li>runko alumiinia<\/li>\n<li>p\u00e4\u00e4- ja k\u00e4sinojat alumiinia<\/li>\n<li>p\u00e4\u00e4llinen PVC nahka<\/li>\n<li>pehmuste 4 cm<\/li>\n<li>toimitus sis\u00e4lt\u00e4\u00e4 kantokassin<\/li>\n<li>paino 14 \/17 kg<\/li>\n<\/ul>\n<p>&nbsp;<\/p>\n","protected":false},"excerpt":{"rendered":"<p>Kaksiosainen kannettava hierontap\u00f6yt\u00e4, sininen hierontap\u00f6yd\u00e4n kantavuus 250 kg asti runko alumiinia p\u00e4\u00e4- ja k\u00e4sinojat alumiinia p\u00e4\u00e4llinen PVC nahka pehmuste 4&#8230;<\/p>\n","protected":false},"featured_media":10196,"comment_status":"closed","ping_status":"closed","template":"","meta":{"_acf_changed":false},"pwb-brand":[371],"product_brand":[],"product_cat":[379,218],"product_tag":[],"class_list":{"0":"post-10731","1":"product","2":"type-product","3":"status-publish","4":"has-post-thumbnail","6":"pwb-brand-tervisetooted-fi","7":"product_cat-loppuunmyynti","8":"product_cat-hierontapoydat","9":"product_shipping_class-suured-kaubad-kulleriga","11":"first","12":"instock","13":"sale","14":"featured","15":"shipping-taxable","16":"purchasable","17":"product-type-simple"},"acf":[],"brands":[{"id":371,"name":"Tervisetooted","slug":"tervisetooted-fi"}],"_links":{"self":[{"href":"https:\/\/tervisetoode.ee\/fi\/wp-json\/wp\/v2\/product\/10731","targetHints":{"allow":["GET"]}}],"collection":[{"href":"https:\/\/tervisetoode.ee\/fi\/wp-json\/wp\/v2\/product"}],"about":[{"href":"https:\/\/tervisetoode.ee\/fi\/wp-json\/wp\/v2\/types\/product"}],"replies":[{"embeddable":true,"href":"https:\/\/tervisetoode.ee\/fi\/wp-json\/wp\/v2\/comments?post=10731"}],"wp:featuredmedia":[{"embeddable":true,"href":"https:\/\/tervisetoode.ee\/fi\/wp-json\/wp\/v2\/media\/10196"}],"wp:attachment":[{"href":"https:\/\/tervisetoode.ee\/fi\/wp-json\/wp\/v2\/media?parent=10731"}],"wp:term":[{"taxonomy":"pwb-brand","embeddable":true,"href":"https:\/\/tervisetoode.ee\/fi\/wp-json\/wp\/v2\/pwb-brand?post=10731"},{"taxonomy":"product_brand","embeddable":true,"href":"https:\/\/tervisetoode.ee\/fi\/wp-json\/wp\/v2\/product_brand?post=10731"},{"taxonomy":"product_cat","embeddable":true,"href":"https:\/\/tervisetoode.ee\/fi\/wp-json\/wp\/v2\/product_cat?post=10731"},{"taxonomy":"product_tag","embeddable":true,"href":"https:\/\/tervisetoode.ee\/fi\/wp-json\/wp\/v2\/product_tag?post=10731"}],"curies":[{"name":"wp","href":"https:\/\/api.w.org\/{rel}","templated":true}]}}