{"id":10739,"date":"2016-05-05T22:38:49","date_gmt":"2016-05-05T22:38:49","guid":{"rendered":"https:\/\/tervisetoode.ee\/?post_type=product&#038;p=10739"},"modified":"2024-12-10T13:53:42","modified_gmt":"2024-12-10T13:53:42","slug":"savuton-moksapuikko","status":"publish","type":"product","link":"https:\/\/tervisetoode.ee\/fi\/toode\/savuton-moksapuikko\/","title":{"rendered":"Savuton moksapuikko"},"content":{"rendered":"<h4>Savuton moksapuikko<\/h4>\n<p>Tavallisimpia moksalla hoidettuja vaivoja ovat\u00a0 astma, ripuli, hedelm\u00e4tt\u00f6myys, Moksaedist\u00e4\u00e4 qin ja veren kiertoa, avaa meridiaanit ja poistaa kylmyyden, tuuli-kylm\u00e4n ja kosteuden. Moksaa k\u00e4ytet\u00e4\u00e4n my\u00f6s\u00a0kroonisissa heikkouden tiloissa.\u00a0Verrattuna tavalliseen moksaan, savuton ja hajun tuotto on\u00a0 pieni. Voidaan\u00a0sammuttaa ja\u00a0 k\u00e4ytt\u00e4\u00e4 uudelleen. Sytytet\u00e4\u00e4n kynttil\u00e4n liekin avulla.<\/p>\n","protected":false},"excerpt":{"rendered":"<p>Savuton moksapuikko Tavallisimpia moksalla hoidettuja vaivoja ovat\u00a0 astma, ripuli, hedelm\u00e4tt\u00f6myys, Moksaedist\u00e4\u00e4 qin ja veren kiertoa, avaa meridiaanit ja poistaa kylmyyden,&#8230;<\/p>\n","protected":false},"featured_media":10084,"comment_status":"closed","ping_status":"closed","template":"","meta":{"_acf_changed":false},"pwb-brand":[371],"product_brand":[],"product_cat":[219],"product_tag":[],"class_list":{"0":"post-10739","1":"product","2":"type-product","3":"status-publish","4":"has-post-thumbnail","6":"pwb-brand-tervisetooted-fi","7":"product_cat-hierontatarvikkeet","9":"first","10":"instock","11":"shipping-taxable","12":"purchasable","13":"product-type-simple"},"acf":[],"brands":[{"id":371,"name":"Tervisetooted","slug":"tervisetooted-fi"}],"_links":{"self":[{"href":"https:\/\/tervisetoode.ee\/fi\/wp-json\/wp\/v2\/product\/10739","targetHints":{"allow":["GET"]}}],"collection":[{"href":"https:\/\/tervisetoode.ee\/fi\/wp-json\/wp\/v2\/product"}],"about":[{"href":"https:\/\/tervisetoode.ee\/fi\/wp-json\/wp\/v2\/types\/product"}],"replies":[{"embeddable":true,"href":"https:\/\/tervisetoode.ee\/fi\/wp-json\/wp\/v2\/comments?post=10739"}],"wp:featuredmedia":[{"embeddable":true,"href":"https:\/\/tervisetoode.ee\/fi\/wp-json\/wp\/v2\/media\/10084"}],"wp:attachment":[{"href":"https:\/\/tervisetoode.ee\/fi\/wp-json\/wp\/v2\/media?parent=10739"}],"wp:term":[{"taxonomy":"pwb-brand","embeddable":true,"href":"https:\/\/tervisetoode.ee\/fi\/wp-json\/wp\/v2\/pwb-brand?post=10739"},{"taxonomy":"product_brand","embeddable":true,"href":"https:\/\/tervisetoode.ee\/fi\/wp-json\/wp\/v2\/product_brand?post=10739"},{"taxonomy":"product_cat","embeddable":true,"href":"https:\/\/tervisetoode.ee\/fi\/wp-json\/wp\/v2\/product_cat?post=10739"},{"taxonomy":"product_tag","embeddable":true,"href":"https:\/\/tervisetoode.ee\/fi\/wp-json\/wp\/v2\/product_tag?post=10739"}],"curies":[{"name":"wp","href":"https:\/\/api.w.org\/{rel}","templated":true}]}}