{"id":10740,"date":"2023-03-01T10:15:45","date_gmt":"2023-03-01T10:15:45","guid":{"rendered":"https:\/\/tervisetoode.ee\/?post_type=product&#038;p=10740"},"modified":"2024-12-10T13:53:42","modified_gmt":"2024-12-10T13:53:42","slug":"moksapuikko","status":"publish","type":"product","link":"https:\/\/tervisetoode.ee\/fi\/toode\/moksapuikko\/","title":{"rendered":"Moksapuikko"},"content":{"rendered":"<h4>Moksapuikko<\/h4>\n<div><\/div>\n<div>Perinteinen kiinalainen moksapuikko.\u00a0Korkea laatuinen, auringossa kuivattu.<\/div>\n<div>\n<div>Moksibustion eli moksaus. Tavallisimpia moksalla hoidettuja vaivoja ovat\u00a0 astma, ripuli, hedelm\u00e4tt\u00f6myys, Moksa<\/div>\n<div>\n<p>edist\u00e4\u00e4 qin ja veren kiertoa, avaa meridiaanit ja poistaa kylmyyden, tuuli-kylm\u00e4n ja kosteuden. Moksaa k\u00e4ytet\u00e4\u00e4n my\u00f6s\u00a0kroonisissa heikkouden tiloissa.<\/p>\n<div>Voidaan\u00a0sammuttaa ja\u00a0 k\u00e4ytt\u00e4\u00e4 uudelleen. Sytytet\u00e4\u00e4n kynttil\u00e4n liekin avulla.<\/div>\n<\/div>\n<\/div>\n","protected":false},"excerpt":{"rendered":"<p>Moksapuikko Perinteinen kiinalainen moksapuikko.\u00a0Korkea laatuinen, auringossa kuivattu. Moksibustion eli moksaus. Tavallisimpia moksalla hoidettuja vaivoja ovat\u00a0 astma, ripuli, hedelm\u00e4tt\u00f6myys, Moksa edist\u00e4\u00e4&#8230;<\/p>\n","protected":false},"featured_media":10043,"comment_status":"closed","ping_status":"closed","template":"","meta":{"_acf_changed":false},"pwb-brand":[371],"product_brand":[],"product_cat":[219],"product_tag":[],"class_list":{"0":"post-10740","1":"product","2":"type-product","3":"status-publish","4":"has-post-thumbnail","6":"pwb-brand-tervisetooted-fi","7":"product_cat-hierontatarvikkeet","9":"first","10":"instock","11":"shipping-taxable","12":"purchasable","13":"product-type-simple"},"acf":[],"brands":[{"id":371,"name":"Tervisetooted","slug":"tervisetooted-fi"}],"_links":{"self":[{"href":"https:\/\/tervisetoode.ee\/fi\/wp-json\/wp\/v2\/product\/10740","targetHints":{"allow":["GET"]}}],"collection":[{"href":"https:\/\/tervisetoode.ee\/fi\/wp-json\/wp\/v2\/product"}],"about":[{"href":"https:\/\/tervisetoode.ee\/fi\/wp-json\/wp\/v2\/types\/product"}],"replies":[{"embeddable":true,"href":"https:\/\/tervisetoode.ee\/fi\/wp-json\/wp\/v2\/comments?post=10740"}],"wp:featuredmedia":[{"embeddable":true,"href":"https:\/\/tervisetoode.ee\/fi\/wp-json\/wp\/v2\/media\/10043"}],"wp:attachment":[{"href":"https:\/\/tervisetoode.ee\/fi\/wp-json\/wp\/v2\/media?parent=10740"}],"wp:term":[{"taxonomy":"pwb-brand","embeddable":true,"href":"https:\/\/tervisetoode.ee\/fi\/wp-json\/wp\/v2\/pwb-brand?post=10740"},{"taxonomy":"product_brand","embeddable":true,"href":"https:\/\/tervisetoode.ee\/fi\/wp-json\/wp\/v2\/product_brand?post=10740"},{"taxonomy":"product_cat","embeddable":true,"href":"https:\/\/tervisetoode.ee\/fi\/wp-json\/wp\/v2\/product_cat?post=10740"},{"taxonomy":"product_tag","embeddable":true,"href":"https:\/\/tervisetoode.ee\/fi\/wp-json\/wp\/v2\/product_tag?post=10740"}],"curies":[{"name":"wp","href":"https:\/\/api.w.org\/{rel}","templated":true}]}}