{"id":10751,"date":"2020-01-21T01:35:17","date_gmt":"2020-01-21T01:35:17","guid":{"rendered":"https:\/\/tervisetoode.ee\/?post_type=product&#038;p=10751"},"modified":"2025-12-26T21:31:35","modified_gmt":"2025-12-26T21:31:35","slug":"lasten-hammasharja","status":"publish","type":"product","link":"https:\/\/tervisetoode.ee\/fi\/toode\/lasten-hammasharja\/","title":{"rendered":"Lasten hammasharja,  Loppuunmyynti!"},"content":{"rendered":"<h4>Lasten hammasharja<\/h4>\n<p><strong>Loppuunmyynti! \u00a0<\/strong><\/p>\n<h2><span style=\"color: #ff0000;\"><strong>\u2013 43%<\/strong><\/span><\/h2>\n<p>Uuden sukupolven nanoteknologiaan perustuva hammasharja auttaa huolehtimaan paremmin suuhygieniasta. Hell\u00e4varainen ohuenohut harjas puhdistaa plakin vaikeap\u00e4\u00e4syisimm\u00e4st\u00e4kin hampaiden v\u00e4lisest\u00e4 paikasta, jossa saattavat synty\u00e4 iensairaudet ja samoin suojaa ikenien vaurioitumiselta. Hieroo ienpintoja hell\u00e4varaisesti.<\/p>\n","protected":false},"excerpt":{"rendered":"<p>Lasten hammasharja Loppuunmyynti! \u00a0 \u2013 43% Uuden sukupolven nanoteknologiaan perustuva hammasharja auttaa huolehtimaan paremmin suuhygieniasta. Hell\u00e4varainen ohuenohut harjas puhdistaa plakin&#8230;<\/p>\n","protected":false},"featured_media":9826,"comment_status":"closed","ping_status":"closed","template":"","meta":{"_acf_changed":false},"pwb-brand":[],"product_brand":[],"product_cat":[378,379,260,216,265,261],"product_tag":[],"class_list":{"0":"post-10751","1":"product","2":"type-product","3":"status-publish","4":"has-post-thumbnail","6":"product_cat-tarjoukset","7":"product_cat-loppuunmyynti","8":"product_cat-jopa-40","9":"product_cat-hygieniatuotteet","10":"product_cat-hammasharjat-ja-tahnat-fi","11":"product_cat-vauvoille-ja-lapsille-fi","13":"first","14":"instock","15":"sale","16":"shipping-taxable","17":"purchasable","18":"product-type-simple"},"acf":[],"brands":[],"_links":{"self":[{"href":"https:\/\/tervisetoode.ee\/fi\/wp-json\/wp\/v2\/product\/10751","targetHints":{"allow":["GET"]}}],"collection":[{"href":"https:\/\/tervisetoode.ee\/fi\/wp-json\/wp\/v2\/product"}],"about":[{"href":"https:\/\/tervisetoode.ee\/fi\/wp-json\/wp\/v2\/types\/product"}],"replies":[{"embeddable":true,"href":"https:\/\/tervisetoode.ee\/fi\/wp-json\/wp\/v2\/comments?post=10751"}],"wp:featuredmedia":[{"embeddable":true,"href":"https:\/\/tervisetoode.ee\/fi\/wp-json\/wp\/v2\/media\/9826"}],"wp:attachment":[{"href":"https:\/\/tervisetoode.ee\/fi\/wp-json\/wp\/v2\/media?parent=10751"}],"wp:term":[{"taxonomy":"pwb-brand","embeddable":true,"href":"https:\/\/tervisetoode.ee\/fi\/wp-json\/wp\/v2\/pwb-brand?post=10751"},{"taxonomy":"product_brand","embeddable":true,"href":"https:\/\/tervisetoode.ee\/fi\/wp-json\/wp\/v2\/product_brand?post=10751"},{"taxonomy":"product_cat","embeddable":true,"href":"https:\/\/tervisetoode.ee\/fi\/wp-json\/wp\/v2\/product_cat?post=10751"},{"taxonomy":"product_tag","embeddable":true,"href":"https:\/\/tervisetoode.ee\/fi\/wp-json\/wp\/v2\/product_tag?post=10751"}],"curies":[{"name":"wp","href":"https:\/\/api.w.org\/{rel}","templated":true}]}}