{"id":10752,"date":"2016-05-05T22:38:16","date_gmt":"2016-05-05T22:38:16","guid":{"rendered":"https:\/\/tervisetoode.ee\/?post_type=product&#038;p=10752"},"modified":"2025-12-26T21:37:14","modified_gmt":"2025-12-26T21:37:14","slug":"hiilihammasharja","status":"publish","type":"product","link":"https:\/\/tervisetoode.ee\/fi\/toode\/hiilihammasharja\/","title":{"rendered":"Hiilihammasharja, Loppuunmyynti!"},"content":{"rendered":"<h4>Hiilihammasharja<\/h4>\n<p><strong>Loppuunmyynti! \u00a0\u00a0\u00a0\u00a0<\/strong><\/p>\n<h2><span style=\"color: #ff0000;\"><strong>\u2013 41 %<\/strong><\/span><\/h2>\n<p>Hiilihammasharja. Nanoteknologiaan perustuva, bambun hiilt\u00e4 sis\u00e4lt\u00e4v\u00e4 hammasharja auttaa huolehtimaan paremmin suuhygieniasta. Hell\u00e4varainen ja ohuenohut harjas puhdistaa plakin vaikeap\u00e4\u00e4syisist\u00e4 paikoista, joissa saattaa synty\u00e4 iensairauksia ja samoin suojaa ikeni\u00e4 vaurioitumiselta. Hammasharjan harjaksiin on valmistuksen yhteydess\u00e4 lis\u00e4tty bambun hiilikuituja. Palauttaa hampaiden luonnollisen valkean v\u00e4ris\u00e4vyn. Puhdistaa hampailta kahvin, teen ja tupakan aiheuttamat tahrat ja vahvan antibakteriaalisen vaikutuksensa ansiosta raikastaa my\u00f6s hengityst\u00e4.<\/p>\n","protected":false},"excerpt":{"rendered":"<p>Hiilihammasharja Loppuunmyynti! \u00a0\u00a0\u00a0\u00a0 \u2013 41 % Hiilihammasharja. Nanoteknologiaan perustuva, bambun hiilt\u00e4 sis\u00e4lt\u00e4v\u00e4 hammasharja auttaa huolehtimaan paremmin suuhygieniasta. Hell\u00e4varainen ja ohuenohut&#8230;<\/p>\n","protected":false},"featured_media":9822,"comment_status":"closed","ping_status":"closed","template":"","meta":{"_acf_changed":false},"pwb-brand":[],"product_brand":[],"product_cat":[378,379,260,216,265],"product_tag":[],"class_list":{"0":"post-10752","1":"product","2":"type-product","3":"status-publish","4":"has-post-thumbnail","6":"product_cat-tarjoukset","7":"product_cat-loppuunmyynti","8":"product_cat-jopa-40","9":"product_cat-hygieniatuotteet","10":"product_cat-hammasharjat-ja-tahnat-fi","12":"first","13":"instock","14":"sale","15":"shipping-taxable","16":"purchasable","17":"product-type-simple"},"acf":[],"brands":[],"_links":{"self":[{"href":"https:\/\/tervisetoode.ee\/fi\/wp-json\/wp\/v2\/product\/10752","targetHints":{"allow":["GET"]}}],"collection":[{"href":"https:\/\/tervisetoode.ee\/fi\/wp-json\/wp\/v2\/product"}],"about":[{"href":"https:\/\/tervisetoode.ee\/fi\/wp-json\/wp\/v2\/types\/product"}],"replies":[{"embeddable":true,"href":"https:\/\/tervisetoode.ee\/fi\/wp-json\/wp\/v2\/comments?post=10752"}],"wp:featuredmedia":[{"embeddable":true,"href":"https:\/\/tervisetoode.ee\/fi\/wp-json\/wp\/v2\/media\/9822"}],"wp:attachment":[{"href":"https:\/\/tervisetoode.ee\/fi\/wp-json\/wp\/v2\/media?parent=10752"}],"wp:term":[{"taxonomy":"pwb-brand","embeddable":true,"href":"https:\/\/tervisetoode.ee\/fi\/wp-json\/wp\/v2\/pwb-brand?post=10752"},{"taxonomy":"product_brand","embeddable":true,"href":"https:\/\/tervisetoode.ee\/fi\/wp-json\/wp\/v2\/product_brand?post=10752"},{"taxonomy":"product_cat","embeddable":true,"href":"https:\/\/tervisetoode.ee\/fi\/wp-json\/wp\/v2\/product_cat?post=10752"},{"taxonomy":"product_tag","embeddable":true,"href":"https:\/\/tervisetoode.ee\/fi\/wp-json\/wp\/v2\/product_tag?post=10752"}],"curies":[{"name":"wp","href":"https:\/\/api.w.org\/{rel}","templated":true}]}}