{"id":10769,"date":"2017-03-28T10:50:32","date_gmt":"2017-03-28T10:50:32","guid":{"rendered":"https:\/\/tervisetoode.ee\/?post_type=product&#038;p=10769"},"modified":"2024-12-10T13:53:45","modified_gmt":"2024-12-10T13:53:45","slug":"tervaskanto-elainten-tervashampoo-200ml","status":"publish","type":"product","link":"https:\/\/tervisetoode.ee\/fi\/toode\/tervaskanto-elainten-tervashampoo-200ml\/","title":{"rendered":"Tervaskanto EL\u00c4INTEN TERVASHAMPOO 250ml (495)"},"content":{"rendered":"<h4>Tervaskanto EL\u00c4INTEN TERVASHAMPOO<\/h4>\n<p>El\u00e4inten tervashampoo pesee tehokkaasti, mutta hell\u00e4varaisesti turkin puhtaaksi. Hoitaa samalla el\u00e4imen ihoa ja turkkia. Tervashampoo helpottaa my\u00f6s el\u00e4imen iho-ongelmia ja v\u00e4hent\u00e4\u00e4 hilseen muodostumista. Huuhtoutuu helposti pois ja antaa turkille kiiltoa. Pesun j\u00e4lkeen esim. n\u00e4yttelykoira ei yleens\u00e4 tarvitse hoitoainetta. Biohajoavan shampoon PH on noin 6,5.<\/p>\n<p>40,40 \u20ac\/L<\/p>\n<p>&nbsp;<\/p>\n","protected":false},"excerpt":{"rendered":"<p>250ml<\/p>\n<p>Ingredients: Aqua, Sodium Laureth Sulfate, Cocamidopropyl Betaine, Disodium Laureth Sulfosuccinate, PEG-9 Cocoglycerides, Propylene Glycol, Sodium chloride , Pine tar, Kalium sorbate, Phenoxyethanol<\/p>\n","protected":false},"featured_media":8983,"comment_status":"closed","ping_status":"closed","template":"","meta":{"_acf_changed":false},"pwb-brand":[370],"product_brand":[],"product_cat":[278],"product_tag":[],"class_list":{"0":"post-10769","1":"product","2":"type-product","3":"status-publish","4":"has-post-thumbnail","6":"pwb-brand-tervaskanto-fi","7":"product_cat-elaimille-fi","9":"first","10":"instock","11":"shipping-taxable","12":"purchasable","13":"product-type-simple"},"acf":[],"brands":[{"id":370,"name":"Tervaskanto","slug":"tervaskanto-fi"}],"_links":{"self":[{"href":"https:\/\/tervisetoode.ee\/fi\/wp-json\/wp\/v2\/product\/10769","targetHints":{"allow":["GET"]}}],"collection":[{"href":"https:\/\/tervisetoode.ee\/fi\/wp-json\/wp\/v2\/product"}],"about":[{"href":"https:\/\/tervisetoode.ee\/fi\/wp-json\/wp\/v2\/types\/product"}],"replies":[{"embeddable":true,"href":"https:\/\/tervisetoode.ee\/fi\/wp-json\/wp\/v2\/comments?post=10769"}],"wp:featuredmedia":[{"embeddable":true,"href":"https:\/\/tervisetoode.ee\/fi\/wp-json\/wp\/v2\/media\/8983"}],"wp:attachment":[{"href":"https:\/\/tervisetoode.ee\/fi\/wp-json\/wp\/v2\/media?parent=10769"}],"wp:term":[{"taxonomy":"pwb-brand","embeddable":true,"href":"https:\/\/tervisetoode.ee\/fi\/wp-json\/wp\/v2\/pwb-brand?post=10769"},{"taxonomy":"product_brand","embeddable":true,"href":"https:\/\/tervisetoode.ee\/fi\/wp-json\/wp\/v2\/product_brand?post=10769"},{"taxonomy":"product_cat","embeddable":true,"href":"https:\/\/tervisetoode.ee\/fi\/wp-json\/wp\/v2\/product_cat?post=10769"},{"taxonomy":"product_tag","embeddable":true,"href":"https:\/\/tervisetoode.ee\/fi\/wp-json\/wp\/v2\/product_tag?post=10769"}],"curies":[{"name":"wp","href":"https:\/\/api.w.org\/{rel}","templated":true}]}}