{"id":10770,"date":"2016-05-05T22:39:00","date_gmt":"2016-05-05T22:39:00","guid":{"rendered":"https:\/\/tervisetoode.ee\/?post_type=product&#038;p=10770"},"modified":"2024-12-10T13:53:45","modified_gmt":"2024-12-10T13:53:45","slug":"1838","status":"publish","type":"product","link":"https:\/\/tervisetoode.ee\/fi\/toode\/1838\/","title":{"rendered":"Pesup\u00e4hkin\u00e4t 0,5kg"},"content":{"rendered":"<h4>Pesup\u00e4hkin\u00e4t (Sapindus Mukorossi)<span style=\"color: #ff6600;\">\u00a0<\/span><\/h4>\n<h1>on per\u00e4isin Himalajan vuoristoalueelta, jossa ne kasvavat luonnonvaraisina. Intiassa ja Nepalissa pesup\u00e4hkin\u00f6it\u00e4 on k\u00e4ytetty jo satojen vuosien ajan pyykinpesuun ja henkil\u00f6kohtaiseen hygieniaan. Yksi pakkaus riitt\u00e4\u00e4 noin 40 pesukertaan. Pesupussi pakkauksen mukana.<\/h1>\n<p>Ker\u00e4ys tapahtuu hell\u00e4varaisesti, jopa satoja vuosia vanhoja puita vahingoittamatta. Koko tuotantoprosessi on luonnonmukainen, energiaa s\u00e4\u00e4st\u00e4v\u00e4 ja vuorovaikutuksessa yhdess\u00e4 luonnon ja paikallisten ihmisten kanssa. Pesup\u00e4hkin\u00e4t ovat uusiutuva luonnonvara, joka ei kuormita vesist\u00f6j\u00e4 ja meri\u00e4, kuten tavalliset pesuaineet.<\/p>\n<h4>K\u00e4ytt\u00f6ohje<\/h4>\n<p>Yhteen konepesukertaan tarvitaan n.\u00a015\u00a0g pesup\u00e4hkin\u00e4n kuoria (5-7 kpl), jotka rikotaan kevyesti, jotta saponiinien liukeneminen veteen tehostuu. Laita kuorimurska mukana tulevaan pesupussiin, sulje se, ja laita suoraan pesukoneen rumpuun pyykin joukkoon.<\/p>\n<p>Pesup\u00e4hkin\u00f6iden pesuteho vastaa tavallisen pyykinpesuaineen tehoa, jos pyykki on normaalisti likaantunutta. \u00d6ljy- ja rasvatahroihin suosittelemme esik\u00e4sittely\u00e4 Sappisaippualla.<\/p>\n<p>Voidaan my\u00f6s keitt\u00e4\u00e4 vedess\u00e4, jolloin tuloksena on bakteerien kasvua ehk\u00e4isev\u00e4 liuos, joka soveltuu hyvin esim. kodin yleispuhdistusaineeksi. Erityisesti allergioista k\u00e4rsiv\u00e4t henkil\u00f6t, jotka eiv\u00e4t sied\u00e4 tavallisten pesuaineiden kemikaaleja, l\u00f6yt\u00e4v\u00e4t pesup\u00e4hkin\u00f6ist\u00e4 todella suositeltavan vaihtoehdon.<\/p>\n<p>20.40 \u20ac\/kg<\/p>\n","protected":false},"excerpt":{"rendered":"<p>Pesup\u00e4hkin\u00e4t (Sapindus Mukorossi)\u00a0 on per\u00e4isin Himalajan vuoristoalueelta, jossa ne kasvavat luonnonvaraisina. Intiassa ja Nepalissa pesup\u00e4hkin\u00f6it\u00e4 on k\u00e4ytetty jo satojen vuosien&#8230;<\/p>\n","protected":false},"featured_media":10154,"comment_status":"closed","ping_status":"closed","template":"","meta":{"_acf_changed":false},"pwb-brand":[371],"product_brand":[],"product_cat":[220],"product_tag":[],"class_list":{"0":"post-10770","1":"product","2":"type-product","3":"status-publish","4":"has-post-thumbnail","6":"pwb-brand-tervisetooted-fi","7":"product_cat-pesu-ja-puhdistusaineet","9":"first","10":"instock","11":"shipping-taxable","12":"purchasable","13":"product-type-simple"},"acf":[],"brands":[{"id":371,"name":"Tervisetooted","slug":"tervisetooted-fi"}],"_links":{"self":[{"href":"https:\/\/tervisetoode.ee\/fi\/wp-json\/wp\/v2\/product\/10770","targetHints":{"allow":["GET"]}}],"collection":[{"href":"https:\/\/tervisetoode.ee\/fi\/wp-json\/wp\/v2\/product"}],"about":[{"href":"https:\/\/tervisetoode.ee\/fi\/wp-json\/wp\/v2\/types\/product"}],"replies":[{"embeddable":true,"href":"https:\/\/tervisetoode.ee\/fi\/wp-json\/wp\/v2\/comments?post=10770"}],"wp:featuredmedia":[{"embeddable":true,"href":"https:\/\/tervisetoode.ee\/fi\/wp-json\/wp\/v2\/media\/10154"}],"wp:attachment":[{"href":"https:\/\/tervisetoode.ee\/fi\/wp-json\/wp\/v2\/media?parent=10770"}],"wp:term":[{"taxonomy":"pwb-brand","embeddable":true,"href":"https:\/\/tervisetoode.ee\/fi\/wp-json\/wp\/v2\/pwb-brand?post=10770"},{"taxonomy":"product_brand","embeddable":true,"href":"https:\/\/tervisetoode.ee\/fi\/wp-json\/wp\/v2\/product_brand?post=10770"},{"taxonomy":"product_cat","embeddable":true,"href":"https:\/\/tervisetoode.ee\/fi\/wp-json\/wp\/v2\/product_cat?post=10770"},{"taxonomy":"product_tag","embeddable":true,"href":"https:\/\/tervisetoode.ee\/fi\/wp-json\/wp\/v2\/product_tag?post=10770"}],"curies":[{"name":"wp","href":"https:\/\/api.w.org\/{rel}","templated":true}]}}