{"id":10771,"date":"2016-05-05T22:37:53","date_gmt":"2016-05-05T22:37:53","guid":{"rendered":"https:\/\/tervisetoode.ee\/?post_type=product&#038;p=10771"},"modified":"2024-12-10T13:53:45","modified_gmt":"2024-12-10T13:53:45","slug":"frantsila-nuhanena-eteerinen-oljy-30-ml","status":"publish","type":"product","link":"https:\/\/tervisetoode.ee\/fi\/toode\/frantsila-nuhanena-eteerinen-oljy-30-ml\/","title":{"rendered":"Frantsila NUHANEN\u00c4 eteerinen \u00f6ljy 30 ml"},"content":{"rendered":"<h4>Frantsila NUHANEN\u00c4 eteerinen \u00f6ljy<\/h4>\n<p><strong>Hengitysteiden tukkoisuuteen, nuhaan ja liman irroittamiseen.<\/strong><br \/>\nNuhanen\u00e4 on sekoitus parhaita avaavia eteerisi\u00e4 \u00f6ljyj\u00e4. Nuhanen\u00e4 sis\u00e4lt\u00e4\u00e4 eukalyptuksen, piparmintun, timjamin, laventelin ja m\u00e4nnyn\u00a0eteerisi\u00e4 \u00f6ljyj\u00e4.<\/p>\n<p><strong>Tuoksulyhty ja ilmanraikastaja:<\/strong><br \/>\nK\u00e4yt\u00e4 eteerisi\u00e4 \u00f6ljyj\u00e4 hyv\u00e4n ilmapiirin luomiseksi ja huoneilman raikastamiseksi esim. ilmankostuttajassa. Lis\u00e4\u00e4 vedell\u00e4 t\u00e4ytettyyn tuoksulyhtyyn muutama tippa eteerist\u00e4 \u00f6ljy\u00e4. Voit lis\u00e4t\u00e4 my\u00f6s muutaman tipan suihkepullon veteen ja sumuttaa hyv\u00e4\u00e4 tuoksua huoneeseen. Eteerist\u00e4 \u00f6ljy\u00e4 voit pirskotella my\u00f6s esim. lakanoille, matoille ja hiirenkoloihin.<\/p>\n<p><strong>Suihku tai kylpy:<\/strong><br \/>\nLis\u00e4\u00e4 mieltymyksesi mukaan 5-10 tippaa eteerist\u00e4 \u00f6ljy\u00e4 1 rkl:een kermaa tai liuosmaista neutraalia suihkusaippuaa. K\u00e4yt\u00e4 liuosta suihkussa, kylvyss\u00e4 tai jalkakylvyss\u00e4 ja helli itse\u00e4si kuin l\u00e4heisi\u00e4sikin. Kylpyaika 15 \u2013 20 minuuttia.<\/p>\n<p><strong>Vartalo\u00f6ljy:<\/strong><br \/>\nLis\u00e4\u00e4 mieltymyksesi mukaan muutamia (1-2) tippoja eteerist\u00e4 \u00f6ljy\u00e4 yhteen ruokalusikalliseen (n. 5ml) neutraalia ihonhoito\u00f6ljyj\u00e4 (esim. Aroma perushieronta\u00f6ljy, Frantsilan yrttihieronta\u00f6ljy, Auringonkukan siemen\u00f6ljy, Viiniryp\u00e4leen siemen\u00f6ljy tai Ayurvedinen hoito\u00f6ljy (Vata, Pitta, Kapha, Shirodara)). Helli n\u00e4in hieroen kehoasi ja mielt\u00e4si.<\/p>\n<p><strong>Sauna:<\/strong><br \/>\nLis\u00e4\u00e4 1 \u2013 3 tippaa l\u00f6ylykauhalliseen vett\u00e4<\/p>\n<p><strong>Kasvojen kauneush\u00f6yrytys ja h\u00f6yryhengitys:<\/strong><br \/>\nLis\u00e4\u00e4 2 \u2013 3 tippaa eteerist\u00e4 \u00f6ljy\u00e4 1 \u2013 2 litraan kuumaa vett\u00e4 ja pid\u00e4 kasvot pyyhkeen alla 2 \u2013 3 minuuttia. Varo silmi\u00e4.<\/p>\n<p><strong>Pyyhehauteet:<\/strong><br \/>\nIholle asetettaviin kylmiin tai l\u00e4mpimiin pyyhehauteisiin k\u00e4ytet\u00e4\u00e4n 1-2 tippaa eteerist\u00e4 \u00f6ljy\u00e4 kostutettuun pyyhkeeseen tiputettuna. Voit tehd\u00e4 my\u00f6s \u00f6ljyhauteen esim. kasvoille (1-2 tippaa 5ml kohti perus\u00f6ljy) asettaen kosteat pyyhkeet p\u00e4\u00e4lle.<\/p>\n<p><strong>\u00d6ljyparfyymi:<\/strong><br \/>\nK\u00e4yt\u00e4 parfyymin tapaan \u2013 tosin vain hyvin v\u00e4h\u00e4n \u2013 ranteeseesi ja korvan taustaasi. Tee t\u00e4ll\u00f6in laimennus esim. jojoba\u00f6ljyyn (10-20 tippaa eteerist\u00e4 \u00f6ljy\u00e4 10 ml kohti). Eteerist\u00e4 \u00f6ljy\u00e4 voi k\u00e4ytt\u00e4\u00e4 my\u00f6s sellaisenaan muutaman pisaran vaatteille, ei silkille. V\u00e4rilliset eteeriset \u00f6ljyt kuten patsuli ja mandariini voivat j\u00e4tt\u00e4\u00e4 v\u00e4ritahroja.<\/p>\n<p>&nbsp;<\/p>\n<p>396,67 \u20ac\/L<\/p>\n<p>&nbsp;<\/p>\n","protected":false},"excerpt":{"rendered":"<p>Eucalyptus radiata (eukalyptus, eteerinen \u00f6ljy), Mentha x piperita (piparminttu, eteerinen \u00f6ljy), Thymus vulgaris (timjami, eteerinen \u00f6ljy), Lavandula angustifolia (laventeli, eteerinen \u00f6ljy), Pinus sylvestris (m\u00e4nty, eteerinen \u00f6ljy).<\/p>\n","protected":false},"featured_media":9596,"comment_status":"closed","ping_status":"closed","template":"","meta":{"_acf_changed":false},"pwb-brand":[365],"product_brand":[],"product_cat":[214,221,285],"product_tag":[],"class_list":{"0":"post-10771","1":"product","2":"type-product","3":"status-publish","4":"has-post-thumbnail","6":"pwb-brand-frantsila-fi","7":"product_cat-eteeriset-oljyt","8":"product_cat-saunatuotteet","9":"product_cat-eteeriset-oljyt-fi","11":"first","12":"outofstock","13":"shipping-taxable","14":"purchasable","15":"product-type-simple"},"acf":[],"brands":[{"id":365,"name":"Frantsila","slug":"frantsila-fi"}],"_links":{"self":[{"href":"https:\/\/tervisetoode.ee\/fi\/wp-json\/wp\/v2\/product\/10771","targetHints":{"allow":["GET"]}}],"collection":[{"href":"https:\/\/tervisetoode.ee\/fi\/wp-json\/wp\/v2\/product"}],"about":[{"href":"https:\/\/tervisetoode.ee\/fi\/wp-json\/wp\/v2\/types\/product"}],"replies":[{"embeddable":true,"href":"https:\/\/tervisetoode.ee\/fi\/wp-json\/wp\/v2\/comments?post=10771"}],"wp:featuredmedia":[{"embeddable":true,"href":"https:\/\/tervisetoode.ee\/fi\/wp-json\/wp\/v2\/media\/9596"}],"wp:attachment":[{"href":"https:\/\/tervisetoode.ee\/fi\/wp-json\/wp\/v2\/media?parent=10771"}],"wp:term":[{"taxonomy":"pwb-brand","embeddable":true,"href":"https:\/\/tervisetoode.ee\/fi\/wp-json\/wp\/v2\/pwb-brand?post=10771"},{"taxonomy":"product_brand","embeddable":true,"href":"https:\/\/tervisetoode.ee\/fi\/wp-json\/wp\/v2\/product_brand?post=10771"},{"taxonomy":"product_cat","embeddable":true,"href":"https:\/\/tervisetoode.ee\/fi\/wp-json\/wp\/v2\/product_cat?post=10771"},{"taxonomy":"product_tag","embeddable":true,"href":"https:\/\/tervisetoode.ee\/fi\/wp-json\/wp\/v2\/product_tag?post=10771"}],"curies":[{"name":"wp","href":"https:\/\/api.w.org\/{rel}","templated":true}]}}